{"id":9738,"date":"2022-02-08T17:53:14","date_gmt":"2022-02-08T16:53:14","guid":{"rendered":"https:\/\/www.artieinventive.it\/?post_type=product&#038;p=9738"},"modified":"2023-11-22T12:36:18","modified_gmt":"2023-11-22T11:36:18","slug":"forme-sagome-in-legno-personalizzate","status":"publish","type":"product","link":"https:\/\/www.artieinventive.it\/pt\/bottega\/shop\/placas-2\/formas-de-madeira-personalizadas\/","title":{"rendered":"Formas e formas personalizadas de madeira maci\u00e7a"},"content":{"rendered":"<p>Qualquer que seja a forma, design ou silhueta que voc\u00ea tenha em mente, pode se tornar realidade gra\u00e7as ao nosso <strong>formas personalizadas de madeira maci\u00e7a<\/strong>.<\/p>\n<p>Para estes<strong> formas de madeira personalizadas<\/strong> voc\u00ea pode escolher entre abeto maci\u00e7o, castanheiro, freixo, mogno, toulipier, okoum\u00e8, wengu\u00e9, nogueira, carvalho e em diferentes espessuras de 5mm a 3cm.<\/p>\n<p>Voc\u00ea tamb\u00e9m pode colori-los <strong>formas e formas de madeira personalizadas<\/strong> como preferir, podendo tamb\u00e9m escolher o m\u00e9todo de fixa\u00e7\u00e3o.<\/p>\n<p>Com o nosso<strong> formas e formas de madeira personalizadas<\/strong>, voc\u00ea tem total liberdade sobre seu mundo criativo!<\/p>\n<p>Envie-nos o seu desenho\/esbo\u00e7o\/ficheiro ou ilustre o seu projeto, estamos dispon\u00edveis para transformar qualquer uma das suas ideias em realidade <strong>formas e formas de madeira personalizadas<\/strong>.<\/p>","protected":false},"excerpt":{"rendered":"<p>Qualquer que seja a forma, design ou silhueta que voc\u00ea tenha em mente, pode se tornar realidade gra\u00e7as \u00e0s nossas formas personalizadas de madeira maci\u00e7a. Para estas formas de madeira personalizadas pode escolher entre abeto maci\u00e7o, castanheiro, freixo, mogno, toulipier, okoum\u00e8, weng\u00e8, nogueira, carvalho e em diferentes espessuras de 5mm a 3cm. Voc\u00ea tamb\u00e9m pode colorir as formas e [\u2026]<\/p>","protected":false},"featured_media":16795,"template":"","meta":[],"product_brand":[],"product_cat":[1264,24],"product_tag":[1271,1272,1273,1274],"class_list":{"0":"post-9738","1":"product","2":"type-product","3":"status-publish","4":"has-post-thumbnail","6":"product_cat-forme-e-sagome","7":"product_cat-targhe","8":"product_tag-forme-in-legno-massello-personalizzate","9":"product_tag-forme-in-legno-personalizzate","10":"product_tag-sagome-in-legno-personalizzate","11":"product_tag-tagliere-in-legno-personalizzato","13":"first","14":"instock","15":"shipping-taxable","16":"purchasable","17":"product-type-simple"},"aioseo_notices":[],"_links":{"self":[{"href":"https:\/\/www.artieinventive.it\/pt\/wp-json\/wp\/v2\/product\/9738","targetHints":{"allow":["GET"]}}],"collection":[{"href":"https:\/\/www.artieinventive.it\/pt\/wp-json\/wp\/v2\/product"}],"about":[{"href":"https:\/\/www.artieinventive.it\/pt\/wp-json\/wp\/v2\/types\/product"}],"wp:featuredmedia":[{"embeddable":true,"href":"https:\/\/www.artieinventive.it\/pt\/wp-json\/wp\/v2\/media\/16795"}],"wp:attachment":[{"href":"https:\/\/www.artieinventive.it\/pt\/wp-json\/wp\/v2\/media?parent=9738"}],"wp:term":[{"taxonomy":"product_brand","embeddable":true,"href":"https:\/\/www.artieinventive.it\/pt\/wp-json\/wp\/v2\/product_brand?post=9738"},{"taxonomy":"product_cat","embeddable":true,"href":"https:\/\/www.artieinventive.it\/pt\/wp-json\/wp\/v2\/product_cat?post=9738"},{"taxonomy":"product_tag","embeddable":true,"href":"https:\/\/www.artieinventive.it\/pt\/wp-json\/wp\/v2\/product_tag?post=9738"}],"curies":[{"name":"wp","href":"https:\/\/api.w.org\/{rel}","templated":true}]}}