{"id":718,"date":"2016-10-29T15:37:28","date_gmt":"2016-10-29T13:37:28","guid":{"rendered":"https:\/\/www.artieinventive.it\/?post_type=product&#038;p=718"},"modified":"2019-03-19T19:37:38","modified_gmt":"2019-03-19T18:37:38","slug":"scatola-musicale-rotonda-personalizzata","status":"publish","type":"product","link":"https:\/\/www.artieinventive.it\/pt\/bottega\/shop\/sinos-e-caixas-de-musica\/caixa-de-musica-redonda-personalizada\/","title":{"rendered":"Caixa de m\u00fasica redonda personalizada"},"content":{"rendered":"<p>Esta caixa de m\u00fasica redonda \u00e9 feita de madeira maci\u00e7a, protegida com verniz incolor e acabada com cera de abelha perfumada.<\/p>\n<p>Um objeto \u00fanico que pode personalizar com a sua m\u00fasica preferida, s\u00edmbolo com escrita personalizada na tampa e uma cor \u00e0 sua escolha.<\/p>\n<p>\u00c9 o presente perfeito para um anivers\u00e1rio, data comemorativa e tamb\u00e9m \u00e9 ideal como uma lembran\u00e7a luxuosa e original para o seu casamento ou batizado.<\/p>\n<p>Como funciona ver seu s\u00edmbolo feito na caixa de m\u00fasica?<\/p>\n<p>Como voc\u00ea pode ver na foto do produto, representa uma chave com asas, basta anexar ao seu pedido um rascunho da imagem, de prefer\u00eancia em 1 cor e definida para poder represent\u00e1-la em relevo na madeira.<\/p>\n<p>Em qualquer caso, iremos acompanh\u00e1-lo passo a passo na implementa\u00e7\u00e3o para chegar ao resultado final que deseja.<\/p>\n<!--[if lt IE 9]><script>document.createElement('audio');<\/script><![endif]-->\n\t<div class=\"wp-playlist wp-audio-playlist wp-playlist-light\">\n\t\t\t<div class=\"wp-playlist-current-item\"><\/div>\n\t\t<audio controls=\"controls\" preload=\"none\" width=\"618\"\n\t\t\t><\/audio>\n\t<div class=\"wp-playlist-next\"><\/div>\n\t<div class=\"wp-playlist-prev\"><\/div>\n\t<noscript>\n\t<ol>\n\t\t<li><a href='https:\/\/www.artieinventive.it\/wp-content\/uploads\/2016\/01\/romeo_and_juliet.mp3'>Romeu e Julieta<\/a><\/li><li><a href='https:\/\/www.artieinventive.it\/wp-content\/uploads\/2016\/01\/per_elisa.mp3'>Para Elisa<\/a><\/li><li><a href='https:\/\/www.artieinventive.it\/wp-content\/uploads\/2016\/01\/love_story.mp3'>Romance<\/a><\/li><li><a href='https:\/\/www.artieinventive.it\/wp-content\/uploads\/2016\/01\/lago_dei_cigni.mp3'>Lamento dos cisnes<\/a><\/li><li><a href='https:\/\/www.artieinventive.it\/wp-content\/uploads\/2016\/01\/jingle_bells.mp3'>Os sinos de tinir<\/a><\/li><li><a href='https:\/\/www.artieinventive.it\/wp-content\/uploads\/2016\/01\/happy_birthday_to_you.mp3'>Feliz Anivers\u00e1rio<\/a><\/li><li><a href='https:\/\/www.artieinventive.it\/wp-content\/uploads\/2016\/01\/edelweiss.mp3'>Edelweiss<\/a><\/li><li><a href='https:\/\/www.artieinventive.it\/wp-content\/uploads\/2016\/01\/bridal_march.mp3'>Marcha nupcial<\/a><\/li><li><a href='https:\/\/www.artieinventive.it\/wp-content\/uploads\/2016\/01\/blu_danube.mp3'>Dan\u00fabio Azul<\/a><\/li>\t<\/ol>\n\t<\/noscript>\n\t<script type=\"application\/json\" class=\"wp-playlist-script\">{\"type\":\"audio\",\"tracklist\":true,\"tracknumbers\":true,\"images\":false,\"artists\":false,\"tracks\":[{\"src\":\"https:\\\/\\\/www.artieinventive.it\\\/wp-content\\\/uploads\\\/2016\\\/01\\\/romeo_and_juliet.mp3\",\"type\":\"audio\\\/mpeg\",\"title\":\"Romeo & Juliet\",\"caption\":\"\",\"description\":\"\",\"meta\":{\"length_formatted\":\"0:15\"},\"image\":{\"src\":\"https:\\\/\\\/www.artieinventive.it\\\/wp-includes\\\/images\\\/media\\\/audio.svg\",\"width\":48,\"height\":64},\"thumb\":{\"src\":\"https:\\\/\\\/www.artieinventive.it\\\/wp-includes\\\/images\\\/media\\\/audio.svg\",\"width\":48,\"height\":64}},{\"src\":\"https:\\\/\\\/www.artieinventive.it\\\/wp-content\\\/uploads\\\/2016\\\/01\\\/per_elisa.mp3\",\"type\":\"audio\\\/mpeg\",\"title\":\"Per Elisa\",\"caption\":\"\",\"description\":\"\",\"meta\":{\"length_formatted\":\"0:15\"},\"image\":{\"src\":\"https:\\\/\\\/www.artieinventive.it\\\/wp-includes\\\/images\\\/media\\\/audio.svg\",\"width\":48,\"height\":64},\"thumb\":{\"src\":\"https:\\\/\\\/www.artieinventive.it\\\/wp-includes\\\/images\\\/media\\\/audio.svg\",\"width\":48,\"height\":64}},{\"src\":\"https:\\\/\\\/www.artieinventive.it\\\/wp-content\\\/uploads\\\/2016\\\/01\\\/love_story.mp3\",\"type\":\"audio\\\/mpeg\",\"title\":\"Love story\",\"caption\":\"\",\"description\":\"\",\"meta\":{\"length_formatted\":\"0:16\"},\"image\":{\"src\":\"https:\\\/\\\/www.artieinventive.it\\\/wp-includes\\\/images\\\/media\\\/audio.svg\",\"width\":48,\"height\":64},\"thumb\":{\"src\":\"https:\\\/\\\/www.artieinventive.it\\\/wp-includes\\\/images\\\/media\\\/audio.svg\",\"width\":48,\"height\":64}},{\"src\":\"https:\\\/\\\/www.artieinventive.it\\\/wp-content\\\/uploads\\\/2016\\\/01\\\/lago_dei_cigni.mp3\",\"type\":\"audio\\\/mpeg\",\"title\":\"Lagno dei cigni\",\"caption\":\"\",\"description\":\"\",\"meta\":{\"length_formatted\":\"0:16\"},\"image\":{\"src\":\"https:\\\/\\\/www.artieinventive.it\\\/wp-includes\\\/images\\\/media\\\/audio.svg\",\"width\":48,\"height\":64},\"thumb\":{\"src\":\"https:\\\/\\\/www.artieinventive.it\\\/wp-includes\\\/images\\\/media\\\/audio.svg\",\"width\":48,\"height\":64}},{\"src\":\"https:\\\/\\\/www.artieinventive.it\\\/wp-content\\\/uploads\\\/2016\\\/01\\\/jingle_bells.mp3\",\"type\":\"audio\\\/mpeg\",\"title\":\"Jingle bells\",\"caption\":\"\",\"description\":\"\",\"meta\":{\"length_formatted\":\"0:15\"},\"image\":{\"src\":\"https:\\\/\\\/www.artieinventive.it\\\/wp-includes\\\/images\\\/media\\\/audio.svg\",\"width\":48,\"height\":64},\"thumb\":{\"src\":\"https:\\\/\\\/www.artieinventive.it\\\/wp-includes\\\/images\\\/media\\\/audio.svg\",\"width\":48,\"height\":64}},{\"src\":\"https:\\\/\\\/www.artieinventive.it\\\/wp-content\\\/uploads\\\/2016\\\/01\\\/happy_birthday_to_you.mp3\",\"type\":\"audio\\\/mpeg\",\"title\":\"Buon compleanno a te\",\"caption\":\"\",\"description\":\"\",\"meta\":{\"genre\":\"Other\",\"length_formatted\":\"0:16\"},\"image\":{\"src\":\"https:\\\/\\\/www.artieinventive.it\\\/wp-includes\\\/images\\\/media\\\/audio.svg\",\"width\":48,\"height\":64},\"thumb\":{\"src\":\"https:\\\/\\\/www.artieinventive.it\\\/wp-includes\\\/images\\\/media\\\/audio.svg\",\"width\":48,\"height\":64}},{\"src\":\"https:\\\/\\\/www.artieinventive.it\\\/wp-content\\\/uploads\\\/2016\\\/01\\\/edelweiss.mp3\",\"type\":\"audio\\\/mpeg\",\"title\":\"Edelweiss\",\"caption\":\"\",\"description\":\"\",\"meta\":{\"genre\":\"Other\",\"length_formatted\":\"0:16\"},\"image\":{\"src\":\"https:\\\/\\\/www.artieinventive.it\\\/wp-includes\\\/images\\\/media\\\/audio.svg\",\"width\":48,\"height\":64},\"thumb\":{\"src\":\"https:\\\/\\\/www.artieinventive.it\\\/wp-includes\\\/images\\\/media\\\/audio.svg\",\"width\":48,\"height\":64}},{\"src\":\"https:\\\/\\\/www.artieinventive.it\\\/wp-content\\\/uploads\\\/2016\\\/01\\\/bridal_march.mp3\",\"type\":\"audio\\\/mpeg\",\"title\":\"Marcia nuziale\",\"caption\":\"\",\"description\":\"\",\"meta\":{\"genre\":\"Other\",\"length_formatted\":\"0:16\"},\"image\":{\"src\":\"https:\\\/\\\/www.artieinventive.it\\\/wp-includes\\\/images\\\/media\\\/audio.svg\",\"width\":48,\"height\":64},\"thumb\":{\"src\":\"https:\\\/\\\/www.artieinventive.it\\\/wp-includes\\\/images\\\/media\\\/audio.svg\",\"width\":48,\"height\":64}},{\"src\":\"https:\\\/\\\/www.artieinventive.it\\\/wp-content\\\/uploads\\\/2016\\\/01\\\/blu_danube.mp3\",\"type\":\"audio\\\/mpeg\",\"title\":\"Blue Danube\",\"caption\":\"\",\"description\":\"\",\"meta\":{\"length_formatted\":\"0:15\"},\"image\":{\"src\":\"https:\\\/\\\/www.artieinventive.it\\\/wp-includes\\\/images\\\/media\\\/audio.svg\",\"width\":48,\"height\":64},\"thumb\":{\"src\":\"https:\\\/\\\/www.artieinventive.it\\\/wp-includes\\\/images\\\/media\\\/audio.svg\",\"width\":48,\"height\":64}}]}<\/script>\n<\/div>","protected":false},"excerpt":{"rendered":"<p>Esta caixa de m\u00fasica redonda \u00e9 feita de madeira maci\u00e7a, protegida com verniz incolor e acabada com cera de abelha perfumada. Um objeto \u00fanico que pode personalizar com a sua m\u00fasica preferida, s\u00edmbolo com escrita personalizada na tampa e uma cor \u00e0 sua escolha. \u00c9 o presente perfeito para um anivers\u00e1rio, data comemorativa e tamb\u00e9m \u00e9 ideal como um luxuoso e original [\u2026]<\/p>","protected":false},"featured_media":731,"template":"","meta":[],"product_brand":[],"product_cat":[124,123,122,14,28,93,27,29,94],"product_tag":[133,134,135,136,137,139],"class_list":{"0":"post-718","1":"product","2":"type-product","3":"status-publish","4":"has-post-thumbnail","6":"product_cat-bomboniere-per-anniversari-e-celebrazioni","7":"product_cat-bomboniere-per-matrimoni","8":"product_cat-bomboniere-per-nascita","9":"product_cat-carillons-e-scatole-musicali","10":"product_cat-idee-per-battesimo","11":"product_cat-idee-per-festa-della-mamma","12":"product_cat-idee-per-matrimonio","13":"product_cat-idee-per-nascita","14":"product_cat-idee-per-san-valentino","15":"product_tag-carillon","16":"product_tag-carillon-originale","17":"product_tag-carillon-personalizzato","18":"product_tag-scatola-musicale","19":"product_tag-scatola-musicale-originale","20":"product_tag-scatola-musicale-personalizzata","22":"first","23":"instock","24":"sale","25":"shipping-taxable","26":"purchasable","27":"product-type-simple"},"aioseo_notices":[],"_links":{"self":[{"href":"https:\/\/www.artieinventive.it\/pt\/wp-json\/wp\/v2\/product\/718","targetHints":{"allow":["GET"]}}],"collection":[{"href":"https:\/\/www.artieinventive.it\/pt\/wp-json\/wp\/v2\/product"}],"about":[{"href":"https:\/\/www.artieinventive.it\/pt\/wp-json\/wp\/v2\/types\/product"}],"wp:featuredmedia":[{"embeddable":true,"href":"https:\/\/www.artieinventive.it\/pt\/wp-json\/wp\/v2\/media\/731"}],"wp:attachment":[{"href":"https:\/\/www.artieinventive.it\/pt\/wp-json\/wp\/v2\/media?parent=718"}],"wp:term":[{"taxonomy":"product_brand","embeddable":true,"href":"https:\/\/www.artieinventive.it\/pt\/wp-json\/wp\/v2\/product_brand?post=718"},{"taxonomy":"product_cat","embeddable":true,"href":"https:\/\/www.artieinventive.it\/pt\/wp-json\/wp\/v2\/product_cat?post=718"},{"taxonomy":"product_tag","embeddable":true,"href":"https:\/\/www.artieinventive.it\/pt\/wp-json\/wp\/v2\/product_tag?post=718"}],"curies":[{"name":"wp","href":"https:\/\/api.w.org\/{rel}","templated":true}]}}