{"id":26365,"date":"2024-01-16T05:41:13","date_gmt":"2024-01-16T04:41:13","guid":{"rendered":"https:\/\/www.artieinventive.it\/?post_type=product&#038;p=26365"},"modified":"2025-11-29T16:45:54","modified_gmt":"2025-11-29T15:45:54","slug":"mattonella-in-cotto-personalizzata","status":"publish","type":"product","link":"https:\/\/www.artieinventive.it\/pt\/bottega\/shop\/ideias-de-casamento\/azulejo-de-terracota-personalizado\/","title":{"rendered":"Ladrilho de terracota personalizado"},"content":{"rendered":"<p><strong>D\u00ea vida ao seu espa\u00e7o com um ladrilho de terracota personalizado: impress\u00e3o UV colorida para imagens, texto e muito mais!<\/strong><\/p>\n<p>Mergulhe na originalidade com nosso extraordin\u00e1rio <strong>azulejo de terracota personalizado<\/strong>, onde a impress\u00e3o UV colorida transforma seu ambiente em uma express\u00e3o \u00fanica de estilo.<\/p>\n<h3><strong>Caracter\u00edsticas \u00fanicas:<\/strong><\/h3>\n<ul>\n<li><strong>Tamanho personalizado:<\/strong> Ajuste as propor\u00e7\u00f5es do ladrilho ao seu espa\u00e7o com precis\u00e3o.<\/li>\n<li><strong>Quadros Diferentes:<\/strong> Escolha entre uma variedade de molduras para personalizar seu estilo.<\/li>\n<li><strong>Impress\u00e3o UV colorida:<\/strong> Adicione detalhes vibrantes com impress\u00e3o colorida para fotos, texto e muito mais.<\/li>\n<li><strong>Acabamento Interno ou Externo:<\/strong> Personalize o acabamento para garantir um impacto duradouro em seu ambiente.<\/li>\n<\/ul>\n<h3><strong>Vantagens da nossa telha de terracota impressa em UV:<\/strong><\/h3>\n<ul>\n<li><strong>Exclusividade Absoluta:<\/strong> Cada pe\u00e7a \u00e9 uma cria\u00e7\u00e3o \u00fanica, feita sob medida para voc\u00ea.<\/li>\n<li><strong>Eleg\u00e2ncia do Cotto:<\/strong> Materiais de alta qualidade para um toque tradicional e dur\u00e1vel.<\/li>\n<li><strong>Design Adapt\u00e1vel:<\/strong> Perfeito para qualquer estilo arquitet\u00f4nico, do moderno ao cl\u00e1ssico.<\/li>\n<\/ul>\n<p>Expresse sua personalidade sem limites! Compre o seu hoje <strong>ladrilho de terracota personalizado com impress\u00e3o UV colorida<\/strong> e transforme seu espa\u00e7o em uma obra-prima de criatividade!<\/p>","protected":false},"excerpt":{"rendered":"<p>D\u00ea vida ao seu espa\u00e7o com um ladrilho de terracota personalizado: impress\u00e3o UV colorida para imagens, texto e muito mais! Mergulhe na originalidade com o nosso extraordin\u00e1rio azulejo de terracota personalizado, onde a impress\u00e3o UV a cores transforma o seu ambiente numa express\u00e3o \u00fanica de estilo. Recursos exclusivos: Dimens\u00f5es personalizadas: Adapte as propor\u00e7\u00f5es do ladrilho a [\u2026]<\/p>","protected":false},"featured_media":26380,"template":"","meta":[],"product_brand":[],"product_cat":[28,93,27,29,1282,94,1183,1407,95],"product_tag":[1422,1425,1414,1413,1421,1424,1410,1401,1400,1416,1423,1415,1411,1418,1408,1417,1419,1420,1387,1409,1395,1412],"class_list":{"0":"post-26365","1":"product","2":"type-product","3":"status-publish","4":"has-post-thumbnail","6":"product_cat-idee-per-battesimo","7":"product_cat-idee-per-festa-della-mamma","8":"product_cat-idee-per-matrimonio","9":"product_cat-idee-per-nascita","10":"product_cat-idee-per-natale","11":"product_cat-idee-per-san-valentino","12":"product_cat-insegne","13":"product_cat-mattonelle","14":"product_cat-shop","15":"product_tag-arte-su-mattonella","16":"product_tag-capolavoro-personalizzato-in-cotto","17":"product_tag-colori-vibranti","18":"product_tag-cornici-in-cotto","19":"product_tag-creativita-in-cotto","20":"product_tag-decorazione-in-cotto","21":"product_tag-design-su-mattonella","22":"product_tag-eleganza-del-cotto","23":"product_tag-esclusivita-in-cotto","24":"product_tag-finitura-su-mattonella","25":"product_tag-materiali-di-alta-qualita","26":"product_tag-mattonella-artistica","27":"product_tag-mattonella-con-foto","28":"product_tag-mattonella-esterna","29":"product_tag-mattonella-in-cotto-personalizzata","30":"product_tag-mattonella-interna","31":"product_tag-mattonella-su-ordinazione","32":"product_tag-mattonella-unica","33":"product_tag-personalizzazione-in-cotto","34":"product_tag-stampa-uv-su-mattonella","35":"product_tag-stile-architettonico-in-cotto","36":"product_tag-testi-personalizzati-su-cotto","38":"first","39":"instock","40":"shipping-taxable","41":"purchasable","42":"product-type-simple"},"aioseo_notices":[],"_links":{"self":[{"href":"https:\/\/www.artieinventive.it\/pt\/wp-json\/wp\/v2\/product\/26365","targetHints":{"allow":["GET"]}}],"collection":[{"href":"https:\/\/www.artieinventive.it\/pt\/wp-json\/wp\/v2\/product"}],"about":[{"href":"https:\/\/www.artieinventive.it\/pt\/wp-json\/wp\/v2\/types\/product"}],"wp:featuredmedia":[{"embeddable":true,"href":"https:\/\/www.artieinventive.it\/pt\/wp-json\/wp\/v2\/media\/26380"}],"wp:attachment":[{"href":"https:\/\/www.artieinventive.it\/pt\/wp-json\/wp\/v2\/media?parent=26365"}],"wp:term":[{"taxonomy":"product_brand","embeddable":true,"href":"https:\/\/www.artieinventive.it\/pt\/wp-json\/wp\/v2\/product_brand?post=26365"},{"taxonomy":"product_cat","embeddable":true,"href":"https:\/\/www.artieinventive.it\/pt\/wp-json\/wp\/v2\/product_cat?post=26365"},{"taxonomy":"product_tag","embeddable":true,"href":"https:\/\/www.artieinventive.it\/pt\/wp-json\/wp\/v2\/product_tag?post=26365"}],"curies":[{"name":"wp","href":"https:\/\/api.w.org\/{rel}","templated":true}]}}