{"id":26164,"date":"2024-01-07T19:54:57","date_gmt":"2024-01-07T18:54:57","guid":{"rendered":"https:\/\/www.artieinventive.it\/?post_type=product&#038;p=26164"},"modified":"2024-01-07T20:10:02","modified_gmt":"2024-01-07T19:10:02","slug":"tagliere-personalizzato-in-legno","status":"publish","type":"product","link":"https:\/\/www.artieinventive.it\/pt\/bottega\/shop\/ideias-de-casamento\/tabua-de-corte-de-madeira-personalizada\/","title":{"rendered":"T\u00e1bua de corte de madeira personalizada"},"content":{"rendered":"<p><strong>Versatilidade artesanal: t\u00e1bua de cortar madeira personalizada da Arti&amp;Inventive<\/strong><\/p>\n<p>Bem-vindo ao mundo do <strong>Artes e Inventividade<\/strong>, onde a dedica\u00e7\u00e3o ao artesanato e a paix\u00e3o pela culin\u00e1ria se unem. Descubra a excel\u00eancia nos detalhes com os nossos <strong>t\u00e1buas de corte personalizadas<\/strong>, feito com artesanato especializado e dispon\u00edvel em duas op\u00e7\u00f5es de materiais extraordin\u00e1rios: madeira maci\u00e7a e compensado multicamadas.<\/p>\n<p>Tudo est\u00e1 bem <strong>t\u00e1bua de corte exclusiva<\/strong> \u00e9 concebido com precis\u00e3o, com o trabalho artesanal que distingue a nossa marca. Personalize o seu <strong>t\u00e1bua de corte de madeira maci\u00e7a<\/strong> para um toque cl\u00e1ssico e robusto, ou opte por contraplacado multicamadas para uma solu\u00e7\u00e3o vers\u00e1til e pr\u00e1tica.<\/p>\n<p>Para personaliza\u00e7\u00e3o, oferecemos duas t\u00e9cnicas de impress\u00e3o de alta qualidade:<\/p>\n<ul>\n<li><strong>Grava\u00e7\u00e3o a Laser:<\/strong> Adicione um toque de classe com gravuras detalhadas, ideais para padr\u00f5es complexos, textos personalizados e designs sutis. O efeito escuro ou queimado confere \u00e0 sua t\u00e1bua um toque artesanal e refinado.<\/li>\n<li><strong>Impress\u00e3o em cores direta UV:<\/strong> Explore a vibra\u00e7\u00e3o das cores com impress\u00f5es UV diretas que permitem detalhes vibrantes e uma gama completa de cores. Ideal para impress\u00f5es fotogr\u00e1ficas, logotipos coloridos e designs complexos, essa t\u00e9cnica proporciona uma apar\u00eancia suave na superf\u00edcie da t\u00e1bua de corte.<\/li>\n<\/ul>\n<p>Nossa cole\u00e7\u00e3o oferece solu\u00e7\u00f5es para cada necessidade culin\u00e1ria. Quer voc\u00ea escolha a precis\u00e3o da grava\u00e7\u00e3o a laser ou a vibra\u00e7\u00e3o da impress\u00e3o UV, cada t\u00e1bua de corte \u00e9 projetada para o m\u00e1ximo <strong>sustentabilidade<\/strong> e <strong>eleg\u00e2ncia<\/strong>.<\/p>\n<p>D\u00ea a si mesmo um toque de <strong>rusticidade elegante<\/strong> com nossas t\u00e1buas de corte minimalistas e refinadas. Quer seja um chef apaixonado ou um amante da comida caseira, encontrar\u00e1 a t\u00e1bua de corte perfeita para cada ocasi\u00e3o. Ofere\u00e7a ou mime-se com uma pe\u00e7a \u00fanica e decorativa, embelezada com gravuras e detalhes que a tornam especial.<\/p>\n<p>Descubra o prazer de cortar, servir e compartilhar com os seus <strong>t\u00e1bua de corte personalizada da Arti&amp;Inventive<\/strong>. Escolha qualidade, escolha artesanato, escolha versatilidade.<\/p>\n<p>Explore j\u00e1 a nossa cole\u00e7\u00e3o e d\u00ea um toque de autenticidade \u00e0 sua cozinha!<\/p>","protected":false},"excerpt":{"rendered":"<p>Versatilidade artesanal: T\u00e1bua de cortar madeira personalizada da Arti&amp;Inventive Bem-vindo ao mundo da Arti&amp;Inventive, onde nossa dedica\u00e7\u00e3o ao artesanato e paix\u00e3o pela culin\u00e1ria se unem. Descubra a excel\u00eancia nos detalhes com nossas t\u00e1buas de corte personalizadas, confeccionadas com habilidade especializada e dispon\u00edveis em duas op\u00e7\u00f5es de materiais impressionantes: madeira maci\u00e7a e compensado. Cada t\u00e1bua de corte exclusiva [...]<\/p>","protected":false},"featured_media":26171,"template":"","meta":[],"product_brand":[],"product_cat":[93,27,29,1282,1312],"product_tag":[1327,1318,1341,1343,1336,1325,1326,1319,1335,1350,1321,1328,1331,1342,1337,1348,1330,1317,1347,1333,1320,1332,1338,1315,1340,1334,1322,1344,1349,1329,1346,1324,1339,1316,1313,1314,1323,1345],"class_list":{"0":"post-26164","1":"product","2":"type-product","3":"status-publish","4":"has-post-thumbnail","6":"product_cat-idee-per-festa-della-mamma","7":"product_cat-idee-per-matrimonio","8":"product_cat-idee-per-nascita","9":"product_cat-idee-per-natale","10":"product_cat-taglieri","11":"product_tag-accessorio-cucina","12":"product_tag-artigianale","13":"product_tag-barbecue","14":"product_tag-bruschette","15":"product_tag-carne","16":"product_tag-chef","17":"product_tag-cibo","18":"product_tag-cucina","19":"product_tag-decorativo","20":"product_tag-design-ergonomico","21":"product_tag-design-unico","22":"product_tag-eco-friendly","23":"product_tag-famiglia","24":"product_tag-finger-food","25":"product_tag-formaggi","26":"product_tag-grande-dimensione","27":"product_tag-incisione","28":"product_tag-legno","29":"product_tag-legno-massello","30":"product_tag-materiale-naturale","31":"product_tag-nome","32":"product_tag-occasione","33":"product_tag-pane","34":"product_tag-personalizzato","35":"product_tag-pizza","36":"product_tag-raffinato","37":"product_tag-regalo","38":"product_tag-salumi","39":"product_tag-scolpito-a-mano","40":"product_tag-sostenibile","41":"product_tag-stile-minimalista","42":"product_tag-stile-rustico","43":"product_tag-sushi","44":"product_tag-tagliere","45":"product_tag-tagliere-personalizzato","46":"product_tag-tagliere-personalizzato-in-legno","47":"product_tag-utensili-da-cucina","48":"product_tag-vegetariano","50":"first","51":"instock","52":"shipping-taxable","53":"purchasable","54":"product-type-simple"},"aioseo_notices":[],"_links":{"self":[{"href":"https:\/\/www.artieinventive.it\/pt\/wp-json\/wp\/v2\/product\/26164","targetHints":{"allow":["GET"]}}],"collection":[{"href":"https:\/\/www.artieinventive.it\/pt\/wp-json\/wp\/v2\/product"}],"about":[{"href":"https:\/\/www.artieinventive.it\/pt\/wp-json\/wp\/v2\/types\/product"}],"wp:featuredmedia":[{"embeddable":true,"href":"https:\/\/www.artieinventive.it\/pt\/wp-json\/wp\/v2\/media\/26171"}],"wp:attachment":[{"href":"https:\/\/www.artieinventive.it\/pt\/wp-json\/wp\/v2\/media?parent=26164"}],"wp:term":[{"taxonomy":"product_brand","embeddable":true,"href":"https:\/\/www.artieinventive.it\/pt\/wp-json\/wp\/v2\/product_brand?post=26164"},{"taxonomy":"product_cat","embeddable":true,"href":"https:\/\/www.artieinventive.it\/pt\/wp-json\/wp\/v2\/product_cat?post=26164"},{"taxonomy":"product_tag","embeddable":true,"href":"https:\/\/www.artieinventive.it\/pt\/wp-json\/wp\/v2\/product_tag?post=26164"}],"curies":[{"name":"wp","href":"https:\/\/api.w.org\/{rel}","templated":true}]}}