{"id":26144,"date":"2024-01-06T22:18:19","date_gmt":"2024-01-06T21:18:19","guid":{"rendered":"https:\/\/www.artieinventive.it\/?post_type=product&#038;p=26144"},"modified":"2024-01-21T15:49:56","modified_gmt":"2024-01-21T14:49:56","slug":"portatovaglioli-in-legno-personalizzato","status":"publish","type":"product","link":"https:\/\/www.artieinventive.it\/pt\/bottega\/shop\/ideias-de-casamento\/porta-guardanapo-de-madeira-personalizado\/","title":{"rendered":"Porta-guardanapos de madeira personalizado"},"content":{"rendered":"<p><strong>Porta-guardanapos de madeira personalizado \u2013 eleg\u00e2ncia e estilo \u00fanicos em ArtieInventive.it<\/strong><\/p>\n<p>Adicione um toque de <strong>refinamento<\/strong> para sua mesa com nosso exclusivo <strong>porta guardanapo de madeira personalizado<\/strong> dispon\u00edvel em ArtieInventive.it. Feito com artesanato especializado, este porta-guardanapos combina a beleza de <strong>madeira natural<\/strong> para a individualidade de <strong>costumiza\u00e7\u00e3o<\/strong>.<\/p>\n<p><strong>Principais caracter\u00edsticas:<\/strong><\/p>\n<ul>\n<li><strong>Madeira de alta qualidade:<\/strong> Cada porta guardanapo \u00e9 feito com <strong>madeira preciosa<\/strong>, garantindo <strong>durabilidade<\/strong> E <strong>resist\u00eancia<\/strong> em tempo.<\/li>\n<li><strong>Personaliza\u00e7\u00e3o exclusiva:<\/strong> Escolha o seu estilo! adicionar <strong>iniciais<\/strong>, <strong>em sua casa<\/strong> ou <strong>mensagens especiais<\/strong> no porta-guardanapos para fazer <strong>exclusivo<\/strong> E <strong>significativo<\/strong>.<\/li>\n<li><strong>M\u00e9todo de impress\u00e3o: <\/strong>Voc\u00ea pode escolher entre grava\u00e7\u00e3o a laser ou impress\u00e3o direta em cores UV<\/li>\n<li><strong>Design elegante:<\/strong> Nossa aten\u00e7\u00e3o aos detalhes se reflete no <strong>design refinado<\/strong> do porta-guardanapos, que se adapta perfeitamente a qualquer ambiente.<\/li>\n<\/ul>\n<p><strong>Por que escolher nosso porta-guardanapos personalizado:<\/strong><\/p>\n<ol>\n<li><strong>Presente inesquec\u00edvel:<\/strong> Ideal para ocasi\u00f5es especiais como <strong>casamentos<\/strong>, <strong>anivers\u00e1rios<\/strong> ou <strong>anivers\u00e1rios<\/strong>, o porta guardanapo personalizado ser\u00e1 um <strong>presente inesquec\u00edvel<\/strong>.<\/li>\n<li><strong>Ecol\u00f3gico:<\/strong> Nosso compromisso com o meio ambiente se traduz na escolha dos materiais <strong>sustent\u00e1vel<\/strong> e em produ\u00e7\u00e3o <strong>respons\u00e1vel<\/strong>.<\/li>\n<li><strong>Experi\u00eancia de compra segura:<\/strong> ArtieInventive.it oferece uma plataforma <strong>seguro<\/strong> E <strong>confi\u00e1vel<\/strong> para uma experi\u00eancia de compra sem preocupa\u00e7\u00f5es.<\/li>\n<\/ol>\n<p>Adicione um toque personalizado \u00e0 sua mesa e fa\u00e7a uma declara\u00e7\u00e3o de estilo com nossos <strong>porta guardanapo de madeira<\/strong>. Escolha o <strong>qualidade<\/strong>, escolha o<strong>eleg\u00e2ncia<\/strong> \u2013 compre agora em ArtieInventive.it!<\/p>","protected":false},"excerpt":{"rendered":"<p>Porta-guardanapos de madeira personalizado - Eleg\u00e2ncia e estilo \u00fanicos em ArtieInventive.it Adicione um toque de requinte \u00e0 sua mesa com nosso porta-guardanapos de madeira personalizado exclusivo dispon\u00edvel em ArtieInventive.it. Feito com artesanato especializado, este porta-guardanapos combina a beleza da madeira natural com a individualidade da personaliza\u00e7\u00e3o. Principais Caracter\u00edsticas: Madeira de Alta Qualidade: Cada porta guardanapo \u00e9 feito [...]<\/p>","protected":false},"featured_media":26150,"template":"","meta":[],"product_brand":[],"product_cat":[28,93,27,29,1282,1309,95],"product_tag":[1310,1311],"class_list":{"0":"post-26144","1":"product","2":"type-product","3":"status-publish","4":"has-post-thumbnail","6":"product_cat-idee-per-battesimo","7":"product_cat-idee-per-festa-della-mamma","8":"product_cat-idee-per-matrimonio","9":"product_cat-idee-per-nascita","10":"product_cat-idee-per-natale","11":"product_cat-portatovaglioli","12":"product_cat-shop","13":"product_tag-portatovaglioli-personalizzato","14":"product_tag-portatovaglioli-stampa-personalizzata-a-colori","16":"first","17":"instock","18":"shipping-taxable","19":"purchasable","20":"product-type-simple"},"aioseo_notices":[],"_links":{"self":[{"href":"https:\/\/www.artieinventive.it\/pt\/wp-json\/wp\/v2\/product\/26144","targetHints":{"allow":["GET"]}}],"collection":[{"href":"https:\/\/www.artieinventive.it\/pt\/wp-json\/wp\/v2\/product"}],"about":[{"href":"https:\/\/www.artieinventive.it\/pt\/wp-json\/wp\/v2\/types\/product"}],"wp:featuredmedia":[{"embeddable":true,"href":"https:\/\/www.artieinventive.it\/pt\/wp-json\/wp\/v2\/media\/26150"}],"wp:attachment":[{"href":"https:\/\/www.artieinventive.it\/pt\/wp-json\/wp\/v2\/media?parent=26144"}],"wp:term":[{"taxonomy":"product_brand","embeddable":true,"href":"https:\/\/www.artieinventive.it\/pt\/wp-json\/wp\/v2\/product_brand?post=26144"},{"taxonomy":"product_cat","embeddable":true,"href":"https:\/\/www.artieinventive.it\/pt\/wp-json\/wp\/v2\/product_cat?post=26144"},{"taxonomy":"product_tag","embeddable":true,"href":"https:\/\/www.artieinventive.it\/pt\/wp-json\/wp\/v2\/product_tag?post=26144"}],"curies":[{"name":"wp","href":"https:\/\/api.w.org\/{rel}","templated":true}]}}