{"id":20986,"date":"2023-01-19T18:12:18","date_gmt":"2023-01-19T17:12:18","guid":{"rendered":"https:\/\/www.artieinventive.it\/?post_type=product&#038;p=20986"},"modified":"2025-11-28T11:16:27","modified_gmt":"2025-11-28T10:16:27","slug":"calendario-dellavvento-in-legno-personalizzato","status":"publish","type":"product","link":"https:\/\/www.artieinventive.it\/pt\/bottega\/shop\/ideias-para-o-natal\/calendario-do-advento-de-madeira-personalizado\/","title":{"rendered":"Calend\u00e1rio do advento de madeira personalizado"},"content":{"rendered":"<p>Explore nosso excepcional <strong>Calend\u00e1rio do advento de madeira personalizado<\/strong>, um complemento perfeito para tornar o seu Natal \u00fanico. Cuidadosamente fabricado em compensado de \u00e1lamo dur\u00e1vel cortado a laser, este <strong>calend\u00e1rio personalizado<\/strong> \u00e9 uma op\u00e7\u00e3o vers\u00e1til e \u00fanica.<\/p>\n<p>As dimens\u00f5es generosas de 61x44x10cm e o interior espa\u00e7oso de cada caixa de 6x6x7cm fazem com que esta <strong>calend\u00e1rio do advento de madeira<\/strong> n\u00e3o s\u00f3 uma bela decora\u00e7\u00e3o, mas tamb\u00e9m uma solu\u00e7\u00e3o pr\u00e1tica para esconder pequenas surpresas.<\/p>\n<p>Personalize o seu <strong>calend\u00e1rio do advento de madeira<\/strong> com op\u00e7\u00f5es como ilumina\u00e7\u00e3o LED, m\u00fasica que pode ser gravada por at\u00e9 4 minutos \u2013 ativada com um simples toque \u2013 e escolha a cor que mais combina com seu estilo natalino.<\/p>\n<p>Adicione um toque \u00fanico colocando palavras personalizadas no topo do telhado <strong>Calend\u00e1rio do advento de madeira personalizado<\/strong>. Escolha entre palavras como &#039;Natal&#039;, &#039;Fam\u00edlia&#039;, &#039;Amor&#039; e muito mais.<\/p>\n<p>N\u00e3o perca a oportunidade de tornar o seu Natal ainda mais especial com este excepcional <strong>calend\u00e1rio personalizado<\/strong>. Descubra mais hoje!<\/p>","protected":false},"excerpt":{"rendered":"<p>Explore o nosso excecional calend\u00e1rio do advento em madeira personalizado, um complemento perfeito para tornar o seu Natal \u00fanico. Cuidadosamente elaborado em compensado de choupo dur\u00e1vel cortado a laser, este calend\u00e1rio personalizado \u00e9 uma op\u00e7\u00e3o vers\u00e1til e exclusiva. As dimens\u00f5es generosas de 61x44x10cm e o interior espa\u00e7oso de cada caixa de 6x6x7cm fazem com que este calend\u00e1rio do advento [\u2026]<\/p>","protected":false},"featured_media":20988,"template":"","meta":[],"product_brand":[],"product_cat":[1282,95],"product_tag":[1360,1362,1364,1284,1286,1366,1285,1283,1352,1358,1361,1331,1363,1367,1357,1354,1351,1355,1359,1353,1369,1365,1356,1368],"class_list":{"0":"post-20986","1":"product","2":"type-product","3":"status-publish","4":"has-post-thumbnail","6":"product_cat-idee-per-natale","7":"product_cat-shop","8":"product_tag-amore","9":"product_tag-artigianato","10":"product_tag-atmosfera-natalizia","11":"product_tag-calendario-avvento-in-legno","12":"product_tag-calendario-dellavvento","13":"product_tag-calendario-dellavvento-in-legno","14":"product_tag-calendario-dellavvento-in-legno-personalizzato","15":"product_tag-calendario-dellavvento-personalizzato","16":"product_tag-decorazione-natalizia","17":"product_tag-decorazioni-natalizie-uniche","18":"product_tag-fai-da-te","19":"product_tag-famiglia","20":"product_tag-festa","21":"product_tag-festa-in-famiglia","22":"product_tag-festivita","23":"product_tag-illuminazione-a-led","24":"product_tag-legno-personalizzato","25":"product_tag-musica-registrabile","26":"product_tag-natale","27":"product_tag-regali-personalizzati","28":"product_tag-regali-speciali","29":"product_tag-regali-unici","30":"product_tag-sorprese-natalizie","31":"product_tag-tradizione-natalizia","33":"first","34":"instock","35":"sale","36":"shipping-taxable","37":"purchasable","38":"product-type-simple"},"aioseo_notices":[],"_links":{"self":[{"href":"https:\/\/www.artieinventive.it\/pt\/wp-json\/wp\/v2\/product\/20986","targetHints":{"allow":["GET"]}}],"collection":[{"href":"https:\/\/www.artieinventive.it\/pt\/wp-json\/wp\/v2\/product"}],"about":[{"href":"https:\/\/www.artieinventive.it\/pt\/wp-json\/wp\/v2\/types\/product"}],"wp:featuredmedia":[{"embeddable":true,"href":"https:\/\/www.artieinventive.it\/pt\/wp-json\/wp\/v2\/media\/20988"}],"wp:attachment":[{"href":"https:\/\/www.artieinventive.it\/pt\/wp-json\/wp\/v2\/media?parent=20986"}],"wp:term":[{"taxonomy":"product_brand","embeddable":true,"href":"https:\/\/www.artieinventive.it\/pt\/wp-json\/wp\/v2\/product_brand?post=20986"},{"taxonomy":"product_cat","embeddable":true,"href":"https:\/\/www.artieinventive.it\/pt\/wp-json\/wp\/v2\/product_cat?post=20986"},{"taxonomy":"product_tag","embeddable":true,"href":"https:\/\/www.artieinventive.it\/pt\/wp-json\/wp\/v2\/product_tag?post=20986"}],"curies":[{"name":"wp","href":"https:\/\/api.w.org\/{rel}","templated":true}]}}