{"id":1849,"date":"2019-01-21T18:41:56","date_gmt":"2019-01-21T17:41:56","guid":{"rendered":"https:\/\/www.artieinventive.it\/?post_type=product&#038;p=1849"},"modified":"2022-07-18T01:59:55","modified_gmt":"2022-07-17T23:59:55","slug":"logo-ducati-corse-personalizzato-in-alluminio","status":"publish","type":"product","link":"https:\/\/www.artieinventive.it\/pt\/bottega\/shop\/textos-personalizados\/logotipo-personalizado-da-ducati-corse-em-aluminio\/","title":{"rendered":"Logotipo Ducati Corse personalizado em alum\u00ednio"},"content":{"rendered":"<p>O <strong>Logotipo Ducati Corse personalizado em alum\u00ednio<\/strong>\u00a0perfeito para sua motocicleta.<\/p>\n<p>Comprando isso\u00a0<strong>Logotipo Ducati Corse personalizado em alum\u00ednio <\/strong>voc\u00ea ter\u00e1 a oportunidade de personaliz\u00e1-lo com seu nome, apelido ou qualquer texto que desejar!<\/p>\n<p>O\u00a0<strong>Logotipo Ducati Corse personalizado em alum\u00ednio <\/strong>tamb\u00e9m \u00e9 adequado como gadget para clubes Ducati e para produ\u00e7\u00e3o em s\u00e9rie personalizada.<\/p>\n<p>O alum\u00ednio usado para fazer isso <strong>Logotipo Ducati Corse personalizado em alum\u00ednio<\/strong>\u00a0\u00e9 da mais alta qualidade, puro em 99,5%, dispon\u00edvel em espessuras de 3 \u2013 4 \u2013 5 mm, leve, resistente ao desgaste e \u00e0 corros\u00e3o.<\/p>\n<p>Se necessita de um log\u00f3tipo semelhante ou de outra marca, n\u00e3o hesite em contactar-nos, atenderemos todas as suas necessidades de personaliza\u00e7\u00e3o.<\/p>","protected":false},"excerpt":{"rendered":"<p>O logotipo Ducati Corse personalizado em alum\u00ednio perfeito para sua moto. Ao adquirir este logotipo personalizado da Ducati Corse em alum\u00ednio voc\u00ea ter\u00e1 a oportunidade de personaliz\u00e1-lo com seu nome, apelido ou qualquer texto que desejar! O logotipo personalizado da Ducati Corse em alum\u00ednio tamb\u00e9m \u00e9 adequado como gadget para clubes Ducati e para produ\u00e7\u00e3o em s\u00e9rie personalizada. [\u2026]<\/p>","protected":false},"featured_media":1887,"template":"","meta":[],"product_brand":[],"product_cat":[278,13],"product_tag":[1138,1136,1139,288,291,287,1140,289,1137,1135],"class_list":{"0":"post-1849","1":"product","2":"type-product","3":"status-publish","4":"has-post-thumbnail","6":"product_cat-loghi-e-marchi","7":"product_cat-scritte-personalizzate","8":"product_tag-ducati-corse","9":"product_tag-ducati-nome-personalizzato","10":"product_tag-ducati-personalizzato","11":"product_tag-emblema-ducati","12":"product_tag-emblema-ducati-in-alluminio","13":"product_tag-logo-ducati","14":"product_tag-logo-ducati-personalizzato","15":"product_tag-marchio-ducati","16":"product_tag-marchio-ducati-corse","17":"product_tag-marchio-ducati-personalizzato","19":"first","20":"instock","21":"shipping-taxable","22":"purchasable","23":"product-type-simple"},"aioseo_notices":[],"_links":{"self":[{"href":"https:\/\/www.artieinventive.it\/pt\/wp-json\/wp\/v2\/product\/1849","targetHints":{"allow":["GET"]}}],"collection":[{"href":"https:\/\/www.artieinventive.it\/pt\/wp-json\/wp\/v2\/product"}],"about":[{"href":"https:\/\/www.artieinventive.it\/pt\/wp-json\/wp\/v2\/types\/product"}],"wp:featuredmedia":[{"embeddable":true,"href":"https:\/\/www.artieinventive.it\/pt\/wp-json\/wp\/v2\/media\/1887"}],"wp:attachment":[{"href":"https:\/\/www.artieinventive.it\/pt\/wp-json\/wp\/v2\/media?parent=1849"}],"wp:term":[{"taxonomy":"product_brand","embeddable":true,"href":"https:\/\/www.artieinventive.it\/pt\/wp-json\/wp\/v2\/product_brand?post=1849"},{"taxonomy":"product_cat","embeddable":true,"href":"https:\/\/www.artieinventive.it\/pt\/wp-json\/wp\/v2\/product_cat?post=1849"},{"taxonomy":"product_tag","embeddable":true,"href":"https:\/\/www.artieinventive.it\/pt\/wp-json\/wp\/v2\/product_tag?post=1849"}],"curies":[{"name":"wp","href":"https:\/\/api.w.org\/{rel}","templated":true}]}}