{"id":16972,"date":"2022-02-17T18:45:10","date_gmt":"2022-02-17T17:45:10","guid":{"rendered":"https:\/\/www.artieinventive.it\/?post_type=product&#038;p=16972"},"modified":"2023-05-21T11:57:02","modified_gmt":"2023-05-21T09:57:02","slug":"forme-e-sagome-in-mdf-personalizzate","status":"publish","type":"product","link":"https:\/\/www.artieinventive.it\/pt\/bottega\/shop\/formas-e-silhuetas\/formas-e-formatos-de-mdf-personalizados\/","title":{"rendered":"Formas e formatos de MDF personalizados"},"content":{"rendered":"<p>Fa\u00e7a qualquer <strong>formato personalizado e formato em MDF<\/strong>.<\/p>\n<p>Carregue o <strong>formato personalizado ou formato em MDF<\/strong> voc\u00ea precisa, se n\u00e3o tiver o vetor pronto, n\u00e3o se preocupe, n\u00f3s reconstru\u00edmos! Ou caso n\u00e3o tenha um arquivo dispon\u00edvel, voc\u00ea pode escrever o formato desejado nas notas do pedido e n\u00f3s o criaremos.<\/p>\n<p>L\u00e1<strong> formato personalizado ou formato em MDF <\/strong>est\u00e1 dispon\u00edvel nas espessuras de 5, 10 e 16mm.<\/p>","protected":false},"excerpt":{"rendered":"<p>Fa\u00e7a qualquer formato e formato personalizado em MDF. Fa\u00e7a upload do formato de MDF personalizado ou formato que voc\u00ea precisa, caso n\u00e3o tenha o vetor pronto, n\u00e3o se preocupe, n\u00f3s reconstru\u00edmos! Ou caso n\u00e3o tenha um arquivo dispon\u00edvel, voc\u00ea pode escrever o formato desejado nas notas do pedido e n\u00f3s o criaremos. A forma ou [\u2026]<\/p>","protected":false},"featured_media":16973,"template":"","meta":[],"product_brand":[],"product_cat":[1264],"product_tag":[1277,1278],"class_list":{"0":"post-16972","1":"product","2":"type-product","3":"status-publish","4":"has-post-thumbnail","6":"product_cat-forme-e-sagome","7":"product_tag-forma-personalizzata-in-mdf","8":"product_tag-sagoma-personalizzata-in-mdf","10":"first","11":"instock","12":"shipping-taxable","13":"purchasable","14":"product-type-simple"},"aioseo_notices":[],"_links":{"self":[{"href":"https:\/\/www.artieinventive.it\/pt\/wp-json\/wp\/v2\/product\/16972","targetHints":{"allow":["GET"]}}],"collection":[{"href":"https:\/\/www.artieinventive.it\/pt\/wp-json\/wp\/v2\/product"}],"about":[{"href":"https:\/\/www.artieinventive.it\/pt\/wp-json\/wp\/v2\/types\/product"}],"wp:featuredmedia":[{"embeddable":true,"href":"https:\/\/www.artieinventive.it\/pt\/wp-json\/wp\/v2\/media\/16973"}],"wp:attachment":[{"href":"https:\/\/www.artieinventive.it\/pt\/wp-json\/wp\/v2\/media?parent=16972"}],"wp:term":[{"taxonomy":"product_brand","embeddable":true,"href":"https:\/\/www.artieinventive.it\/pt\/wp-json\/wp\/v2\/product_brand?post=16972"},{"taxonomy":"product_cat","embeddable":true,"href":"https:\/\/www.artieinventive.it\/pt\/wp-json\/wp\/v2\/product_cat?post=16972"},{"taxonomy":"product_tag","embeddable":true,"href":"https:\/\/www.artieinventive.it\/pt\/wp-json\/wp\/v2\/product_tag?post=16972"}],"curies":[{"name":"wp","href":"https:\/\/api.w.org\/{rel}","templated":true}]}}