{"id":1301,"date":"2018-11-03T08:40:58","date_gmt":"2018-11-03T07:40:58","guid":{"rendered":"https:\/\/www.artieinventive.it\/?post_type=product&#038;p=1301"},"modified":"2021-11-13T18:55:48","modified_gmt":"2021-11-13T17:55:48","slug":"stampa-in-alluminio-3d-da-file","status":"publish","type":"product","link":"https:\/\/www.artieinventive.it\/pt\/bottega\/shop\/textos-personalizados\/impressao-3d-em-aluminio-a-partir-de-arquivo-2\/","title":{"rendered":"Impress\u00e3o 3D em alum\u00ednio a partir de arquivo"},"content":{"rendered":"<p>Qualquer que seja o projeto que voc\u00ea queira realizar em alum\u00ednio, estamos prontos para imprimi-lo em 3D.<\/p>\n<p>Carregue seu arquivo no formato jpg\/gif\/png\/ai\/eps.<\/p>\n<p>Envie-nos seu arquivo, criaremos um <strong>Impress\u00e3o 3D em alum\u00ednio a partir de arquivo<\/strong> transformando-o em uma obra de relevo 3D.<\/p>\n<p>L\u00e1 <strong>Impress\u00e3o 3D em alum\u00ednio a partir de arquivo<\/strong> \u00e9 perfeito para criar seu logotipo\/marca, design, ilustra\u00e7\u00e3o em relevo e torn\u00e1-lo \u00fanico e elegante.<\/p>\n<p>Ap\u00f3s efetuar a sua encomenda, ser-lhe-\u00e1 enviada uma pr\u00e9-visualiza\u00e7\u00e3o do projeto criado de acordo com as suas especifica\u00e7\u00f5es, e s\u00f3 ap\u00f3s aprova\u00e7\u00e3o procederemos \u00e0 impress\u00e3o 3D.<\/p>","protected":false},"excerpt":{"rendered":"<p>Qualquer que seja o projeto que voc\u00ea queira realizar em alum\u00ednio, estamos prontos para imprimi-lo em 3D. Carregue seu arquivo no formato jpg\/gif\/png\/ai\/eps. Envie-nos o seu arquivo, criaremos uma impress\u00e3o 3D em alum\u00ednio a partir do arquivo, transformando-o em um trabalho em relevo 3D. A impress\u00e3o 3D em alum\u00ednio a partir de arquivos \u00e9 perfeita para fazer [\u2026]<\/p>","protected":false},"featured_media":1305,"template":"","meta":[],"product_brand":[],"product_cat":[278,13],"product_tag":[],"class_list":{"0":"post-1301","1":"product","2":"type-product","3":"status-publish","4":"has-post-thumbnail","6":"product_cat-loghi-e-marchi","7":"product_cat-scritte-personalizzate","9":"first","10":"instock","11":"sale","12":"shipping-taxable","13":"purchasable","14":"product-type-simple"},"aioseo_notices":[],"_links":{"self":[{"href":"https:\/\/www.artieinventive.it\/pt\/wp-json\/wp\/v2\/product\/1301","targetHints":{"allow":["GET"]}}],"collection":[{"href":"https:\/\/www.artieinventive.it\/pt\/wp-json\/wp\/v2\/product"}],"about":[{"href":"https:\/\/www.artieinventive.it\/pt\/wp-json\/wp\/v2\/types\/product"}],"wp:featuredmedia":[{"embeddable":true,"href":"https:\/\/www.artieinventive.it\/pt\/wp-json\/wp\/v2\/media\/1305"}],"wp:attachment":[{"href":"https:\/\/www.artieinventive.it\/pt\/wp-json\/wp\/v2\/media?parent=1301"}],"wp:term":[{"taxonomy":"product_brand","embeddable":true,"href":"https:\/\/www.artieinventive.it\/pt\/wp-json\/wp\/v2\/product_brand?post=1301"},{"taxonomy":"product_cat","embeddable":true,"href":"https:\/\/www.artieinventive.it\/pt\/wp-json\/wp\/v2\/product_cat?post=1301"},{"taxonomy":"product_tag","embeddable":true,"href":"https:\/\/www.artieinventive.it\/pt\/wp-json\/wp\/v2\/product_tag?post=1301"}],"curies":[{"name":"wp","href":"https:\/\/api.w.org\/{rel}","templated":true}]}}