{"id":1126,"date":"2018-08-18T08:19:30","date_gmt":"2018-08-18T06:19:30","guid":{"rendered":"https:\/\/www.artieinventive.it\/?post_type=product&#038;p=1126"},"modified":"2022-06-30T06:03:08","modified_gmt":"2022-06-30T04:03:08","slug":"bracciale-in-rame-personalizzato","status":"publish","type":"product","link":"https:\/\/www.artieinventive.it\/pt\/bottega\/shop\/pulseiras\/pulseira-de-cobre-personalizada\/","title":{"rendered":"Pulseira de cobre personalizada"},"content":{"rendered":"<p>Este lindo <strong>pulseira de cobre personalizada <\/strong>\u00e9 feito de cobre puro 100% com espessura de 1,5mm, voc\u00ea pode personaliz\u00e1-lo com uma escrita, e ter\u00e1 a possibilidade de escolher diversas decora\u00e7\u00f5es para aplicar nas laterais.<\/p>\n<p>O <strong>pulseira de cobre personalizada <\/strong>est\u00e1 dispon\u00edvel em diversos tamanhos e voc\u00ea tamb\u00e9m pode optar por aplicar \u00edm\u00e3s em seu interior para fins de cura.<\/p>\n<p>Ao contr\u00e1rio de todos os outros <strong>pulseiras de cobre personalizadas<\/strong> no mercado, neste produto a customiza\u00e7\u00e3o \u00e9 total, para ter um trabalho artesanal e original na 100%!<\/p>\n<p>As dimens\u00f5es do <strong>pulseira de cobre personalizada<\/strong> s\u00e3o universais, seu comprimento total \u00e9 de 16cm, enquanto a largura pode ser escolhida entre as op\u00e7\u00f5es dispon\u00edveis.<\/p>","protected":false},"excerpt":{"rendered":"<p>Esta espl\u00eandida pulseira de cobre personalizada \u00e9 feita de cobre puro 100%, com 1,5mm de espessura, voc\u00ea pode personaliz\u00e1-la com uma escrita, e ter\u00e1 a possibilidade de escolher diversas decora\u00e7\u00f5es para aplicar nas laterais. A pulseira de cobre personalizada est\u00e1 dispon\u00edvel em diversos tamanhos e voc\u00ea tamb\u00e9m pode optar por aplicar \u00edm\u00e3s em seu interior para [\u2026]<\/p>","protected":false},"featured_media":1128,"template":"","meta":[],"product_brand":[],"product_cat":[300],"product_tag":[309,307,302,303,301,313,314,306,308,310,304,312,311,305],"class_list":{"0":"post-1126","1":"product","2":"type-product","3":"status-publish","4":"has-post-thumbnail","6":"product_cat-bracciali","7":"product_tag-bracciale-con-incisione","8":"product_tag-bracciale-con-nome","9":"product_tag-bracciale-in-rame","10":"product_tag-bracciale-in-rame-con-nome-personalizzato","11":"product_tag-bracciale-in-rame-personalizzato","12":"product_tag-bracciale-rame","13":"product_tag-braccialetti-di-rame","14":"product_tag-braccialetti-personalizzati","15":"product_tag-braccialetti-personalizzati-online","16":"product_tag-braccialetto-con-nome","17":"product_tag-braccialetto-in-rame-personalizzato","18":"product_tag-braccialetto-nome","19":"product_tag-bracciali-con-frasi","20":"product_tag-bracciali-personalizzati","22":"first","23":"instock","24":"sale","25":"shipping-taxable","26":"purchasable","27":"product-type-simple"},"aioseo_notices":[],"_links":{"self":[{"href":"https:\/\/www.artieinventive.it\/pt\/wp-json\/wp\/v2\/product\/1126","targetHints":{"allow":["GET"]}}],"collection":[{"href":"https:\/\/www.artieinventive.it\/pt\/wp-json\/wp\/v2\/product"}],"about":[{"href":"https:\/\/www.artieinventive.it\/pt\/wp-json\/wp\/v2\/types\/product"}],"wp:featuredmedia":[{"embeddable":true,"href":"https:\/\/www.artieinventive.it\/pt\/wp-json\/wp\/v2\/media\/1128"}],"wp:attachment":[{"href":"https:\/\/www.artieinventive.it\/pt\/wp-json\/wp\/v2\/media?parent=1126"}],"wp:term":[{"taxonomy":"product_brand","embeddable":true,"href":"https:\/\/www.artieinventive.it\/pt\/wp-json\/wp\/v2\/product_brand?post=1126"},{"taxonomy":"product_cat","embeddable":true,"href":"https:\/\/www.artieinventive.it\/pt\/wp-json\/wp\/v2\/product_cat?post=1126"},{"taxonomy":"product_tag","embeddable":true,"href":"https:\/\/www.artieinventive.it\/pt\/wp-json\/wp\/v2\/product_tag?post=1126"}],"curies":[{"name":"wp","href":"https:\/\/api.w.org\/{rel}","templated":true}]}}