{"id":976,"date":"2018-03-16T08:47:23","date_gmt":"2018-03-16T07:47:23","guid":{"rendered":"https:\/\/www.artieinventive.it\/?post_type=product&#038;p=976"},"modified":"2022-02-10T19:10:53","modified_gmt":"2022-02-10T18:10:53","slug":"targa-in-legno-personalizzata","status":"publish","type":"product","link":"https:\/\/www.artieinventive.it\/fr\/bottega\/shop\/plaques\/plaque-en-bois-personnalisee\/","title":{"rendered":"Plaque en bois personnalis\u00e9e"},"content":{"rendered":"<p>Ce <strong>plaque en bois personnalis\u00e9e<\/strong> il est unique en son genre, il peut \u00eatre utilis\u00e9 pour des \u00e9v\u00e9nements comm\u00e9moratifs, des anniversaires et tout ce dont il faut se souvenir avec une cr\u00e9ation artistique pr\u00e9cieuse et originale.<\/p>\n<p>L\u00e0 <strong>plaque en bois personnalis\u00e9e<\/strong> il est r\u00e9alis\u00e9 en h\u00eatre massif et sculpt\u00e9 en relief 3D.<\/p>\n<p>Au prix de <strong>plaque en bois personnalis\u00e9e<\/strong> La cr\u00e9ation d&#039;un logo 3D \u00e0 partir de votre photo\/image et l&#039;insertion d&#039;un texte sont incluses.<\/p>\n<p>Finalement, le <strong>plaque en bois personnalis\u00e9e<\/strong> il est peint \u00e0 la main avec des couleurs acryliques et fini avec plusieurs couches de peinture \u00e0 base d&#039;eau avec une couche finale de cire d&#039;abeille parfum\u00e9e.<\/p>\n<p>En plus de la forme sur la photo, il est possible de cr\u00e9er toute autre forme \u00e0 votre demande.<\/p>","protected":false},"excerpt":{"rendered":"<p>Cette plaque en bois personnalis\u00e9e est unique en son genre, elle peut \u00eatre utilis\u00e9e pour des \u00e9v\u00e9nements comm\u00e9moratifs, des anniversaires, et tout ce dont il faut se souvenir avec une cr\u00e9ation artistique pr\u00e9cieuse et originale. La plaque en bois personnalis\u00e9e est r\u00e9alis\u00e9e en h\u00eatre massif et sculpt\u00e9e en relief 3D. Le prix de la plaque en bois personnalis\u00e9e comprend [\u2026]<\/p>","protected":false},"featured_media":978,"template":"","meta":[],"product_brand":[],"product_cat":[245,246,24],"product_tag":[255,250,253,254,251,252,248,249,247,256,262,265,257,261,258,259,260,263,264],"class_list":{"0":"post-976","1":"product","2":"type-product","3":"status-publish","4":"has-post-thumbnail","6":"product_cat-cerimonie","7":"product_cat-premiazioni","8":"product_cat-targhe","9":"product_tag-crest-3d","10":"product_tag-crest-in-legno","11":"product_tag-crest-in-legno-3d","12":"product_tag-crest-in-legno-dipinto-a-mano","13":"product_tag-crest-in-legno-personalizzato","14":"product_tag-crest-in-legno-scolpito","15":"product_tag-crest-per-cerimonie","16":"product_tag-crest-per-eventi","17":"product_tag-crest-per-premiazioni","18":"product_tag-crest-scolpito","19":"product_tag-targa-commemorativa","20":"product_tag-targa-in-legno-personalizzata","21":"product_tag-targa-legno-personalizzata","22":"product_tag-targhe-commemorative","23":"product_tag-targhe-in-legno-personalizzate","24":"product_tag-targhe-premiazioni","25":"product_tag-targhe-ricordo","26":"product_tag-targhe-ricordo-personalizzate","27":"product_tag-targhette-in-legno-decorate-a-mano","29":"first","30":"instock","31":"sale","32":"shipping-taxable","33":"purchasable","34":"product-type-simple"},"aioseo_notices":[],"_links":{"self":[{"href":"https:\/\/www.artieinventive.it\/fr\/wp-json\/wp\/v2\/product\/976","targetHints":{"allow":["GET"]}}],"collection":[{"href":"https:\/\/www.artieinventive.it\/fr\/wp-json\/wp\/v2\/product"}],"about":[{"href":"https:\/\/www.artieinventive.it\/fr\/wp-json\/wp\/v2\/types\/product"}],"wp:featuredmedia":[{"embeddable":true,"href":"https:\/\/www.artieinventive.it\/fr\/wp-json\/wp\/v2\/media\/978"}],"wp:attachment":[{"href":"https:\/\/www.artieinventive.it\/fr\/wp-json\/wp\/v2\/media?parent=976"}],"wp:term":[{"taxonomy":"product_brand","embeddable":true,"href":"https:\/\/www.artieinventive.it\/fr\/wp-json\/wp\/v2\/product_brand?post=976"},{"taxonomy":"product_cat","embeddable":true,"href":"https:\/\/www.artieinventive.it\/fr\/wp-json\/wp\/v2\/product_cat?post=976"},{"taxonomy":"product_tag","embeddable":true,"href":"https:\/\/www.artieinventive.it\/fr\/wp-json\/wp\/v2\/product_tag?post=976"}],"curies":[{"name":"wp","href":"https:\/\/api.w.org\/{rel}","templated":true}]}}