{"id":9546,"date":"2020-10-21T07:30:53","date_gmt":"2020-10-21T05:30:53","guid":{"rendered":"https:\/\/www.artieinventive.it\/?post_type=product&#038;p=9546"},"modified":"2025-02-25T07:35:57","modified_gmt":"2025-02-25T06:35:57","slug":"intaglio-plexiglass-personalizzato-da-file-immagine","status":"publish","type":"product","link":"https:\/\/www.artieinventive.it\/fr\/bottega\/shop\/textes-personnalises\/sculpture-en-plexiglas-personnalisee-a-partir-dun-fichier-image\/","title":{"rendered":"Sculpture en plexiglas \u00e0 partir d&#039;un fichier\/image"},"content":{"rendered":"<p>Faire n&#039;importe<strong> conception en plexiglas sur mesure<\/strong>, adapt\u00e9 \u00e0 tous les usages internes et externes.<\/p>\n<p>L<strong>Sculpture sur plexiglas sur mesure<\/strong>, permet de laisser libre cours \u00e0 toute id\u00e9e, vous pourrez obtenir un effet vraiment unique, couvrant ou translucide\/transparent, avec sa composition en <strong>L&#039;ACRIDITE, un mat\u00e9riau alternatif au verre <\/strong>qu&#039;il ne faudra pas avoir peur de manipuler avec pr\u00e9caution !<\/p>\n<p>Vous pouvez ainsi cr\u00e9er n\u2019importe quel graphisme avec un effet d\u00e9coratif vraiment unique !<\/p>\n<p>L&#039;\u00e9paisseur du <strong>feuille de plexiglas personnalis\u00e9e<\/strong> elle est de 3mm pour la version color\u00e9e et de 3,5,10mm pour la version transparente.<\/p>\n<p>Vous pouvez \u00e9galement joindre un fichier vectoriel pr\u00eat \u00e0 \u00eatre sculpt\u00e9, ou n&#039;importe quel dessin ou esquisse, et en choisissant l&#039;option &quot;reconstruction&quot;, nous le pr\u00e9parerons pour la cr\u00e9ation.<\/p>","protected":false},"excerpt":{"rendered":"<p>Cr\u00e9ez n&#039;importe quel design en plexiglas personnalis\u00e9, adapt\u00e9 \u00e0 toutes les utilisations, \u00e0 l&#039;int\u00e9rieur comme \u00e0 l&#039;ext\u00e9rieur. La sculpture personnalis\u00e9e du plexiglas vous permet de laisser libre cours \u00e0 toute id\u00e9e, vous pouvez obtenir un effet vraiment unique, couvrant ou translucide\/transparent, avec sa composition en ACRIDITE, un mat\u00e9riau alternatif au verre dont vous n&#039;aurez pas \u00e0 avoir peur. g\u00e9rer [ \u2026]<\/p>","protected":false},"featured_media":9550,"template":"","meta":[],"product_brand":[],"product_cat":[1183,13],"product_tag":[1258,1259,1255,1260],"class_list":{"0":"post-9546","1":"product","2":"type-product","3":"status-publish","4":"has-post-thumbnail","6":"product_cat-insegne","7":"product_cat-scritte-personalizzate","8":"product_tag-forma-in-plexiglass-personalizzata","9":"product_tag-plexiglass-intagliato","10":"product_tag-plexiglass-personalizzato","11":"product_tag-silhouette-in-plexiglass-personalizzata","13":"first","14":"instock","15":"shipping-taxable","16":"purchasable","17":"product-type-simple"},"aioseo_notices":[],"_links":{"self":[{"href":"https:\/\/www.artieinventive.it\/fr\/wp-json\/wp\/v2\/product\/9546","targetHints":{"allow":["GET"]}}],"collection":[{"href":"https:\/\/www.artieinventive.it\/fr\/wp-json\/wp\/v2\/product"}],"about":[{"href":"https:\/\/www.artieinventive.it\/fr\/wp-json\/wp\/v2\/types\/product"}],"wp:featuredmedia":[{"embeddable":true,"href":"https:\/\/www.artieinventive.it\/fr\/wp-json\/wp\/v2\/media\/9550"}],"wp:attachment":[{"href":"https:\/\/www.artieinventive.it\/fr\/wp-json\/wp\/v2\/media?parent=9546"}],"wp:term":[{"taxonomy":"product_brand","embeddable":true,"href":"https:\/\/www.artieinventive.it\/fr\/wp-json\/wp\/v2\/product_brand?post=9546"},{"taxonomy":"product_cat","embeddable":true,"href":"https:\/\/www.artieinventive.it\/fr\/wp-json\/wp\/v2\/product_cat?post=9546"},{"taxonomy":"product_tag","embeddable":true,"href":"https:\/\/www.artieinventive.it\/fr\/wp-json\/wp\/v2\/product_tag?post=9546"}],"curies":[{"name":"wp","href":"https:\/\/api.w.org\/{rel}","templated":true}]}}