{"id":821,"date":"2017-11-07T16:12:09","date_gmt":"2017-11-07T15:12:09","guid":{"rendered":"https:\/\/www.artieinventive.it\/?post_type=product&#038;p=821"},"modified":"2022-02-09T19:40:14","modified_gmt":"2022-02-09T18:40:14","slug":"metro-crescita-per-bambini-personalizzato","status":"publish","type":"product","link":"https:\/\/www.artieinventive.it\/fr\/bottega\/shop\/idees-pour-le-bapteme\/compteur-de-croissance-personnalise-pour-enfants\/","title":{"rendered":"Charte de croissance enfant personnalis\u00e9e"},"content":{"rendered":"<p>Ce n&#039;est pas habituel <strong>ruban \u00e0 mesurer pour enfants, <\/strong>nous avons cr\u00e9\u00e9 un objet d&#039;ameublement qui peut s&#039;int\u00e9grer avec \u00e9l\u00e9gance et \u00e9vocation dans votre maison.<\/p>\n<p>Ce <strong>compteur pour enfants<\/strong> il est fabriqu\u00e9 en bois de sapin massif, peint \u00e0 la main et fini sur demande avec de la cire d&#039;abeille parfum\u00e9e.<\/p>\n<p>Vous pouvez le personnaliser avec une \u00e9criture en relief 3D !<\/p>\n<p>Le <strong>compteur pour enfants<\/strong> elle est en forme de fleur, le long de la tige il y a des cm pour mesurer la croissance et des joints perfor\u00e9s. Gr\u00e2ce \u00e0 cette derni\u00e8re vous pourrez ins\u00e9rer les vantaux fournis en les vissant (les vis sont fournies gratuitement) pour une fixation s\u00e9curis\u00e9e pour construire progressivement un objet unique, qui prendra une forme que vous seul d\u00e9ciderez de donner.<\/p>\n<p>Ensemble avec<strong> compteur pour enfants<\/strong> 12 feuilles en bois de sapin massif sont fournies, \u00e9galement peintes \u00e0 la main et finies \u00e0 la cire sur demande.<\/p>\n<p>Si vous souhaitez plus de feuilles, prenez plus de mesures dans le <strong>ruban \u00e0 mesurer pour enfants,\u00a0<\/strong>vous pouvez en acheter des suppl\u00e9mentaires.<\/p>\n<p>De plus, il est possible de d\u00e9cider du type de fixation murale pr\u00e9f\u00e9r\u00e9 pour chaque besoin.<\/p>\n<p>Si vous choisissez des trous de vis, les chevilles et les vis associ\u00e9es ne sont pas incluses dans le prix.<\/p>\n<p>&nbsp;<\/p>","protected":false},"excerpt":{"rendered":"<p>Il ne s&#039;agit pas d&#039;un m\u00e8tre ruban pour enfants habituel, nous avons cr\u00e9\u00e9 un objet d&#039;ameublement qui peut s&#039;int\u00e9grer de mani\u00e8re \u00e9l\u00e9gante et \u00e9vocatrice dans votre maison. Ce m\u00e8tre ruban pour enfants est fabriqu\u00e9 en bois de sapin massif, peint \u00e0 la main et fini sur demande avec de la cire d&#039;abeille parfum\u00e9e. Vous pouvez le personnaliser avec une \u00e9criture en relief 3D ! Le m\u00e8tre [\u2026]<\/p>","protected":false},"featured_media":829,"template":"","meta":[],"product_brand":[],"product_cat":[28,29],"product_tag":[158,154,155,159,156,157,153],"class_list":{"0":"post-821","1":"product","2":"type-product","3":"status-publish","4":"has-post-thumbnail","6":"product_cat-idee-per-battesimo","7":"product_cat-idee-per-nascita","8":"product_tag-metri-da-parete-per-linfanzia","9":"product_tag-metro-crescita","10":"product_tag-metro-crescita-bambini","11":"product_tag-metro-da-muro-bambini","12":"product_tag-metro-per-bambini","13":"product_tag-metro-per-bimbi","14":"product_tag-tabella-di-altezza","16":"first","17":"instock","18":"sale","19":"shipping-taxable","20":"purchasable","21":"product-type-simple"},"aioseo_notices":[],"_links":{"self":[{"href":"https:\/\/www.artieinventive.it\/fr\/wp-json\/wp\/v2\/product\/821","targetHints":{"allow":["GET"]}}],"collection":[{"href":"https:\/\/www.artieinventive.it\/fr\/wp-json\/wp\/v2\/product"}],"about":[{"href":"https:\/\/www.artieinventive.it\/fr\/wp-json\/wp\/v2\/types\/product"}],"wp:featuredmedia":[{"embeddable":true,"href":"https:\/\/www.artieinventive.it\/fr\/wp-json\/wp\/v2\/media\/829"}],"wp:attachment":[{"href":"https:\/\/www.artieinventive.it\/fr\/wp-json\/wp\/v2\/media?parent=821"}],"wp:term":[{"taxonomy":"product_brand","embeddable":true,"href":"https:\/\/www.artieinventive.it\/fr\/wp-json\/wp\/v2\/product_brand?post=821"},{"taxonomy":"product_cat","embeddable":true,"href":"https:\/\/www.artieinventive.it\/fr\/wp-json\/wp\/v2\/product_cat?post=821"},{"taxonomy":"product_tag","embeddable":true,"href":"https:\/\/www.artieinventive.it\/fr\/wp-json\/wp\/v2\/product_tag?post=821"}],"curies":[{"name":"wp","href":"https:\/\/api.w.org\/{rel}","templated":true}]}}