{"id":64,"date":"2015-12-12T12:49:46","date_gmt":"2015-12-12T11:49:46","guid":{"rendered":"http:\/\/artieinventive.it\/?post_type=product&#038;p=64"},"modified":"2022-02-01T07:08:16","modified_gmt":"2022-02-01T06:08:16","slug":"scritta-personalizzata-in-alluminio-bombata","status":"publish","type":"product","link":"https:\/\/www.artieinventive.it\/fr\/bottega\/shop\/textes-personnalises\/personnalise-ecrit-en-aluminium-arrondi\/","title":{"rendered":"Lettrage personnalis\u00e9 en aluminium arrondi"},"content":{"rendered":"<p>R\u00e9alisez n&#039;importe quelle \u00e9criture, lettre ou chiffre en aluminium.<\/p>\n<p>\u00c9crivez les lettres ou les chiffres dont vous avez besoin et choisissez la police que vous pr\u00e9f\u00e9rez !<\/p>\n<p>Ces lettres et chiffres en aluminium sont bomb\u00e9s, ce qui signifie qu&#039;ils ont un effet arrondi sur les bords.<\/p>\n<p>L&#039;aluminium utilis\u00e9 est de la plus haute qualit\u00e9, pur \u00e0 99,5%, r\u00e9sistant \u00e0 l&#039;usure et \u00e0 la corrosion.<\/p>","protected":false},"excerpt":{"rendered":"<p>R\u00e9alisez n&#039;importe quelle \u00e9criture, lettre ou chiffre en aluminium. \u00c9crivez les lettres ou les chiffres dont vous avez besoin et choisissez la police que vous pr\u00e9f\u00e9rez ! Ces lettres et chiffres en aluminium sont bomb\u00e9s, ce qui signifie qu&#039;ils ont un effet arrondi sur les bords. L&#039;aluminium utilis\u00e9 est de la plus haute qualit\u00e9, pur \u00e0 99,5%, r\u00e9sistant \u00e0 l&#039;usure et \u00e0 la corrosion.<\/p>","protected":false},"featured_media":65,"template":"","meta":[],"product_brand":[],"product_cat":[13],"product_tag":[52,53,57,58,60,61],"class_list":{"0":"post-64","1":"product","2":"type-product","3":"status-publish","4":"has-post-thumbnail","6":"product_cat-scritte-personalizzate","7":"product_tag-adesivi-moto-personalizzati","8":"product_tag-adesivi-per-auto","9":"product_tag-generatore-scritte-personalizzate","10":"product_tag-lettere-alluminio","11":"product_tag-lettere-in-alluminio","12":"product_tag-numeri-in-alluminio","14":"first","15":"instock","16":"shipping-taxable","17":"purchasable","18":"product-type-simple"},"aioseo_notices":[],"_links":{"self":[{"href":"https:\/\/www.artieinventive.it\/fr\/wp-json\/wp\/v2\/product\/64","targetHints":{"allow":["GET"]}}],"collection":[{"href":"https:\/\/www.artieinventive.it\/fr\/wp-json\/wp\/v2\/product"}],"about":[{"href":"https:\/\/www.artieinventive.it\/fr\/wp-json\/wp\/v2\/types\/product"}],"wp:featuredmedia":[{"embeddable":true,"href":"https:\/\/www.artieinventive.it\/fr\/wp-json\/wp\/v2\/media\/65"}],"wp:attachment":[{"href":"https:\/\/www.artieinventive.it\/fr\/wp-json\/wp\/v2\/media?parent=64"}],"wp:term":[{"taxonomy":"product_brand","embeddable":true,"href":"https:\/\/www.artieinventive.it\/fr\/wp-json\/wp\/v2\/product_brand?post=64"},{"taxonomy":"product_cat","embeddable":true,"href":"https:\/\/www.artieinventive.it\/fr\/wp-json\/wp\/v2\/product_cat?post=64"},{"taxonomy":"product_tag","embeddable":true,"href":"https:\/\/www.artieinventive.it\/fr\/wp-json\/wp\/v2\/product_tag?post=64"}],"curies":[{"name":"wp","href":"https:\/\/api.w.org\/{rel}","templated":true}]}}