{"id":610,"date":"2016-01-15T18:01:59","date_gmt":"2016-01-15T17:01:59","guid":{"rendered":"https:\/\/www.artieinventive.it\/?post_type=product&#038;p=610"},"modified":"2021-07-26T17:22:02","modified_gmt":"2021-07-26T15:22:02","slug":"portachiavi-cuore-in-due-meta-personalizzato","status":"publish","type":"product","link":"https:\/\/www.artieinventive.it\/fr\/bottega\/shop\/idees-pour-la-fete-des-meres\/porte-cles-personnalise-double-coeur\/","title":{"rendered":"Porte-cl\u00e9s personnalis\u00e9 c\u0153ur bris\u00e9"},"content":{"rendered":"<p>Ces <strong>porte-cl\u00e9s coeur personnalis\u00e9<\/strong>, divis\u00e9s en deux moiti\u00e9s, sont des objets uniques et introuvables !<\/p>\n<p>Vous pourrez ins\u00e9rer deux \u00e9critures dans les moiti\u00e9s et une troisi\u00e8me au centre pour vous assurer qu&#039;une fois r\u00e9unies, seules ces deux parties appartiennent l&#039;une \u00e0 l&#039;autre.<\/p>\n<p>Deux seront r\u00e9alis\u00e9s <strong>porte-cl\u00e9s coeur personnalis\u00e9s<\/strong> comprenant crochet et cha\u00eene, 5x5cm sculpt\u00e9s en 3D sur aluminium pur poli, un mat\u00e9riau l\u00e9ger et r\u00e9sistant.<\/p>\n<p>Vous ne trouverez nulle part <strong>porte-cl\u00e9s coeur personnalis\u00e9s<\/strong> &quot;non grav\u00e9&quot; mais plut\u00f4t &quot;sculpt\u00e9&quot; avec l&#039;\u00e9criture en relief sur un coeur arrondi en aluminium, surtout \u00e0 ce prix et cette qualit\u00e9 !<\/p>\n<p>&nbsp;<\/p>","protected":false},"excerpt":{"rendered":"<p>Ces porte-cl\u00e9s personnalis\u00e9s en forme de c\u0153ur, divis\u00e9s en deux moiti\u00e9s, sont des objets uniques et difficiles \u00e0 trouver ! Vous pourrez ins\u00e9rer deux \u00e9critures dans les moiti\u00e9s et une troisi\u00e8me au centre pour vous assurer qu&#039;une fois r\u00e9unies, seules ces deux parties appartiennent l&#039;une \u00e0 l&#039;autre. Deux porte-cl\u00e9s c\u0153ur personnalis\u00e9s seront cr\u00e9\u00e9s comprenant crochet et cha\u00eene, 5x5cm sculpt\u00e9s en 3D sur aluminium pur poli, [\u2026]<\/p>","protected":false},"featured_media":612,"template":"","meta":[],"product_brand":[],"product_cat":[93,94,97],"product_tag":[101,116,112,99,100,98],"class_list":{"0":"post-610","1":"product","2":"type-product","3":"status-publish","4":"has-post-thumbnail","6":"product_cat-idee-per-festa-della-mamma","7":"product_cat-idee-per-san-valentino","8":"product_cat-portachiavi","9":"product_tag-cuore-personalizzato","10":"product_tag-portachiavi-cuore-personalizzato","11":"product_tag-portachiavi-cuore-spezzato","12":"product_tag-portachiavi-forma-di-cuore","13":"product_tag-portachiavi-forma-di-cuore-personalizzato","14":"product_tag-portachiavi-personalizzato","16":"first","17":"instock","18":"sale","19":"shipping-taxable","20":"purchasable","21":"product-type-simple"},"aioseo_notices":[],"_links":{"self":[{"href":"https:\/\/www.artieinventive.it\/fr\/wp-json\/wp\/v2\/product\/610","targetHints":{"allow":["GET"]}}],"collection":[{"href":"https:\/\/www.artieinventive.it\/fr\/wp-json\/wp\/v2\/product"}],"about":[{"href":"https:\/\/www.artieinventive.it\/fr\/wp-json\/wp\/v2\/types\/product"}],"wp:featuredmedia":[{"embeddable":true,"href":"https:\/\/www.artieinventive.it\/fr\/wp-json\/wp\/v2\/media\/612"}],"wp:attachment":[{"href":"https:\/\/www.artieinventive.it\/fr\/wp-json\/wp\/v2\/media?parent=610"}],"wp:term":[{"taxonomy":"product_brand","embeddable":true,"href":"https:\/\/www.artieinventive.it\/fr\/wp-json\/wp\/v2\/product_brand?post=610"},{"taxonomy":"product_cat","embeddable":true,"href":"https:\/\/www.artieinventive.it\/fr\/wp-json\/wp\/v2\/product_cat?post=610"},{"taxonomy":"product_tag","embeddable":true,"href":"https:\/\/www.artieinventive.it\/fr\/wp-json\/wp\/v2\/product_tag?post=610"}],"curies":[{"name":"wp","href":"https:\/\/api.w.org\/{rel}","templated":true}]}}