{"id":26882,"date":"2024-02-07T18:41:24","date_gmt":"2024-02-07T17:41:24","guid":{"rendered":"https:\/\/www.artieinventive.it\/?post_type=product&#038;p=26882"},"modified":"2025-11-20T10:17:29","modified_gmt":"2025-11-20T09:17:29","slug":"carillon-trenino-natalizio-in-legno-personalizzato","status":"publish","type":"product","link":"https:\/\/www.artieinventive.it\/fr\/bottega\/shop\/carillons-et-boites-a-musique\/carillon-petit-train-de-noel-en-bois-personnalise\/","title":{"rendered":"Bo\u00eete \u00e0 musique train de No\u00ebl en bois personnalis\u00e9e"},"content":{"rendered":"<div class=\"ica-product-video\">\n<div style=\"width: 400px;\" class=\"wp-video\"><video class=\"wp-video-shortcode\" id=\"video-26882-1\" width=\"400\" height=\"360\" preload=\"metadata\" controls=\"controls\"><source type=\"video\/mp4\" src=\"https:\/\/www.artieinventive.it\/wp-content\/uploads\/2024\/02\/carillon-trenino-natalizio-in-legno-personalizzato.mp4?_=1\" \/><a href=\"https:\/\/www.artieinventive.it\/wp-content\/uploads\/2024\/02\/carillon-trenino-natalizio-in-legno-personalizzato.mp4\">https:\/\/www.artieinventive.it\/wp-content\/uploads\/2024\/02\/carillon-trenino-natalizio-in-legno-personalizzato.mp4<\/a><\/video><\/div>\n<\/div>\n<p>Explorez le monde enchant\u00e9 de la nostalgie avec notre <strong>Bo\u00eete \u00e0 musique train de No\u00ebl en bois<\/strong>, unique et personnalis\u00e9. R\u00e9sultat d&#039;un savoir-faire artisanal, ce chef-d&#039;\u0153uvre m\u00e9lange l&#039;essence du bois de h\u00eatre de haute qualit\u00e9, donnant \u00e0 chaque environnement une touche d&#039;\u00e9l\u00e9gance et de chaleur.<\/p>\n<p>Notre <strong>Train de No\u00ebl<\/strong> c&#039;est une combinaison de d\u00e9tails raffin\u00e9s et de dimensions g\u00e9n\u00e9reuses. Le design classique s&#039;harmonise parfaitement avec la robustesse du bois, cr\u00e9ant une \u0153uvre d&#039;art intemporelle.<\/p>\n<p>L&#039;aventure magique commence par un l\u00e9ger mouvement, donnant vie \u00e0 la d\u00e9licate bo\u00eete \u00e0 musique cach\u00e9e \u00e0 l&#039;int\u00e9rieur. Une m\u00e9lodie enveloppante commence \u00e0 r\u00e9sonner, et en l\u2019occurrence, la joie de l\u2019embl\u00e9matique\u201d<strong>Je vous souhaite un joyeux No\u00ebl<\/strong>\u00bb enveloppe l\u2019environnement. Une touche distinctive est le levier lat\u00e9ral qui offre un contr\u00f4le total sur la m\u00e9lodie, vous permettant de l&#039;interrompre \u00e0 volont\u00e9.<\/p>\n<p>L&#039;\u00e9l\u00e9ment de personnalisation atteint de nouveaux sommets avec la possibilit\u00e9 de rendre unique un c\u00f4t\u00e9 du produit <b>Train de No\u00ebl.<\/b>\u00a0Choisissez entre une impression aux couleurs UV vives et \u00e9clatantes ou une gravure laser pr\u00e9cise, ajoutant une touche sur mesure et significative \u00e0 votre bo\u00eete \u00e0 musique. Pr\u00e9servez des moments sp\u00e9ciaux, des dates m\u00e9morables ou des d\u00e9dicaces personnelles, en cr\u00e9ant une \u0153uvre d&#039;art destin\u00e9e \u00e0 \u00eatre transmise de g\u00e9n\u00e9ration en g\u00e9n\u00e9ration.<\/p>\n<p>Le <strong>Train de No\u00ebl avec bo\u00eete \u00e0 musique<\/strong> c&#039;est le cadeau id\u00e9al pour c\u00e9l\u00e9brer des moments sp\u00e9ciaux tels que les anniversaires, les anniversaires, la Saint-Valentin et d&#039;autres occasions uniques. \u00c9l\u00e9gant et intemporel, il apportera joie et \u00e9merveillement dans chaque int\u00e9rieur. D\u00e9couvrez le charme intemporel de <strong>Train de No\u00ebl<\/strong> et offrez un morceau de magie personnalis\u00e9e \u00e0 ceux que vous aimez.<\/p>","protected":false},"excerpt":{"rendered":"<p>Explorez le monde enchanteur de la nostalgie avec notre bo\u00eete \u00e0 musique de train de No\u00ebl en bois unique et personnalis\u00e9e. Fruit d&#039;un savoir-faire artisanal, ce chef-d&#039;\u0153uvre allie l&#039;essence du bois de h\u00eatre de haute qualit\u00e9, donnant \u00e0 n&#039;importe quelle pi\u00e8ce une touche d&#039;\u00e9l\u00e9gance et de chaleur. Notre train de No\u00ebl est une combinaison de d\u00e9tails raffin\u00e9s et de dimensions g\u00e9n\u00e9reuses. [\u2026]<\/p>","protected":false},"featured_media":26884,"template":"","meta":[],"product_brand":[],"product_cat":[124,123,122,14,1426,28,93,27,29,1282,94,95],"product_tag":[1556,1577,1563,1555,1564,1552,1558,1554,1560,1562,1553,1359,1565,1559,1561,1557],"class_list":{"0":"post-26882","1":"product","2":"type-product","3":"status-publish","4":"has-post-thumbnail","6":"product_cat-bomboniere-per-anniversari-e-celebrazioni","7":"product_cat-bomboniere-per-matrimoni","8":"product_cat-bomboniere-per-nascita","9":"product_cat-carillons-e-scatole-musicali","10":"product_cat-giostrine-musicali","11":"product_cat-idee-per-battesimo","12":"product_cat-idee-per-festa-della-mamma","13":"product_cat-idee-per-matrimonio","14":"product_cat-idee-per-nascita","15":"product_cat-idee-per-natale","16":"product_cat-idee-per-san-valentino","17":"product_cat-shop","18":"product_tag-carillon-a-leva-laterale","19":"product_tag-carillon-trenino-natalizio-in-legno","20":"product_tag-decorazione-artigianale","21":"product_tag-dimensioni-11x18-cm","22":"product_tag-elegante-atmosfera-romantica","23":"product_tag-giostra-in-legno","24":"product_tag-incisione-laser","25":"product_tag-legno-di-faggio","26":"product_tag-matrimonio","27":"product_tag-melodia-romeo-e-giulietta","28":"product_tag-merry-go-round","29":"product_tag-natale","30":"product_tag-oggetto-unico","31":"product_tag-regalo-battesimo","32":"product_tag-san-valentino","33":"product_tag-stampa-uv","35":"first","36":"instock","37":"sale","38":"shipping-taxable","39":"purchasable","40":"product-type-simple"},"aioseo_notices":[],"_links":{"self":[{"href":"https:\/\/www.artieinventive.it\/fr\/wp-json\/wp\/v2\/product\/26882","targetHints":{"allow":["GET"]}}],"collection":[{"href":"https:\/\/www.artieinventive.it\/fr\/wp-json\/wp\/v2\/product"}],"about":[{"href":"https:\/\/www.artieinventive.it\/fr\/wp-json\/wp\/v2\/types\/product"}],"wp:featuredmedia":[{"embeddable":true,"href":"https:\/\/www.artieinventive.it\/fr\/wp-json\/wp\/v2\/media\/26884"}],"wp:attachment":[{"href":"https:\/\/www.artieinventive.it\/fr\/wp-json\/wp\/v2\/media?parent=26882"}],"wp:term":[{"taxonomy":"product_brand","embeddable":true,"href":"https:\/\/www.artieinventive.it\/fr\/wp-json\/wp\/v2\/product_brand?post=26882"},{"taxonomy":"product_cat","embeddable":true,"href":"https:\/\/www.artieinventive.it\/fr\/wp-json\/wp\/v2\/product_cat?post=26882"},{"taxonomy":"product_tag","embeddable":true,"href":"https:\/\/www.artieinventive.it\/fr\/wp-json\/wp\/v2\/product_tag?post=26882"}],"curies":[{"name":"wp","href":"https:\/\/api.w.org\/{rel}","templated":true}]}}