{"id":26613,"date":"2024-01-29T18:20:29","date_gmt":"2024-01-29T17:20:29","guid":{"rendered":"https:\/\/www.artieinventive.it\/?post_type=product&#038;p=26613"},"modified":"2026-02-28T18:04:26","modified_gmt":"2026-02-28T17:04:26","slug":"giostrina-carillon-in-legno-cavalli-personalizzata","status":"publish","type":"product","link":"https:\/\/www.artieinventive.it\/fr\/bottega\/shop\/carillons-et-boites-a-musique\/carrousel-boite-a-musique-cheval-en-bois-personnalise\/","title":{"rendered":"Mobile bo\u00eete \u00e0 musique cheval en bois personnalis\u00e9"},"content":{"rendered":"<div class=\"ica-product-video\"><div style=\"width: 400px;\" class=\"wp-video\"><!--[if lt IE 9]><script>document.createElement('video');<\/script><![endif]-->\n<video class=\"wp-video-shortcode\" id=\"video-26613-1\" width=\"400\" height=\"360\" preload=\"metadata\" controls=\"controls\"><source type=\"video\/mp4\" src=\"https:\/\/www.artieinventive.it\/wp-content\/uploads\/2024\/01\/carillon-giostra-cavalli-in-legno-personalizzato-ok-3.mp4?_=1\" \/><a href=\"https:\/\/www.artieinventive.it\/wp-content\/uploads\/2024\/01\/carillon-giostra-cavalli-in-legno-personalizzato-ok-3.mp4\">https:\/\/www.artieinventive.it\/wp-content\/uploads\/2024\/01\/carillon-giostra-cavalli-in-legno-personalizzato-ok-3.mp4<\/a><\/video><\/div><\/div>\n<p>Explorez le monde magique de la nostalgie avec notre <strong>carrousel en bois personnalis\u00e9 avec des chevaux<\/strong>! Fabriqu\u00e9 avec un savoir-faire expert, ce mobile enchanteur est un chef-d&#039;\u0153uvre de <strong>bois de h\u00eatre de haute qualit\u00e9<\/strong>, donnant une touche d&#039;\u00e9l\u00e9gance et de chaleur \u00e0 chaque environnement.<\/p>\n<p>D&#039;un diam\u00e8tre de <strong>11 centim\u00e8tres<\/strong> et une hauteur imposante de <strong>18 centim\u00e8tres<\/strong>, ce mobile est la fusion parfaite de d\u00e9tails finement travaill\u00e9s et de dimensions compactes. Son design classique se marie harmonieusement avec la r\u00e9sistance du bois, cr\u00e9ant une \u0153uvre d&#039;art intemporelle.<\/p>\n<p>La magie commence par le simple geste de faire tourner le mobile, donnant vie au d\u00e9licat <strong>bo\u00eete \u00e0 musique<\/strong> cach\u00e9 \u00e0 l&#039;int\u00e9rieur. Une douce m\u00e9lodie enveloppera l\u2019environnement, et dans ce cas, la m\u00e9lodie est le romantique et embl\u00e9matique \u00ab Rom\u00e9o et Juliette \u00bb. Voici la touche distinctive\u00a0: un <strong>levier lat\u00e9ral<\/strong> il vous permet d&#039;arr\u00eater la m\u00e9lodie quand vous le souhaitez, assurant un contr\u00f4le total sur l&#039;exp\u00e9rience musicale.<\/p>\n<p>La personnalisation atteint de nouveaux sommets avec la possibilit\u00e9 de rendre unique le fond de la bo\u00eete \u00e0 musique. Choisissez entre un <strong>Impression couleur UV<\/strong> vibrant et vivant ou un<strong>gravure au laser<\/strong> pr\u00e9cis, ajoutant une touche personnalis\u00e9e et significative \u00e0 votre mobile. Immortalisez des moments sp\u00e9ciaux, des dates importantes ou des d\u00e9dicaces personnelles pour cr\u00e9er une pi\u00e8ce unique qui sera ch\u00e9rie pendant des g\u00e9n\u00e9rations.<\/p>\n<p>L\u00e0 <strong>carrousel en bois avec des chevaux<\/strong> C&#039;est le cadeau parfait pour c\u00e9l\u00e9brer des occasions sp\u00e9ciales comme <strong>bapt\u00eames, mariages, Saint Valentin, No\u00ebl et autres \u00e9v\u00e9nements<\/strong>. \u00c9l\u00e9gant et intemporel, il apportera joie et \u00e9merveillement dans chaque int\u00e9rieur. D\u00e9couvrez le charme intemporel du mobile en bois et offrez un morceau de magie personnalis\u00e9e \u00e0 celui que vous aimez.<\/p>","protected":false},"excerpt":{"rendered":"<p>Explorez le monde magique de la nostalgie avec notre mobile cheval en bois personnalis\u00e9 ! Fabriqu\u00e9 avec un savoir-faire expert, ce mobile enchanteur est un chef-d&#039;\u0153uvre en bois de h\u00eatre de haute qualit\u00e9, apportant une touche d&#039;\u00e9l\u00e9gance et de chaleur \u00e0 n&#039;importe quel environnement. Avec un diam\u00e8tre de 11 centim\u00e8tres et une hauteur impressionnante de 18 centim\u00e8tres, ce [\u2026]<\/p>","protected":false},"featured_media":26665,"template":"","meta":[],"product_brand":[],"product_cat":[124,123,122,14,1426,28,93,27,29,1282,94,95],"product_tag":[1556,1563,1555,1564,1552,1558,1554,1560,1562,1553,1359,1565,1559,1561,1557],"class_list":{"0":"post-26613","1":"product","2":"type-product","3":"status-publish","4":"has-post-thumbnail","6":"product_cat-bomboniere-per-anniversari-e-celebrazioni","7":"product_cat-bomboniere-per-matrimoni","8":"product_cat-bomboniere-per-nascita","9":"product_cat-carillons-e-scatole-musicali","10":"product_cat-giostrine-musicali","11":"product_cat-idee-per-battesimo","12":"product_cat-idee-per-festa-della-mamma","13":"product_cat-idee-per-matrimonio","14":"product_cat-idee-per-nascita","15":"product_cat-idee-per-natale","16":"product_cat-idee-per-san-valentino","17":"product_cat-shop","18":"product_tag-carillon-a-leva-laterale","19":"product_tag-decorazione-artigianale","20":"product_tag-dimensioni-11x18-cm","21":"product_tag-elegante-atmosfera-romantica","22":"product_tag-giostra-in-legno","23":"product_tag-incisione-laser","24":"product_tag-legno-di-faggio","25":"product_tag-matrimonio","26":"product_tag-melodia-romeo-e-giulietta","27":"product_tag-merry-go-round","28":"product_tag-natale","29":"product_tag-oggetto-unico","30":"product_tag-regalo-battesimo","31":"product_tag-san-valentino","32":"product_tag-stampa-uv","34":"first","35":"onbackorder","36":"sale","37":"shipping-taxable","38":"purchasable","39":"product-type-simple"},"aioseo_notices":[],"_links":{"self":[{"href":"https:\/\/www.artieinventive.it\/fr\/wp-json\/wp\/v2\/product\/26613","targetHints":{"allow":["GET"]}}],"collection":[{"href":"https:\/\/www.artieinventive.it\/fr\/wp-json\/wp\/v2\/product"}],"about":[{"href":"https:\/\/www.artieinventive.it\/fr\/wp-json\/wp\/v2\/types\/product"}],"wp:featuredmedia":[{"embeddable":true,"href":"https:\/\/www.artieinventive.it\/fr\/wp-json\/wp\/v2\/media\/26665"}],"wp:attachment":[{"href":"https:\/\/www.artieinventive.it\/fr\/wp-json\/wp\/v2\/media?parent=26613"}],"wp:term":[{"taxonomy":"product_brand","embeddable":true,"href":"https:\/\/www.artieinventive.it\/fr\/wp-json\/wp\/v2\/product_brand?post=26613"},{"taxonomy":"product_cat","embeddable":true,"href":"https:\/\/www.artieinventive.it\/fr\/wp-json\/wp\/v2\/product_cat?post=26613"},{"taxonomy":"product_tag","embeddable":true,"href":"https:\/\/www.artieinventive.it\/fr\/wp-json\/wp\/v2\/product_tag?post=26613"}],"curies":[{"name":"wp","href":"https:\/\/api.w.org\/{rel}","templated":true}]}}