{"id":26385,"date":"2024-01-17T07:38:43","date_gmt":"2024-01-17T06:38:43","guid":{"rendered":"https:\/\/www.artieinventive.it\/?post_type=product&#038;p=26385"},"modified":"2025-03-08T19:01:29","modified_gmt":"2025-03-08T18:01:29","slug":"disco-tronchetto-di-legno-personalizzato","status":"publish","type":"product","link":"https:\/\/www.artieinventive.it\/fr\/bottega\/shop\/idees-de-mariage\/disque-a-buche-en-bois-personnalise\/","title":{"rendered":"Disque \u00e0 b\u00fbche en bois personnalis\u00e9"},"content":{"rendered":"<p>D\u00e9couvrez notre exclusivit\u00e9 <strong>disque \u00e0 b\u00fbche en bois personnalis\u00e9<\/strong>, un cadeau unique et inoubliable pour c\u00e9l\u00e9brer des moments sp\u00e9ciaux comme <strong>mariages<\/strong>, <strong>confirmation<\/strong>, <strong>bapt\u00eames<\/strong> et beaucoup plus! Avec possibilit\u00e9 de personnalisation via <strong>Impression couleur UV<\/strong> ou <strong>gravure au laser<\/strong>, vous pouvez faire de ce disque \u00e0 b\u00fbches un authentique chef-d&#039;\u0153uvre sur bois.<\/p>\n<p>Avec un diam\u00e8tre flexible qui varie de <strong>6 \u00e0 7 cm<\/strong>, ce disque de journal est id\u00e9al pour comm\u00e9morer <strong>anniversaires<\/strong>, <strong>naissances<\/strong> et d&#039;autres occasions sp\u00e9ciales. La polyvalence s&#039;\u00e9tend \u00e9galement \u00e0 sa m\u00e9thode de fixation, avec des options de <strong>aimant<\/strong> ou <strong>biadh\u00e9sif<\/strong> selon vos pr\u00e9f\u00e9rences.<\/p>\n<p>Profitez du n\u00f4tre <strong>remises \u00e9lev\u00e9es pour les quantit\u00e9s<\/strong>, en veillant \u00e0 ce que chaque moment sp\u00e9cial, allez <strong>mariages<\/strong> \u00e0 <strong>confirmation<\/strong> Et <strong>bapt\u00eames<\/strong>, \u00eatre c\u00e9l\u00e9br\u00e9 d&#039;une mani\u00e8re unique et pratique. Choisissez le n\u00f4tre <strong>disque \u00e0 b\u00fbche en bois personnalis\u00e9<\/strong> pour une touche d&#039;\u00e9l\u00e9gance et de sens dans vos cadeaux.<\/p>\n<p>Achetez maintenant et rendez chaque occasion m\u00e9morable avec notre <strong>disque \u00e0 b\u00fbche en bois personnalis\u00e9<\/strong>!<\/p>","protected":false},"excerpt":{"rendered":"<p>D\u00e9couvrez notre disque b\u00fbche en bois personnalis\u00e9 exclusif, un cadeau unique et inoubliable pour c\u00e9l\u00e9brer des moments sp\u00e9ciaux tels que les mariages, les confirmations, les bapt\u00eames et bien plus encore ! Avec la possibilit\u00e9 de personnalisation par impression UV couleur ou gravure laser, vous pourrez faire de ce disque \u00e0 b\u00fbche un authentique chef-d&#039;\u0153uvre sur bois. Avec un diam\u00e8tre flexible qui varie de [\u2026]<\/p>","protected":false},"featured_media":26386,"template":"","meta":[],"product_brand":[],"product_cat":[124,123,122,28,93,27,29,1282,94,95],"product_tag":[1435,1433,1443,1431,1427,1442,1434,1438,1437,1430,1432,1436,1441,1428,1440,1439,1429],"class_list":{"0":"post-26385","1":"product","2":"type-product","3":"status-publish","4":"has-post-thumbnail","6":"product_cat-bomboniere-per-anniversari-e-celebrazioni","7":"product_cat-bomboniere-per-matrimoni","8":"product_cat-bomboniere-per-nascita","9":"product_cat-idee-per-battesimo","10":"product_cat-idee-per-festa-della-mamma","11":"product_cat-idee-per-matrimonio","12":"product_cat-idee-per-nascita","13":"product_cat-idee-per-natale","14":"product_cat-idee-per-san-valentino","15":"product_cat-shop","16":"product_tag-anniversari-legno-personalizzato","17":"product_tag-cerimonie-legno-personalizzato","18":"product_tag-creazioni-uniche-legno","19":"product_tag-diametro-6-7cm","20":"product_tag-disco-tronchetto-legno-personalizzato","21":"product_tag-eleganza-artigianale-legno","22":"product_tag-eventi-religiosi-legno-personalizzato","23":"product_tag-fissaggio-con-biadesivo-legno","24":"product_tag-fissaggio-con-magnete-legno","25":"product_tag-incisione-laser-legno","26":"product_tag-matrimoni-su-legno-personalizzato","27":"product_tag-nascite-su-legno-personalizzato","28":"product_tag-occasioni-speciali-legno","29":"product_tag-personalizzazione-legno","30":"product_tag-regalo-esclusivo-legno","31":"product_tag-sconti-per-quantita-legno-personalizzato","32":"product_tag-stampa-uv-a-colori","34":"first","35":"instock","36":"shipping-taxable","37":"purchasable","38":"product-type-simple"},"aioseo_notices":[],"_links":{"self":[{"href":"https:\/\/www.artieinventive.it\/fr\/wp-json\/wp\/v2\/product\/26385","targetHints":{"allow":["GET"]}}],"collection":[{"href":"https:\/\/www.artieinventive.it\/fr\/wp-json\/wp\/v2\/product"}],"about":[{"href":"https:\/\/www.artieinventive.it\/fr\/wp-json\/wp\/v2\/types\/product"}],"wp:featuredmedia":[{"embeddable":true,"href":"https:\/\/www.artieinventive.it\/fr\/wp-json\/wp\/v2\/media\/26386"}],"wp:attachment":[{"href":"https:\/\/www.artieinventive.it\/fr\/wp-json\/wp\/v2\/media?parent=26385"}],"wp:term":[{"taxonomy":"product_brand","embeddable":true,"href":"https:\/\/www.artieinventive.it\/fr\/wp-json\/wp\/v2\/product_brand?post=26385"},{"taxonomy":"product_cat","embeddable":true,"href":"https:\/\/www.artieinventive.it\/fr\/wp-json\/wp\/v2\/product_cat?post=26385"},{"taxonomy":"product_tag","embeddable":true,"href":"https:\/\/www.artieinventive.it\/fr\/wp-json\/wp\/v2\/product_tag?post=26385"}],"curies":[{"name":"wp","href":"https:\/\/api.w.org\/{rel}","templated":true}]}}