{"id":26341,"date":"2024-01-15T18:40:53","date_gmt":"2024-01-15T17:40:53","guid":{"rendered":"https:\/\/www.artieinventive.it\/?post_type=product&#038;p=26341"},"modified":"2025-11-28T18:25:26","modified_gmt":"2025-11-28T17:25:26","slug":"numero-civico-in-cotto-personalizzato","status":"publish","type":"product","link":"https:\/\/www.artieinventive.it\/fr\/bottega\/shop\/numeros-de-maison\/numero-de-maison-personnalise-en-terre-cuite\/","title":{"rendered":"Num\u00e9ro de maison personnalis\u00e9 en terre cuite"},"content":{"rendered":"<p><strong>Valorisez votre identit\u00e9 avec un num\u00e9ro de maison personnalis\u00e9 en terre cuite : style et design uniques !<\/strong><\/p>\n<p>Apportez de l&#039;individualit\u00e9 \u00e0 votre porte d&#039;entr\u00e9e avec notre exclusivit\u00e9 <strong>num\u00e9ro de maison personnalis\u00e9 en terre cuite<\/strong>.<\/p>\n<h3><strong>Caract\u00e9ristiques distinctives:<\/strong><\/h3>\n<ul>\n<li><strong>Mesures personnalis\u00e9es\u00a0:<\/strong> Ajustez parfaitement la taille de votre num\u00e9ro de maison.<\/li>\n<li><strong>Cadres dans diff\u00e9rents styles :<\/strong> Choisissez parmi une vari\u00e9t\u00e9 de montures pour un style qui vous repr\u00e9sente.<\/li>\n<li><strong>Police de texte personnalis\u00e9e\u00a0:<\/strong> Cr\u00e9ez une atmosph\u00e8re unique avec des polices sur mesure.<\/li>\n<li><strong>Finition int\u00e9rieure ou ext\u00e9rieure\u00a0:<\/strong> Pour une durabilit\u00e9 optimale, personnalisez la finition en fonction de votre environnement.<\/li>\n<\/ul>\n<h3><strong>Avantages de notre num\u00e9ro de maison personnalis\u00e9 en terre cuite :<\/strong><\/h3>\n<ul>\n<li><strong>Exclusivit\u00e9 unique\u00a0:<\/strong> Chaque num\u00e9ro de maison est un chef-d\u2019\u0153uvre unique, r\u00e9alis\u00e9 sur mesure pour vous.<\/li>\n<li><strong>L&#039;\u00e9l\u00e9gance du coton\u00a0:<\/strong> Mat\u00e9riaux de haute qualit\u00e9 pour une touche traditionnelle et durable.<\/li>\n<li><strong>Conception polyvalente\u00a0:<\/strong> Il s&#039;adapte parfaitement \u00e0 tout style architectural, de l&#039;ancien au moderne.<\/li>\n<\/ul>\n<p>Mettez en valeur votre individualit\u00e9 avec une touche de personnalisation. Obtenez le votre aujourd&#039;hui <strong>num\u00e9ro de maison personnalis\u00e9 en terre cuite<\/strong> et faites de votre entr\u00e9e une \u0153uvre d&#039;art !<\/p>","protected":false},"excerpt":{"rendered":"<p>Valorisez votre identit\u00e9 avec un num\u00e9ro de maison personnalis\u00e9 en terre cuite : style et design uniques ! Apportez de l&#039;individualit\u00e9 \u00e0 votre porte d&#039;entr\u00e9e avec notre num\u00e9ro de maison personnalis\u00e9 unique en terre cuite. Caract\u00e9ristiques distinctives : Tailles sur mesure : s&#039;adapte parfaitement \u00e0 la taille de votre num\u00e9ro de maison. Cadres dans diff\u00e9rents styles\u00a0: choisissez parmi une vari\u00e9t\u00e9 de cadres pour [\u2026]<\/p>","protected":false},"featured_media":26352,"template":"","meta":[],"product_brand":[],"product_cat":[1385,95],"product_tag":[1406,1405,1389,1397,1390,1388,1401,1400,1394,1393,1392,1404,1403,1399,1396,1391,1386,1387,1402,1395,1398],"class_list":{"0":"post-26341","1":"product","2":"type-product","3":"status-publish","4":"has-post-thumbnail","6":"product_cat-numeri-civici","7":"product_cat-shop","8":"product_tag-arte-in-cotto-su-misura","9":"product_tag-atmosfera-unica-in-ceramica","10":"product_tag-cifra-civica-in-terracotta","11":"product_tag-cifre-in-ceramica","12":"product_tag-cornici-artigianali-in-cotto","13":"product_tag-design-su-misura-in-cotto","14":"product_tag-eleganza-del-cotto","15":"product_tag-esclusivita-in-cotto","16":"product_tag-finitura-esterna-in-cotto","17":"product_tag-finitura-interna-in-terracotta","18":"product_tag-font-in-cotto","19":"product_tag-individualita-in-cotto","20":"product_tag-materiali-di-qualita-per-numeri-civici","21":"product_tag-modernita-in-terracotta","22":"product_tag-numeri-civici-su-ordinazione","23":"product_tag-numeri-personalizzati","24":"product_tag-numero-civico-in-cotto","25":"product_tag-personalizzazione-in-cotto","26":"product_tag-resistenza-in-terracotta","27":"product_tag-stile-architettonico-in-cotto","28":"product_tag-tradizione-in-cotto","30":"first","31":"instock","32":"shipping-taxable","33":"purchasable","34":"product-type-simple"},"aioseo_notices":[],"_links":{"self":[{"href":"https:\/\/www.artieinventive.it\/fr\/wp-json\/wp\/v2\/product\/26341","targetHints":{"allow":["GET"]}}],"collection":[{"href":"https:\/\/www.artieinventive.it\/fr\/wp-json\/wp\/v2\/product"}],"about":[{"href":"https:\/\/www.artieinventive.it\/fr\/wp-json\/wp\/v2\/types\/product"}],"wp:featuredmedia":[{"embeddable":true,"href":"https:\/\/www.artieinventive.it\/fr\/wp-json\/wp\/v2\/media\/26352"}],"wp:attachment":[{"href":"https:\/\/www.artieinventive.it\/fr\/wp-json\/wp\/v2\/media?parent=26341"}],"wp:term":[{"taxonomy":"product_brand","embeddable":true,"href":"https:\/\/www.artieinventive.it\/fr\/wp-json\/wp\/v2\/product_brand?post=26341"},{"taxonomy":"product_cat","embeddable":true,"href":"https:\/\/www.artieinventive.it\/fr\/wp-json\/wp\/v2\/product_cat?post=26341"},{"taxonomy":"product_tag","embeddable":true,"href":"https:\/\/www.artieinventive.it\/fr\/wp-json\/wp\/v2\/product_tag?post=26341"}],"curies":[{"name":"wp","href":"https:\/\/api.w.org\/{rel}","templated":true}]}}