{"id":26164,"date":"2024-01-07T19:54:57","date_gmt":"2024-01-07T18:54:57","guid":{"rendered":"https:\/\/www.artieinventive.it\/?post_type=product&#038;p=26164"},"modified":"2024-01-07T20:10:02","modified_gmt":"2024-01-07T19:10:02","slug":"tagliere-personalizzato-in-legno","status":"publish","type":"product","link":"https:\/\/www.artieinventive.it\/fr\/bottega\/shop\/idees-de-mariage\/planche-a-decouper-en-bois-personnalisee\/","title":{"rendered":"Planche \u00e0 d\u00e9couper en bois personnalis\u00e9e"},"content":{"rendered":"<p><strong>Polyvalence artisanale\u00a0: planche \u00e0 d\u00e9couper en bois personnalis\u00e9e par Arti&amp;Inventive<\/strong><\/p>\n<p>Bienvenue dans le monde de <strong>Arts et inventivit\u00e9<\/strong>, o\u00f9 se rejoignent notre d\u00e9vouement \u00e0 l&#039;artisanat et notre passion pour la cuisine. D\u00e9couvrez l&#039;excellence dans les d\u00e9tails avec le n\u00f4tre <strong>planches \u00e0 d\u00e9couper personnalis\u00e9es<\/strong>, fabriqu\u00e9 avec un savoir-faire expert et disponible en deux options de mat\u00e9riaux extraordinaires : bois massif et contreplaqu\u00e9 multicouche.<\/p>\n<p>Tout va bien <strong>planche \u00e0 d\u00e9couper unique<\/strong> il est con\u00e7u avec pr\u00e9cision, avec le savoir-faire qui distingue notre marque. Personnalisez le v\u00f4tre <strong>planche \u00e0 d\u00e9couper en bois massif<\/strong> pour une sensation classique et robuste, ou optez pour du contreplaqu\u00e9 multicouche pour une solution polyvalente et pratique.<\/p>\n<p>Pour la personnalisation, nous proposons deux techniques d&#039;impression de haute qualit\u00e9 :<\/p>\n<ul>\n<li><strong>Gravure laser\u00a0:<\/strong> Ajoutez une touche de classe avec des gravures d\u00e9taill\u00e9es, id\u00e9ales pour des motifs complexes, des textes personnalis\u00e9s et des designs subtils. L&#039;effet fonc\u00e9 ou br\u00fbl\u00e9 donne \u00e0 votre planche \u00e0 d\u00e9couper une touche artisanale et raffin\u00e9e.<\/li>\n<li><strong>Impression couleur directe UV\u00a0:<\/strong> Explorez l&#039;\u00e9clat des couleurs avec des impressions UV directes qui permettent d&#039;obtenir des d\u00e9tails \u00e9clatants et une gamme de couleurs compl\u00e8te. Id\u00e9ale pour les impressions photographiques, les logos en couleur et les designs complexes, cette technique donne un aspect lisse \u00e0 la surface de la planche \u00e0 d\u00e9couper.<\/li>\n<\/ul>\n<p>Notre collection offre des solutions pour chaque besoin culinaire. Que vous choisissiez la pr\u00e9cision de la gravure laser ou le dynamisme de l&#039;impression UV, chaque planche \u00e0 d\u00e9couper est con\u00e7ue pour un maximum <strong>durabilit\u00e9<\/strong> et <strong>\u00e9l\u00e9gance<\/strong>.<\/p>\n<p>Donnez-vous une touche de <strong>rusticit\u00e9 \u00e9l\u00e9gante<\/strong> avec nos planches \u00e0 d\u00e9couper minimalistes et raffin\u00e9es. Que vous soyez un chef passionn\u00e9 ou un amateur de cuisine maison, vous trouverez la planche \u00e0 d\u00e9couper parfaite pour chaque occasion. Offrez ou offrez-vous une pi\u00e8ce unique et d\u00e9corative, agr\u00e9ment\u00e9e de gravures et de d\u00e9tails qui la rendent sp\u00e9ciale.<\/p>\n<p>D\u00e9couvrez le plaisir de couper, de servir et de partager avec les v\u00f4tres <strong>planche \u00e0 d\u00e9couper personnalis\u00e9e par Arti&amp;Inventive<\/strong>. Choisissez la qualit\u00e9, choisissez le savoir-faire, choisissez la polyvalence.<\/p>\n<p>D\u00e9couvrez d\u00e8s maintenant notre collection et ajoutez une touche d&#039;authenticit\u00e9 \u00e0 votre cuisine !<\/p>","protected":false},"excerpt":{"rendered":"<p>Polyvalence artisanale : planche \u00e0 d\u00e9couper en bois personnalis\u00e9e d&#039;Arti&amp;Inventive Bienvenue dans le monde d&#039;Arti&amp;Inventive, o\u00f9 notre d\u00e9vouement \u00e0 l&#039;artisanat et notre passion pour la cuisine se rejoignent. D\u00e9couvrez l&#039;excellence dans les d\u00e9tails avec nos planches \u00e0 d\u00e9couper personnalis\u00e9es, fabriqu\u00e9es avec un savoir-faire expert et disponibles en deux superbes options de mat\u00e9riaux : bois massif et contreplaqu\u00e9. Chaque planche \u00e0 d\u00e9couper unique [\u2026]<\/p>","protected":false},"featured_media":26171,"template":"","meta":[],"product_brand":[],"product_cat":[93,27,29,1282,1312],"product_tag":[1327,1318,1341,1343,1336,1325,1326,1319,1335,1350,1321,1328,1331,1342,1337,1348,1330,1317,1347,1333,1320,1332,1338,1315,1340,1334,1322,1344,1349,1329,1346,1324,1339,1316,1313,1314,1323,1345],"class_list":{"0":"post-26164","1":"product","2":"type-product","3":"status-publish","4":"has-post-thumbnail","6":"product_cat-idee-per-festa-della-mamma","7":"product_cat-idee-per-matrimonio","8":"product_cat-idee-per-nascita","9":"product_cat-idee-per-natale","10":"product_cat-taglieri","11":"product_tag-accessorio-cucina","12":"product_tag-artigianale","13":"product_tag-barbecue","14":"product_tag-bruschette","15":"product_tag-carne","16":"product_tag-chef","17":"product_tag-cibo","18":"product_tag-cucina","19":"product_tag-decorativo","20":"product_tag-design-ergonomico","21":"product_tag-design-unico","22":"product_tag-eco-friendly","23":"product_tag-famiglia","24":"product_tag-finger-food","25":"product_tag-formaggi","26":"product_tag-grande-dimensione","27":"product_tag-incisione","28":"product_tag-legno","29":"product_tag-legno-massello","30":"product_tag-materiale-naturale","31":"product_tag-nome","32":"product_tag-occasione","33":"product_tag-pane","34":"product_tag-personalizzato","35":"product_tag-pizza","36":"product_tag-raffinato","37":"product_tag-regalo","38":"product_tag-salumi","39":"product_tag-scolpito-a-mano","40":"product_tag-sostenibile","41":"product_tag-stile-minimalista","42":"product_tag-stile-rustico","43":"product_tag-sushi","44":"product_tag-tagliere","45":"product_tag-tagliere-personalizzato","46":"product_tag-tagliere-personalizzato-in-legno","47":"product_tag-utensili-da-cucina","48":"product_tag-vegetariano","50":"first","51":"instock","52":"shipping-taxable","53":"purchasable","54":"product-type-simple"},"aioseo_notices":[],"_links":{"self":[{"href":"https:\/\/www.artieinventive.it\/fr\/wp-json\/wp\/v2\/product\/26164","targetHints":{"allow":["GET"]}}],"collection":[{"href":"https:\/\/www.artieinventive.it\/fr\/wp-json\/wp\/v2\/product"}],"about":[{"href":"https:\/\/www.artieinventive.it\/fr\/wp-json\/wp\/v2\/types\/product"}],"wp:featuredmedia":[{"embeddable":true,"href":"https:\/\/www.artieinventive.it\/fr\/wp-json\/wp\/v2\/media\/26171"}],"wp:attachment":[{"href":"https:\/\/www.artieinventive.it\/fr\/wp-json\/wp\/v2\/media?parent=26164"}],"wp:term":[{"taxonomy":"product_brand","embeddable":true,"href":"https:\/\/www.artieinventive.it\/fr\/wp-json\/wp\/v2\/product_brand?post=26164"},{"taxonomy":"product_cat","embeddable":true,"href":"https:\/\/www.artieinventive.it\/fr\/wp-json\/wp\/v2\/product_cat?post=26164"},{"taxonomy":"product_tag","embeddable":true,"href":"https:\/\/www.artieinventive.it\/fr\/wp-json\/wp\/v2\/product_tag?post=26164"}],"curies":[{"name":"wp","href":"https:\/\/api.w.org\/{rel}","templated":true}]}}