{"id":26144,"date":"2024-01-06T22:18:19","date_gmt":"2024-01-06T21:18:19","guid":{"rendered":"https:\/\/www.artieinventive.it\/?post_type=product&#038;p=26144"},"modified":"2024-01-21T15:49:56","modified_gmt":"2024-01-21T14:49:56","slug":"portatovaglioli-in-legno-personalizzato","status":"publish","type":"product","link":"https:\/\/www.artieinventive.it\/fr\/bottega\/shop\/idees-de-mariage\/porte-serviette-en-bois-personnalise\/","title":{"rendered":"Porte-serviettes en bois personnalis\u00e9"},"content":{"rendered":"<p><strong>Porte-serviettes en bois personnalis\u00e9 \u2013 \u00c9l\u00e9gance et style uniques sur ArtieInventive.it<\/strong><\/p>\n<p>Ajoutez une touche de <strong>raffinement<\/strong> \u00e0 votre table avec notre exclusivit\u00e9 <strong>porte serviette en bois personnalis\u00e9<\/strong> disponible sur ArtieInventive.it. Fabriqu\u00e9 avec un savoir-faire expert, ce porte-serviettes allie la beaut\u00e9 de <strong>bois naturel<\/strong> \u00e0 l&#039;individualit\u00e9 de <strong>personnalisation<\/strong>.<\/p>\n<p><strong>Caract\u00e9ristiques principales:<\/strong><\/p>\n<ul>\n<li><strong>Bois de haute qualit\u00e9 :<\/strong> Chaque porte-serviettes est fabriqu\u00e9 avec <strong>bois pr\u00e9cieux<\/strong>, garantissant <strong>durabilit\u00e9<\/strong> Et <strong>r\u00e9sistance<\/strong> \u00e0 l&#039;heure.<\/li>\n<li><strong>Personnalisation unique\u00a0:<\/strong> Choisissez votre style ! ajouter <strong>initiales<\/strong>, <strong>\u00e0 ta maison<\/strong> ou <strong>messages sp\u00e9ciaux<\/strong> \u00e0 votre porte-serviettes pour le r\u00e9aliser <strong>unique<\/strong> Et <strong>significatif<\/strong>.<\/li>\n<li><strong>M\u00e9thode d&#039;impression\u00a0: <\/strong>Vous pouvez choisir entre une gravure laser ou une impression couleur UV directe<\/li>\n<li><strong>Design \u00e9l\u00e9gant :<\/strong> Notre souci du d\u00e9tail se refl\u00e8te dans le <strong>design raffin\u00e9<\/strong> du porte-serviettes, qui s&#039;adapte parfaitement \u00e0 n&#039;importe quel environnement.<\/li>\n<\/ul>\n<p><strong>Pourquoi choisir notre porte-serviettes personnalis\u00e9 :<\/strong><\/p>\n<ol>\n<li><strong>Cadeau inoubliable\u00a0:<\/strong> Id\u00e9al pour les occasions sp\u00e9ciales telles que <strong>mariages<\/strong>, <strong>anniversaires<\/strong> ou <strong>anniversaires<\/strong>, le porte-serviettes personnalis\u00e9 sera un <strong>cadeau inoubliable<\/strong>.<\/li>\n<li><strong>Respectueux de la nature:<\/strong> Notre engagement envers l&#039;environnement se traduit dans le choix des mat\u00e9riaux <strong>durable<\/strong> et en production <strong>responsable<\/strong>.<\/li>\n<li><strong>Exp\u00e9rience d&#039;achat s\u00e9curis\u00e9e\u00a0:<\/strong> ArtieInventive.it propose une plateforme <strong>s\u00fbr<\/strong> Et <strong>fiable<\/strong> pour une exp\u00e9rience d&#039;achat sans souci.<\/li>\n<\/ol>\n<p>Ajoutez une touche personnalis\u00e9e \u00e0 votre table et faites une d\u00e9claration de style avec notre <strong>porte-serviette en bois<\/strong>. Choisir la <strong>qualit\u00e9<\/strong>, choisir la<strong>\u00e9l\u00e9gance<\/strong> \u2013 achetez maintenant sur ArtieInventive.it !<\/p>","protected":false},"excerpt":{"rendered":"<p>Porte-serviettes en bois personnalis\u00e9 - \u00c9l\u00e9gance et style uniques sur ArtieInventive.it Ajoutez une touche de raffinement \u00e0 votre table avec notre porte-serviettes en bois personnalis\u00e9 exclusif disponible sur ArtieInventive.it. Fabriqu\u00e9 avec un savoir-faire expert, ce porte-serviettes allie la beaut\u00e9 du bois naturel \u00e0 l&#039;individualit\u00e9 de la personnalisation. Caract\u00e9ristiques principales : Bois de haute qualit\u00e9 : Chaque porte-serviettes est fabriqu\u00e9 [\u2026]<\/p>","protected":false},"featured_media":26150,"template":"","meta":[],"product_brand":[],"product_cat":[28,93,27,29,1282,1309,95],"product_tag":[1310,1311],"class_list":{"0":"post-26144","1":"product","2":"type-product","3":"status-publish","4":"has-post-thumbnail","6":"product_cat-idee-per-battesimo","7":"product_cat-idee-per-festa-della-mamma","8":"product_cat-idee-per-matrimonio","9":"product_cat-idee-per-nascita","10":"product_cat-idee-per-natale","11":"product_cat-portatovaglioli","12":"product_cat-shop","13":"product_tag-portatovaglioli-personalizzato","14":"product_tag-portatovaglioli-stampa-personalizzata-a-colori","16":"first","17":"instock","18":"shipping-taxable","19":"purchasable","20":"product-type-simple"},"aioseo_notices":[],"_links":{"self":[{"href":"https:\/\/www.artieinventive.it\/fr\/wp-json\/wp\/v2\/product\/26144","targetHints":{"allow":["GET"]}}],"collection":[{"href":"https:\/\/www.artieinventive.it\/fr\/wp-json\/wp\/v2\/product"}],"about":[{"href":"https:\/\/www.artieinventive.it\/fr\/wp-json\/wp\/v2\/types\/product"}],"wp:featuredmedia":[{"embeddable":true,"href":"https:\/\/www.artieinventive.it\/fr\/wp-json\/wp\/v2\/media\/26150"}],"wp:attachment":[{"href":"https:\/\/www.artieinventive.it\/fr\/wp-json\/wp\/v2\/media?parent=26144"}],"wp:term":[{"taxonomy":"product_brand","embeddable":true,"href":"https:\/\/www.artieinventive.it\/fr\/wp-json\/wp\/v2\/product_brand?post=26144"},{"taxonomy":"product_cat","embeddable":true,"href":"https:\/\/www.artieinventive.it\/fr\/wp-json\/wp\/v2\/product_cat?post=26144"},{"taxonomy":"product_tag","embeddable":true,"href":"https:\/\/www.artieinventive.it\/fr\/wp-json\/wp\/v2\/product_tag?post=26144"}],"curies":[{"name":"wp","href":"https:\/\/api.w.org\/{rel}","templated":true}]}}