{"id":186,"date":"2015-12-28T18:06:29","date_gmt":"2015-12-28T17:06:29","guid":{"rendered":"http:\/\/artieinventive.it\/?post_type=product&#038;p=186"},"modified":"2022-01-24T07:28:03","modified_gmt":"2022-01-24T06:28:03","slug":"ritratto-del-tuo-animale-in-3d-dipinto-a-mano","status":"publish","type":"product","link":"https:\/\/www.artieinventive.it\/fr\/bottega\/shop\/portraits-3d\/portrait-3d-peint-a-la-main-de-votre-animal-de-compagnie\/","title":{"rendered":"Portrait 3D peint \u00e0 la main de votre animal de compagnie"},"content":{"rendered":"<p>Transformez la photo de votre animal en \u0153uvre d&#039;art avec la n\u00f4tre<strong> Portraits 3D en relief personnalis\u00e9s !<\/strong><\/p>\n<p>Parfait pour un cadeau original ou comme objet de d\u00e9coration unique !<\/p>\n<p>Comme vous pouvez le constater sur les photos, le r\u00e9sultat final est unique !<\/p>\n<p>Le <strong>portrait personnalis\u00e9 de votre animal<\/strong> il est r\u00e9alis\u00e9 en bois de sapin massif de 2,5 cm d&#039;\u00e9paisseur, prot\u00e9g\u00e9 par un vernis transparent et fini \u00e0 la cire d&#039;abeille parfum\u00e9e.<\/p>\n<p>Enti\u00e8rement sculpt\u00e9 et peint \u00e0 la main.<\/p>\n<p>Le <strong>portrait personnalis\u00e9 de votre animal<\/strong> Livr\u00e9 avec crochet pour accrocher au mur.<\/p>\n<p>T\u00e9l\u00e9chargez une photo de votre animal dans n&#039;importe quelle pose, l&#039;un de nos artistes num\u00e9riques cr\u00e9era le mod\u00e8le tridimensionnel et l&#039;un de nos peintres le peindra \u00e0 la main avec des couleurs acryliques. Le r\u00e9sultat sera une \u0153uvre sculpturale\/picturale unique, parfaite pour \u00e0 accrocher au mur, sur votre mur ou partout ailleurs !<\/p>","protected":false},"excerpt":{"rendered":"<p>Transformez la photo de votre animal en \u0153uvre d&#039;art avec nos portraits 3D en relief personnalis\u00e9s ! Parfait pour un cadeau original ou comme objet de d\u00e9coration unique ! Comme vous pouvez le constater sur les photos, le r\u00e9sultat final est unique ! Le portrait de votre animal personnalis\u00e9 est r\u00e9alis\u00e9 sur du bois de sapin massif de 2,5 cm d&#039;\u00e9paisseur, prot\u00e9g\u00e9 par [\u2026]<\/p>","protected":false},"featured_media":474,"template":"","meta":[],"product_brand":[],"product_cat":[11],"product_tag":[342,344,345,341,346,343,347],"class_list":{"0":"post-186","1":"product","2":"type-product","3":"status-publish","4":"has-post-thumbnail","6":"product_cat-ritratti-3d","7":"product_tag-ritratto-animale","8":"product_tag-ritratto-animale-da-compagnia","9":"product_tag-ritratto-animale-personalizzato","10":"product_tag-ritratto-cane","11":"product_tag-ritratto-cane-personalizzato","12":"product_tag-ritratto-gatto","13":"product_tag-ritratto-gatto-personalizzato","15":"first","16":"instock","17":"sale","18":"shipping-taxable","19":"purchasable","20":"product-type-simple"},"aioseo_notices":[],"_links":{"self":[{"href":"https:\/\/www.artieinventive.it\/fr\/wp-json\/wp\/v2\/product\/186","targetHints":{"allow":["GET"]}}],"collection":[{"href":"https:\/\/www.artieinventive.it\/fr\/wp-json\/wp\/v2\/product"}],"about":[{"href":"https:\/\/www.artieinventive.it\/fr\/wp-json\/wp\/v2\/types\/product"}],"wp:featuredmedia":[{"embeddable":true,"href":"https:\/\/www.artieinventive.it\/fr\/wp-json\/wp\/v2\/media\/474"}],"wp:attachment":[{"href":"https:\/\/www.artieinventive.it\/fr\/wp-json\/wp\/v2\/media?parent=186"}],"wp:term":[{"taxonomy":"product_brand","embeddable":true,"href":"https:\/\/www.artieinventive.it\/fr\/wp-json\/wp\/v2\/product_brand?post=186"},{"taxonomy":"product_cat","embeddable":true,"href":"https:\/\/www.artieinventive.it\/fr\/wp-json\/wp\/v2\/product_cat?post=186"},{"taxonomy":"product_tag","embeddable":true,"href":"https:\/\/www.artieinventive.it\/fr\/wp-json\/wp\/v2\/product_tag?post=186"}],"curies":[{"name":"wp","href":"https:\/\/api.w.org\/{rel}","templated":true}]}}