{"id":1849,"date":"2019-01-21T18:41:56","date_gmt":"2019-01-21T17:41:56","guid":{"rendered":"https:\/\/www.artieinventive.it\/?post_type=product&#038;p=1849"},"modified":"2022-07-18T01:59:55","modified_gmt":"2022-07-17T23:59:55","slug":"logo-ducati-corse-personalizzato-in-alluminio","status":"publish","type":"product","link":"https:\/\/www.artieinventive.it\/fr\/bottega\/shop\/textes-personnalises\/logo-ducati-corse-personnalise-en-aluminium\/","title":{"rendered":"Logo Ducati Corse personnalis\u00e9 en aluminium"},"content":{"rendered":"<p>Le <strong>Logo Ducati Corse personnalis\u00e9 en aluminium<\/strong>\u00a0parfait pour votre moto.<\/p>\n<p>En achetant ceci\u00a0<strong>Logo Ducati Corse personnalis\u00e9 en aluminium <\/strong>vous aurez la possibilit\u00e9 de le personnaliser avec votre nom, votre pseudo ou tout autre texte de votre choix !<\/p>\n<p>Le\u00a0<strong>Logo Ducati Corse personnalis\u00e9 en aluminium <\/strong>il convient \u00e9galement comme gadget pour les clubs Ducati et pour la production en s\u00e9rie personnalis\u00e9e.<\/p>\n<p>L&#039;aluminium utilis\u00e9 pour fabriquer cela <strong>Logo Ducati Corse personnalis\u00e9 en aluminium<\/strong>\u00a0il est de la plus haute qualit\u00e9, pur \u00e0 99,5%, disponible en \u00e9paisseurs de 3 \u2013 4 \u2013 5 mm, l\u00e9ger, r\u00e9sistant \u00e0 l&#039;usure et \u00e0 la corrosion.<\/p>\n<p>Si vous avez besoin d&#039;un logo similaire ou d&#039;une autre marque, n&#039;h\u00e9sitez pas \u00e0 nous contacter, nous r\u00e9pondrons \u00e0 tous vos besoins de personnalisation.<\/p>","protected":false},"excerpt":{"rendered":"<p>Le logo Ducati Corse personnalis\u00e9 en aluminium parfait pour votre moto. En achetant ce logo Ducati Corse personnalis\u00e9 en aluminium, vous aurez la possibilit\u00e9 de le personnaliser avec votre nom, votre pseudo ou tout autre texte de votre choix ! Le logo Ducati Corse personnalis\u00e9 en aluminium convient \u00e9galement comme gadget pour les clubs Ducati et pour la production en s\u00e9rie personnalis\u00e9e. [\u2026]<\/p>","protected":false},"featured_media":1887,"template":"","meta":[],"product_brand":[],"product_cat":[278,13],"product_tag":[1138,1136,1139,288,291,287,1140,289,1137,1135],"class_list":{"0":"post-1849","1":"product","2":"type-product","3":"status-publish","4":"has-post-thumbnail","6":"product_cat-loghi-e-marchi","7":"product_cat-scritte-personalizzate","8":"product_tag-ducati-corse","9":"product_tag-ducati-nome-personalizzato","10":"product_tag-ducati-personalizzato","11":"product_tag-emblema-ducati","12":"product_tag-emblema-ducati-in-alluminio","13":"product_tag-logo-ducati","14":"product_tag-logo-ducati-personalizzato","15":"product_tag-marchio-ducati","16":"product_tag-marchio-ducati-corse","17":"product_tag-marchio-ducati-personalizzato","19":"first","20":"instock","21":"shipping-taxable","22":"purchasable","23":"product-type-simple"},"aioseo_notices":[],"_links":{"self":[{"href":"https:\/\/www.artieinventive.it\/fr\/wp-json\/wp\/v2\/product\/1849","targetHints":{"allow":["GET"]}}],"collection":[{"href":"https:\/\/www.artieinventive.it\/fr\/wp-json\/wp\/v2\/product"}],"about":[{"href":"https:\/\/www.artieinventive.it\/fr\/wp-json\/wp\/v2\/types\/product"}],"wp:featuredmedia":[{"embeddable":true,"href":"https:\/\/www.artieinventive.it\/fr\/wp-json\/wp\/v2\/media\/1887"}],"wp:attachment":[{"href":"https:\/\/www.artieinventive.it\/fr\/wp-json\/wp\/v2\/media?parent=1849"}],"wp:term":[{"taxonomy":"product_brand","embeddable":true,"href":"https:\/\/www.artieinventive.it\/fr\/wp-json\/wp\/v2\/product_brand?post=1849"},{"taxonomy":"product_cat","embeddable":true,"href":"https:\/\/www.artieinventive.it\/fr\/wp-json\/wp\/v2\/product_cat?post=1849"},{"taxonomy":"product_tag","embeddable":true,"href":"https:\/\/www.artieinventive.it\/fr\/wp-json\/wp\/v2\/product_tag?post=1849"}],"curies":[{"name":"wp","href":"https:\/\/api.w.org\/{rel}","templated":true}]}}