{"id":17030,"date":"2022-02-22T17:55:46","date_gmt":"2022-02-22T16:55:46","guid":{"rendered":"https:\/\/www.artieinventive.it\/?post_type=product&#038;p=17030"},"modified":"2024-03-05T19:07:47","modified_gmt":"2024-03-05T18:07:47","slug":"portachiavi-in-alluminio-forma-e-grafica-personalizzata","status":"publish","type":"product","link":"https:\/\/www.artieinventive.it\/fr\/bottega\/shop\/porte-cles\/porte-cles-en-aluminium-avec-forme-et-graphisme-personnalises\/","title":{"rendered":"Porte-cl\u00e9s en aluminium avec forme et graphisme personnalis\u00e9s"},"content":{"rendered":"<p>Faire n&#039;importe <strong>porte-cl\u00e9s avec forme et graphisme personnalis\u00e9s.<\/strong><\/p>\n<p>Un produit sur mesure pour vous <strong>porte-cl\u00e9s avec forme et graphisme personnalis\u00e9s <\/strong>c&#039;est une id\u00e9e cadeau parfaite pour toute occasion.<\/p>\n<p>Vous pouvez choisir parmi les formes disponibles ou t\u00e9l\u00e9charger celle de votre choix, nous sommes disponibles pour tous vos besoins de personnalisation.<\/p>","protected":false},"excerpt":{"rendered":"<p>Cr\u00e9ez n&#039;importe quel porte-cl\u00e9s avec une forme et des graphiques personnalis\u00e9s. Fabriqu\u00e9 sur mesure pour vous, le porte-cl\u00e9s \u00e0 la forme et au graphisme personnalis\u00e9s est une id\u00e9e cadeau parfaite pour toute occasion. Vous pouvez choisir parmi les formes disponibles ou t\u00e9l\u00e9charger celle de votre choix, nous sommes disponibles pour tous vos besoins de personnalisation.<\/p>","protected":false},"featured_media":17049,"template":"","meta":[],"product_brand":[],"product_cat":[97],"product_tag":[1279,1280,98],"class_list":{"0":"post-17030","1":"product","2":"type-product","3":"status-publish","4":"has-post-thumbnail","6":"product_cat-portachiavi","7":"product_tag-portachiavi-con-incisione-personalizzata","8":"product_tag-portachiavi-in-alluminio-personalizzato","9":"product_tag-portachiavi-personalizzato","11":"first","12":"instock","13":"shipping-taxable","14":"purchasable","15":"product-type-simple"},"aioseo_notices":[],"_links":{"self":[{"href":"https:\/\/www.artieinventive.it\/fr\/wp-json\/wp\/v2\/product\/17030","targetHints":{"allow":["GET"]}}],"collection":[{"href":"https:\/\/www.artieinventive.it\/fr\/wp-json\/wp\/v2\/product"}],"about":[{"href":"https:\/\/www.artieinventive.it\/fr\/wp-json\/wp\/v2\/types\/product"}],"wp:featuredmedia":[{"embeddable":true,"href":"https:\/\/www.artieinventive.it\/fr\/wp-json\/wp\/v2\/media\/17049"}],"wp:attachment":[{"href":"https:\/\/www.artieinventive.it\/fr\/wp-json\/wp\/v2\/media?parent=17030"}],"wp:term":[{"taxonomy":"product_brand","embeddable":true,"href":"https:\/\/www.artieinventive.it\/fr\/wp-json\/wp\/v2\/product_brand?post=17030"},{"taxonomy":"product_cat","embeddable":true,"href":"https:\/\/www.artieinventive.it\/fr\/wp-json\/wp\/v2\/product_cat?post=17030"},{"taxonomy":"product_tag","embeddable":true,"href":"https:\/\/www.artieinventive.it\/fr\/wp-json\/wp\/v2\/product_tag?post=17030"}],"curies":[{"name":"wp","href":"https:\/\/api.w.org\/{rel}","templated":true}]}}