{"id":16954,"date":"2022-02-16T19:22:29","date_gmt":"2022-02-16T18:22:29","guid":{"rendered":"https:\/\/www.artieinventive.it\/?post_type=product&#038;p=16954"},"modified":"2023-05-21T11:55:58","modified_gmt":"2023-05-21T09:55:58","slug":"forme-e-sagome-in-legno-compensato-personalizzate","status":"publish","type":"product","link":"https:\/\/www.artieinventive.it\/fr\/bottega\/shop\/formes-et-silhouettes\/formes-et-formes-de-contreplaque-personnalisees\/","title":{"rendered":"Formes et formes de contreplaqu\u00e9 personnalis\u00e9es"},"content":{"rendered":"<p>Taillez n&#039;importe quel <strong>forme personnalis\u00e9e ou forme en contreplaqu\u00e9 multicouche<\/strong>.<\/p>\n<p>L\u00e0 <strong>forme ou forme<\/strong><strong>\u00a0en contreplaqu\u00e9 multicouche<\/strong> il est disponible en \u00e9paisseurs de 4, 10, 15, 20, 25, 30 mm.<\/p>\n<p>Le mat\u00e9riel utilis\u00e9 est <strong>contreplaqu\u00e9 de peuplier<\/strong> qualit\u00e9 sup\u00e9rieure!<\/p>","protected":false},"excerpt":{"rendered":"<p>Sculptez n\u2019importe quelle forme personnalis\u00e9e dans du contreplaqu\u00e9 multicouche. La forme ou la forme du contreplaqu\u00e9 multicouche est disponible dans des \u00e9paisseurs de 4, 10, 15, 20, 25, 30 mm. Le mat\u00e9riau utilis\u00e9 est du contreplaqu\u00e9 de peuplier de premi\u00e8re qualit\u00e9 !<\/p>","protected":false},"featured_media":16957,"template":"","meta":[],"product_brand":[],"product_cat":[1264],"product_tag":[1275,1276],"class_list":{"0":"post-16954","1":"product","2":"type-product","3":"status-publish","4":"has-post-thumbnail","6":"product_cat-forme-e-sagome","7":"product_tag-forme-in-compensato-personalizzate","8":"product_tag-sagome-in-legno-compensato-personalizzate","10":"first","11":"instock","12":"shipping-taxable","13":"purchasable","14":"product-type-simple"},"aioseo_notices":[],"_links":{"self":[{"href":"https:\/\/www.artieinventive.it\/fr\/wp-json\/wp\/v2\/product\/16954","targetHints":{"allow":["GET"]}}],"collection":[{"href":"https:\/\/www.artieinventive.it\/fr\/wp-json\/wp\/v2\/product"}],"about":[{"href":"https:\/\/www.artieinventive.it\/fr\/wp-json\/wp\/v2\/types\/product"}],"wp:featuredmedia":[{"embeddable":true,"href":"https:\/\/www.artieinventive.it\/fr\/wp-json\/wp\/v2\/media\/16957"}],"wp:attachment":[{"href":"https:\/\/www.artieinventive.it\/fr\/wp-json\/wp\/v2\/media?parent=16954"}],"wp:term":[{"taxonomy":"product_brand","embeddable":true,"href":"https:\/\/www.artieinventive.it\/fr\/wp-json\/wp\/v2\/product_brand?post=16954"},{"taxonomy":"product_cat","embeddable":true,"href":"https:\/\/www.artieinventive.it\/fr\/wp-json\/wp\/v2\/product_cat?post=16954"},{"taxonomy":"product_tag","embeddable":true,"href":"https:\/\/www.artieinventive.it\/fr\/wp-json\/wp\/v2\/product_tag?post=16954"}],"curies":[{"name":"wp","href":"https:\/\/api.w.org\/{rel}","templated":true}]}}