{"id":165,"date":"2015-12-26T10:20:57","date_gmt":"2015-12-26T09:20:57","guid":{"rendered":"http:\/\/artieinventive.it\/?post_type=product&#038;p=165"},"modified":"2022-01-04T09:42:49","modified_gmt":"2022-01-04T08:42:49","slug":"portachiavi-in-alluminio-con-scritta-personalizzata","status":"publish","type":"product","link":"https:\/\/www.artieinventive.it\/fr\/bottega\/shop\/porte-cles\/porte-cles-en-aluminium-avec-ecriture-personnalisee\/","title":{"rendered":"Porte-cl\u00e9s en aluminium avec \u00e9criture personnalis\u00e9e"},"content":{"rendered":"<p>Cr\u00e9ez un porte-cl\u00e9s unique ! Vous pourrez sculpter n&#039;importe quelle \u00e9criture, un objet parfait pour votre usage quotidien ou cr\u00e9er une \u00e9dition limit\u00e9e pour des \u00e9v\u00e9nements, c\u00e9r\u00e9monies et bien plus encore !<\/p>\n<p>Le porte-cl\u00e9s est en aluminium pur, et allie l\u00e9g\u00e8ret\u00e9 et r\u00e9sistance.<\/p>\n<p>Le porte-cl\u00e9s sera fourni avec un crochet et une cha\u00eene pour cl\u00e9s.<\/p>","protected":false},"excerpt":{"rendered":"<p>Cr\u00e9ez un porte-cl\u00e9s unique ! Vous pourrez sculpter n&#039;importe quelle \u00e9criture, un objet parfait pour votre usage quotidien ou cr\u00e9er une \u00e9dition limit\u00e9e pour des \u00e9v\u00e9nements, c\u00e9r\u00e9monies et bien plus encore ! Le porte-cl\u00e9s est en aluminium pur, et allie l\u00e9g\u00e8ret\u00e9 et r\u00e9sistance. Le porte-cl\u00e9s sera fourni avec un crochet et une cha\u00eene pour cl\u00e9s.<\/p>","protected":false},"featured_media":495,"template":"","meta":[],"product_brand":[],"product_cat":[97],"product_tag":[],"class_list":{"0":"post-165","1":"product","2":"type-product","3":"status-publish","4":"has-post-thumbnail","6":"product_cat-portachiavi","8":"first","9":"instock","10":"sale","11":"shipping-taxable","12":"purchasable","13":"product-type-simple"},"aioseo_notices":[],"_links":{"self":[{"href":"https:\/\/www.artieinventive.it\/fr\/wp-json\/wp\/v2\/product\/165","targetHints":{"allow":["GET"]}}],"collection":[{"href":"https:\/\/www.artieinventive.it\/fr\/wp-json\/wp\/v2\/product"}],"about":[{"href":"https:\/\/www.artieinventive.it\/fr\/wp-json\/wp\/v2\/types\/product"}],"wp:featuredmedia":[{"embeddable":true,"href":"https:\/\/www.artieinventive.it\/fr\/wp-json\/wp\/v2\/media\/495"}],"wp:attachment":[{"href":"https:\/\/www.artieinventive.it\/fr\/wp-json\/wp\/v2\/media?parent=165"}],"wp:term":[{"taxonomy":"product_brand","embeddable":true,"href":"https:\/\/www.artieinventive.it\/fr\/wp-json\/wp\/v2\/product_brand?post=165"},{"taxonomy":"product_cat","embeddable":true,"href":"https:\/\/www.artieinventive.it\/fr\/wp-json\/wp\/v2\/product_cat?post=165"},{"taxonomy":"product_tag","embeddable":true,"href":"https:\/\/www.artieinventive.it\/fr\/wp-json\/wp\/v2\/product_tag?post=165"}],"curies":[{"name":"wp","href":"https:\/\/api.w.org\/{rel}","templated":true}]}}