{"id":1592,"date":"2019-01-10T18:14:49","date_gmt":"2019-01-10T17:14:49","guid":{"rendered":"https:\/\/www.artieinventive.it\/?post_type=product&#038;p=1592"},"modified":"2022-02-10T17:52:09","modified_gmt":"2022-02-10T16:52:09","slug":"portachiavi-con-ritratto-3d-personalizzato-del-tuo-animale-da-compagnia","status":"publish","type":"product","link":"https:\/\/www.artieinventive.it\/fr\/bottega\/shop\/portraits-3d\/porte-cles-avec-portrait-3d-personnalise-de-votre-animal\/","title":{"rendered":"Porte-cl\u00e9s avec portrait 3D personnalis\u00e9 de votre animal"},"content":{"rendered":"<p>Emportez toujours votre animal de compagnie avec vous gr\u00e2ce \u00e0 ce magnifique <strong>porte-cl\u00e9s avec portrait 3D personnalis\u00e9 de votre animal<\/strong>!<\/p>\n<p>T\u00e9l\u00e9chargez une photo de votre animal de compagnie, l&#039;un de nos artistes 3D cr\u00e9era le mod\u00e8le tridimensionnel parfait pour r\u00e9aliser le v\u00f4tre. <strong>porte-cl\u00e9s avec portrait 3D personnalis\u00e9 de votre animal de compagnie.<\/strong><\/p>\n<p><strong>Le porte-cl\u00e9s avec un portrait 3D personnalis\u00e9 de votre animal<\/strong> il est fabriqu\u00e9 en aluminium pur, l\u00e9ger et r\u00e9sistant \u00e0 la corrosion d&#039;une \u00e9paisseur de 4 mm.<\/p>\n<p>Les dimensions sont d&#039;environ 6x5cm (peuvent varier selon le type de photo fournie).<\/p>\n<p>Vous pouvez choisir d&#039;\u00e9crire ou non le nom de votre animal.<\/p>\n<p>Apr\u00e8s avoir pass\u00e9 votre commande, nous vous proposerons une solution graphique 3D avant de passer \u00e0 l&#039;impression, que vous devrez approuver, pour \u00eatre s\u00fbr que le r\u00e9sultat soit \u00e0 votre go\u00fbt !<\/p>\n<p>&nbsp;<\/p>\n<p>&nbsp;<\/p>","protected":false},"excerpt":{"rendered":"<p>Emportez toujours votre animal avec vous gr\u00e2ce \u00e0 ce magnifique porte-cl\u00e9s avec un portrait 3D personnalis\u00e9 de votre animal ! T\u00e9l\u00e9chargez une photo de votre animal de compagnie, l&#039;un de nos artistes 3D cr\u00e9era le mod\u00e8le tridimensionnel parfait pour cr\u00e9er votre porte-cl\u00e9s portrait 3D personnalis\u00e9 de votre animal de compagnie. [\u2026]<\/p>","protected":false},"featured_media":1595,"template":"","meta":[],"product_brand":[],"product_cat":[97,11],"product_tag":[],"class_list":{"0":"post-1592","1":"product","2":"type-product","3":"status-publish","4":"has-post-thumbnail","6":"product_cat-portachiavi","7":"product_cat-ritratti-3d","9":"first","10":"instock","11":"sale","12":"shipping-taxable","13":"purchasable","14":"product-type-simple"},"aioseo_notices":[],"_links":{"self":[{"href":"https:\/\/www.artieinventive.it\/fr\/wp-json\/wp\/v2\/product\/1592","targetHints":{"allow":["GET"]}}],"collection":[{"href":"https:\/\/www.artieinventive.it\/fr\/wp-json\/wp\/v2\/product"}],"about":[{"href":"https:\/\/www.artieinventive.it\/fr\/wp-json\/wp\/v2\/types\/product"}],"wp:featuredmedia":[{"embeddable":true,"href":"https:\/\/www.artieinventive.it\/fr\/wp-json\/wp\/v2\/media\/1595"}],"wp:attachment":[{"href":"https:\/\/www.artieinventive.it\/fr\/wp-json\/wp\/v2\/media?parent=1592"}],"wp:term":[{"taxonomy":"product_brand","embeddable":true,"href":"https:\/\/www.artieinventive.it\/fr\/wp-json\/wp\/v2\/product_brand?post=1592"},{"taxonomy":"product_cat","embeddable":true,"href":"https:\/\/www.artieinventive.it\/fr\/wp-json\/wp\/v2\/product_cat?post=1592"},{"taxonomy":"product_tag","embeddable":true,"href":"https:\/\/www.artieinventive.it\/fr\/wp-json\/wp\/v2\/product_tag?post=1592"}],"curies":[{"name":"wp","href":"https:\/\/api.w.org\/{rel}","templated":true}]}}