{"id":9738,"date":"2022-02-08T17:53:14","date_gmt":"2022-02-08T16:53:14","guid":{"rendered":"https:\/\/www.artieinventive.it\/?post_type=product&#038;p=9738"},"modified":"2023-11-22T12:36:18","modified_gmt":"2023-11-22T11:36:18","slug":"forme-sagome-in-legno-personalizzate","status":"publish","type":"product","link":"https:\/\/www.artieinventive.it\/es\/bottega\/shop\/placas\/formas-de-madera-personalizadas\/","title":{"rendered":"Formas y formas de madera maciza personalizadas."},"content":{"rendered":"<p>Cualquier forma, dise\u00f1o, silueta que tengas en mente, puede hacerse realidad gracias a la nuestra. <strong>formas de madera maciza personalizadas<\/strong>.<\/p>\n<p>Para \u00e9stos<strong> formas de madera personalizadas<\/strong> Puedes elegir entre abeto macizo, casta\u00f1o, fresno, caoba, toulipier, okoum\u00e8, wengu\u00e9, nogal, roble y en diferentes espesores desde 5mm hasta 3cm.<\/p>\n<p>Tambi\u00e9n puedes colorearlos. <strong>formas y formas de madera personalizadas<\/strong> como prefieras, y tambi\u00e9n puedes elegir el m\u00e9todo de fijaci\u00f3n.<\/p>\n<p>con el nuestro<strong> formas y formas de madera personalizadas<\/strong>\u00a1Tienes total libertad sobre tu mundo creativo!<\/p>\n<p>Sube tu dibujo\/boceto\/archivo o ilustranos tu proyecto, estamos disponibles para convertir cualquiera de tus ideas en realidad. <strong>formas y formas de madera personalizadas<\/strong>.<\/p>","protected":false},"excerpt":{"rendered":"<p>Cualquier forma, dise\u00f1o o silueta que tengas en mente, puede hacerse realidad gracias a nuestras formas personalizadas de madera maciza. Para estas formas de madera personalizadas puedes elegir entre abeto macizo, casta\u00f1o, fresno, caoba, toulipier, okoum\u00e8, wengu\u00e9, nogal, roble y en diferentes espesores desde 5 mm hasta 3 cm. Tambi\u00e9n puedes colorear las formas y [\u2026]<\/p>","protected":false},"featured_media":16795,"template":"","meta":[],"product_brand":[],"product_cat":[1264,24],"product_tag":[1271,1272,1273,1274],"class_list":{"0":"post-9738","1":"product","2":"type-product","3":"status-publish","4":"has-post-thumbnail","6":"product_cat-forme-e-sagome","7":"product_cat-targhe","8":"product_tag-forme-in-legno-massello-personalizzate","9":"product_tag-forme-in-legno-personalizzate","10":"product_tag-sagome-in-legno-personalizzate","11":"product_tag-tagliere-in-legno-personalizzato","13":"first","14":"instock","15":"shipping-taxable","16":"purchasable","17":"product-type-simple"},"aioseo_notices":[],"_links":{"self":[{"href":"https:\/\/www.artieinventive.it\/es\/wp-json\/wp\/v2\/product\/9738","targetHints":{"allow":["GET"]}}],"collection":[{"href":"https:\/\/www.artieinventive.it\/es\/wp-json\/wp\/v2\/product"}],"about":[{"href":"https:\/\/www.artieinventive.it\/es\/wp-json\/wp\/v2\/types\/product"}],"wp:featuredmedia":[{"embeddable":true,"href":"https:\/\/www.artieinventive.it\/es\/wp-json\/wp\/v2\/media\/16795"}],"wp:attachment":[{"href":"https:\/\/www.artieinventive.it\/es\/wp-json\/wp\/v2\/media?parent=9738"}],"wp:term":[{"taxonomy":"product_brand","embeddable":true,"href":"https:\/\/www.artieinventive.it\/es\/wp-json\/wp\/v2\/product_brand?post=9738"},{"taxonomy":"product_cat","embeddable":true,"href":"https:\/\/www.artieinventive.it\/es\/wp-json\/wp\/v2\/product_cat?post=9738"},{"taxonomy":"product_tag","embeddable":true,"href":"https:\/\/www.artieinventive.it\/es\/wp-json\/wp\/v2\/product_tag?post=9738"}],"curies":[{"name":"wp","href":"https:\/\/api.w.org\/{rel}","templated":true}]}}