{"id":92,"date":"2015-12-12T19:30:55","date_gmt":"2015-12-12T18:30:55","guid":{"rendered":"http:\/\/artieinventive.it\/?post_type=product&#038;p=92"},"modified":"2022-02-16T01:59:29","modified_gmt":"2022-02-16T00:59:29","slug":"ritratto-3d-personalizzato-in-legno-dipinto-a-mano","status":"publish","type":"product","link":"https:\/\/www.artieinventive.it\/es\/bottega\/shop\/retratos-3d\/retrato-3d-de-madera-pintado-a-mano-personalizado\/","title":{"rendered":"Retrato 3D de madera pintado a mano personalizado"},"content":{"rendered":"<p>\u00a1Convierte tus fotos en una obra de arte con nuestros retratos en relieve 3D personalizados!<\/p>\n<p>\u00a1Perfecto para un regalo original o como objeto de decoraci\u00f3n \u00fanico!<\/p>\n<p>La impresi\u00f3n 3D de Inventive se realiza sobre productos nobles, incluida la madera, para dar un efecto precioso a su retrato.<\/p>\n<p>Los retratos personalizados en 3D de Inventive se crean a trav\u00e9s de escultura digital, tal como antes los artesanos usaban cinceles y gubias para modelar el sujeto a retratar, ahora, con el avance de la tecnolog\u00eda, el cincel ha sido reemplazado por un mouse y un monitor, pero la diferencia no se puede ver. , al tratarse a\u00fan de un proceso manual y no automatizado, por lo que podemos hablar de una verdadera obra de arte, ya que es el escultor digital de Inventive, quien seg\u00fan su propia sensibilidad art\u00edstica, resalta los rasgos de su escultura 3D.<\/p>\n<p>Como pod\u00e9is ver en las fotos, \u00a1el resultado final es \u00fanico!<\/p>\n<p>Hemos decidido mantener los precios bajos para que todos puedan tener una obra de arte en casa.<\/p>","protected":false},"excerpt":{"rendered":"<p>\u00a1Convierte tus fotos en una obra de arte con nuestros retratos en relieve 3D personalizados! \u00a1Perfecto para un regalo original o como objeto de decoraci\u00f3n \u00fanico! La impresi\u00f3n 3D de Inventive se realiza sobre productos nobles, incluida la madera, para dar un efecto precioso a su retrato. Los retratos 3D personalizados de Inventive se crean a trav\u00e9s de esculturas [\u2026]<\/p>","protected":false},"featured_media":93,"template":"","meta":[],"product_brand":[],"product_cat":[11],"product_tag":[73,74,75,76,77,78,79,80,81,82,83,84,85,86,87,88,89,90,91,92],"class_list":{"0":"post-92","1":"product","2":"type-product","3":"status-publish","4":"has-post-thumbnail","6":"product_cat-ritratti-3d","7":"product_tag-bomboniere-personalizzate","8":"product_tag-cosa-regalare-ad-una-ragazza","9":"product_tag-idea-regalo-originale","10":"product_tag-idee-per-san-valentino","11":"product_tag-idee-regalo","12":"product_tag-idee-regalo-natale","13":"product_tag-idee-regalo-originali","14":"product_tag-idee-regalo-personalizzate","15":"product_tag-regalare-qualcosa-di-speciale","16":"product_tag-regali-con-foto-per-lui","17":"product_tag-regali-per-amiche-speciali","18":"product_tag-regali-personalizzati-e-idee-regalo-personalizzate","19":"product_tag-regali-san-valentino-personalizzati","20":"product_tag-regalo-compleanno-mamma","21":"product_tag-regalo-mamma","22":"product_tag-regalo-originale","23":"product_tag-regalo-per-un-fidanzato","24":"product_tag-regalo-san-valentino-particolari","25":"product_tag-regalo-speciale","26":"product_tag-regalo-unico","28":"first","29":"instock","30":"sale","31":"shipping-taxable","32":"purchasable","33":"product-type-simple"},"aioseo_notices":[],"_links":{"self":[{"href":"https:\/\/www.artieinventive.it\/es\/wp-json\/wp\/v2\/product\/92","targetHints":{"allow":["GET"]}}],"collection":[{"href":"https:\/\/www.artieinventive.it\/es\/wp-json\/wp\/v2\/product"}],"about":[{"href":"https:\/\/www.artieinventive.it\/es\/wp-json\/wp\/v2\/types\/product"}],"wp:featuredmedia":[{"embeddable":true,"href":"https:\/\/www.artieinventive.it\/es\/wp-json\/wp\/v2\/media\/93"}],"wp:attachment":[{"href":"https:\/\/www.artieinventive.it\/es\/wp-json\/wp\/v2\/media?parent=92"}],"wp:term":[{"taxonomy":"product_brand","embeddable":true,"href":"https:\/\/www.artieinventive.it\/es\/wp-json\/wp\/v2\/product_brand?post=92"},{"taxonomy":"product_cat","embeddable":true,"href":"https:\/\/www.artieinventive.it\/es\/wp-json\/wp\/v2\/product_cat?post=92"},{"taxonomy":"product_tag","embeddable":true,"href":"https:\/\/www.artieinventive.it\/es\/wp-json\/wp\/v2\/product_tag?post=92"}],"curies":[{"name":"wp","href":"https:\/\/api.w.org\/{rel}","templated":true}]}}