{"id":64,"date":"2015-12-12T12:49:46","date_gmt":"2015-12-12T11:49:46","guid":{"rendered":"http:\/\/artieinventive.it\/?post_type=product&#038;p=64"},"modified":"2022-02-01T07:08:16","modified_gmt":"2022-02-01T06:08:16","slug":"scritta-personalizzata-in-alluminio-bombata","status":"publish","type":"product","link":"https:\/\/www.artieinventive.it\/es\/bottega\/shop\/textos-personalizados\/personalizado-escrito-en-aluminio-redondeado\/","title":{"rendered":"Letras personalizadas en aluminio redondeado."},"content":{"rendered":"<p>Realiza cualquier escritura, letra o n\u00famero en aluminio.<\/p>\n<p>\u00a1Escribe las letras o n\u00fameros que necesitas y elige la fuente que m\u00e1s te guste!<\/p>\n<p>Estas letras y n\u00fameros de aluminio tienen forma de c\u00fapula, lo que significa que tienen un efecto redondeado en los bordes.<\/p>\n<p>El aluminio utilizado es de primera calidad, puro a 99,5%, resistente al desgaste y a la corrosi\u00f3n.<\/p>","protected":false},"excerpt":{"rendered":"<p>Realiza cualquier escritura, letra o n\u00famero en aluminio. \u00a1Escribe las letras o n\u00fameros que necesitas y elige la fuente que m\u00e1s te guste! Estas letras y n\u00fameros de aluminio est\u00e1n abombados, es decir, con un efecto redondeado en los bordes. El aluminio utilizado es de primera calidad, puro a 99,5%, resistente al desgaste y a la corrosi\u00f3n.<\/p>","protected":false},"featured_media":65,"template":"","meta":[],"product_brand":[],"product_cat":[13],"product_tag":[52,53,57,58,60,61],"class_list":{"0":"post-64","1":"product","2":"type-product","3":"status-publish","4":"has-post-thumbnail","6":"product_cat-scritte-personalizzate","7":"product_tag-adesivi-moto-personalizzati","8":"product_tag-adesivi-per-auto","9":"product_tag-generatore-scritte-personalizzate","10":"product_tag-lettere-alluminio","11":"product_tag-lettere-in-alluminio","12":"product_tag-numeri-in-alluminio","14":"first","15":"instock","16":"shipping-taxable","17":"purchasable","18":"product-type-simple"},"aioseo_notices":[],"_links":{"self":[{"href":"https:\/\/www.artieinventive.it\/es\/wp-json\/wp\/v2\/product\/64","targetHints":{"allow":["GET"]}}],"collection":[{"href":"https:\/\/www.artieinventive.it\/es\/wp-json\/wp\/v2\/product"}],"about":[{"href":"https:\/\/www.artieinventive.it\/es\/wp-json\/wp\/v2\/types\/product"}],"wp:featuredmedia":[{"embeddable":true,"href":"https:\/\/www.artieinventive.it\/es\/wp-json\/wp\/v2\/media\/65"}],"wp:attachment":[{"href":"https:\/\/www.artieinventive.it\/es\/wp-json\/wp\/v2\/media?parent=64"}],"wp:term":[{"taxonomy":"product_brand","embeddable":true,"href":"https:\/\/www.artieinventive.it\/es\/wp-json\/wp\/v2\/product_brand?post=64"},{"taxonomy":"product_cat","embeddable":true,"href":"https:\/\/www.artieinventive.it\/es\/wp-json\/wp\/v2\/product_cat?post=64"},{"taxonomy":"product_tag","embeddable":true,"href":"https:\/\/www.artieinventive.it\/es\/wp-json\/wp\/v2\/product_tag?post=64"}],"curies":[{"name":"wp","href":"https:\/\/api.w.org\/{rel}","templated":true}]}}