{"id":43113,"date":"2026-02-03T19:26:58","date_gmt":"2026-02-03T18:26:58","guid":{"rendered":"https:\/\/www.artieinventive.it\/?post_type=product&#038;p=43113"},"modified":"2026-02-03T19:47:20","modified_gmt":"2026-02-03T18:47:20","slug":"stampo-per-biscotti-personalizzato-timbro-multiuso-per-lavori-artigianali","status":"publish","type":"product","link":"https:\/\/www.artieinventive.it\/es\/bottega\/shop\/moldes-para-pasteles\/cortador-de-galletas-personalizado-sello-multiusos-para-manualidades\/","title":{"rendered":"Cortador de galletas personalizado: sello multiusos para manualidades"},"content":{"rendered":"<h2 data-start=\"196\" data-end=\"292\"><strong data-start=\"199\" data-end=\"292\">Cortador de galletas personalizado de madera y plexigl\u00e1s \u2013 sello profesional para tartas, multiusos para manualidades<\/strong><\/h2>\n<p data-start=\"294\" data-end=\"546\">Convierte cada galleta en un signo distintivo de tu marca.<br data-start=\"355\" data-end=\"358\" \/>Nuestro <strong data-start=\"368\" data-end=\"406\">molde de galletas personalizado<\/strong> Est\u00e1 dise\u00f1ado para aquellos que quieren <strong data-start=\"434\" data-end=\"479\">Combina est\u00e9tica, precisi\u00f3n y funcionalidad<\/strong> en la elaboraci\u00f3n de dulces artesanales, profesionales o caseros.<\/p>\n<p data-start=\"548\" data-end=\"840\">El <strong data-start=\"551\" data-end=\"605\">El cuerpo del molde est\u00e1 fabricado en madera maciza de haya.<\/strong>, resistente y agradable al tacto, cuidadosamente elaborado para garantizar estabilidad y durabilidad en el tiempo.<br data-start=\"710\" data-end=\"713\" \/>El <strong data-start=\"716\" data-end=\"761\">El sello grabado est\u00e1 hecho de plexigl\u00e1s transparente.<\/strong>, material ideal para obtener detalles limpios, higi\u00e9nicos y f\u00e1cilmente lavables.<\/p>\n<h3 data-start=\"402\" data-end=\"433\">\ud83d\udd39 Personalizaci\u00f3n total<\/h3>\n<p data-start=\"434\" data-end=\"676\">Cada molde est\u00e1 hecho <strong data-start=\"463\" data-end=\"476\">hecho a medida<\/strong>, sin l\u00edmites creativos.<br data-start=\"500\" data-end=\"503\" \/>Es posible grabar <strong data-start=\"524\" data-end=\"601\">logotipos, escritos, s\u00edmbolos, dise\u00f1os complejos y formas geom\u00e9tricas o con formas<\/strong>, adaptando cada detalle a las necesidades del cliente y tipo de uso.<\/p>\n<p data-start=\"678\" data-end=\"868\">Tambi\u00e9n es posible elegir el tipo de procesamiento gr\u00e1fico:<br data-start=\"744\" data-end=\"747\" \/><strong data-start=\"747\" data-end=\"771\">grabado en relieve<\/strong>, con los gr\u00e1ficos sobresaliendo de la masa, o <strong data-start=\"820\" data-end=\"842\">grabado impreso<\/strong>, con los gr\u00e1ficos huecos.<\/p>\n<p data-start=\"870\" data-end=\"1044\">All\u00e1 <strong data-start=\"873\" data-end=\"932\">La profundidad del relieve es completamente personalizable.<\/strong>, desde unas d\u00e9cimas de mil\u00edmetro hasta <strong data-start=\"971\" data-end=\"979\">3 mil\u00edmetros<\/strong>, dependiendo del efecto deseado y del tipo de masa utilizada.<\/p>\n<hr data-start=\"1046\" data-end=\"1049\" \/>\n<h3 data-start=\"1051\" data-end=\"1086\">\ud83d\udd39 Se puede combinar con el cortador de galletas.<\/h3>\n<p data-start=\"1087\" data-end=\"1212\">A petici\u00f3n, el molde puede ser <strong data-start=\"1122\" data-end=\"1167\">Acoplado con un cortador de galletas de chapa met\u00e1lica<\/strong>, hecho a medida para los mismos gr\u00e1ficos.<\/p>\n<p data-start=\"1214\" data-end=\"1413\">Esta soluci\u00f3n le permite <strong data-start=\"1243\" data-end=\"1287\">Consigue galletas con formas perfectas<\/strong>, <strong data-start=\"1289\" data-end=\"1318\">acelerar la producci\u00f3n<\/strong> Y <strong data-start=\"1321\" data-end=\"1354\">garantizar la uniformidad est\u00e9tica<\/strong>, especialmente en entornos profesionales o en grandes cantidades.<\/p>\n<hr data-start=\"1415\" data-end=\"1418\" \/>\n<h3 data-start=\"1420\" data-end=\"1437\">\ud83d\udd39 Ideal para<\/h3>\n<p data-start=\"1438\" data-end=\"1690\">Este producto est\u00e1 dise\u00f1ado para un uso extremadamente amplio y es perfectamente adecuado para <strong data-start=\"1527\" data-end=\"1689\">Panader\u00edas, pasteler\u00edas, f\u00e1bricas de galletas artesanales, restaurantes, pizzer\u00edas, agroturismos, eventos, catering, regalos personalizados y productos caseros de calidad.<\/strong>.<\/p>\n<p data-start=\"1692\" data-end=\"1817\">Es ideal para trabajar con galletas, galletas de mantequilla, dulces secos, masa quebrada, mazap\u00e1n, pasta de az\u00facar y masas similares.<\/p>\n<hr data-start=\"1819\" data-end=\"1822\" \/>\n<h3 data-start=\"1824\" data-end=\"1848\">\ud83d\udd39 \u00bfPor qu\u00e9 elegirlo?<\/h3>\n<p data-start=\"1849\" data-end=\"2046\">El molde une <strong data-start=\"1866\" data-end=\"1921\">Materiales de calidad (haya maciza y plexigl\u00e1s)<\/strong> a uno <strong data-start=\"1928\" data-end=\"1960\">grabado preciso y definido<\/strong>, ofreciendo una <strong data-start=\"1975\" data-end=\"2003\">personalizaci\u00f3n total<\/strong> y uno <strong data-start=\"2010\" data-end=\"2045\">producci\u00f3n artesanal precisa<\/strong>.<\/p>\n<p data-start=\"2048\" data-end=\"2168\">El resultado es <strong data-start=\"2063\" data-end=\"2106\">profesional incluso en el \u00e1mbito dom\u00e9stico<\/strong>, con un fuerte impacto est\u00e9tico y un rendimiento consistente en el tiempo.<\/p>\n<p data-start=\"2170\" data-end=\"2307\">Cada molde est\u00e1 dise\u00f1ado para <strong data-start=\"2199\" data-end=\"2248\">Mejora tu marca o creaci\u00f3n<\/strong>, haciendo que cada postre sea inmediatamente reconocible y \u00fanico.<\/p>\n<hr data-start=\"2309\" data-end=\"2312\" \/>\n<h3 data-start=\"2314\" data-end=\"2365\">Tambi\u00e9n se puede utilizar para materiales no alimentarios.<\/h3>\n<p data-start=\"2366\" data-end=\"2544\">Adem\u00e1s del uso alimentario, el molde tambi\u00e9n se puede utilizar para trabajos creativos y artesanales como <strong data-start=\"2474\" data-end=\"2543\">arcilla, plastilina, pastas para modelar, cera y jab\u00f3n artesanal<\/strong>.<\/p>\n<p data-start=\"2546\" data-end=\"2641\">En estos casos se recomienda utilizar <strong data-start=\"2585\" data-end=\"2598\">exclusivo<\/strong> del molde para materiales no alimentarios.<\/p>","protected":false},"excerpt":{"rendered":"<p>Cortador de galletas personalizado de madera y plexigl\u00e1s: sello profesional multiusos para pasteles artesanales. Transforma cada galleta en un sello distintivo de tu marca. Nuestro cortador de galletas personalizado est\u00e1 dise\u00f1ado para quienes buscan combinar est\u00e9tica, precisi\u00f3n y funcionalidad en la reposter\u00eda artesanal, profesional o casera. El cuerpo del cortador es [\u2026]<\/p>","protected":false},"featured_media":43115,"template":"","meta":[],"product_brand":[],"product_cat":[1264,28,93,27,29,1282,94,95,26],"product_tag":[2213,2214,2230,2199,2216,2223,2211,2210,2217,2218,2204,2209,2220,2225,2221,2205,2222,2219,2206,2208,2207,2200,2226,2215,1163,1142,2229,2224,2212,2202,2227,2201,2203,2228],"class_list":{"0":"post-43113","1":"product","2":"type-product","3":"status-publish","4":"has-post-thumbnail","6":"product_cat-forme-e-sagome","7":"product_cat-idee-per-battesimo","8":"product_cat-idee-per-festa-della-mamma","9":"product_cat-idee-per-matrimonio","10":"product_cat-idee-per-nascita","11":"product_cat-idee-per-natale","12":"product_cat-idee-per-san-valentino","13":"product_cat-shop","14":"product_cat-stampi-per-dolci","15":"product_tag-cookie-stamp-personalizzato","16":"product_tag-cookie-stamp-professionale","17":"product_tag-stampo-artigianale-multiuso","18":"product_tag-stampo-biscotti-artigianale","19":"product_tag-stampo-biscotti-con-logo","20":"product_tag-stampo-biscotti-con-tagliabiscotti","21":"product_tag-stampo-biscotti-in-faggio","22":"product_tag-stampo-biscotti-in-legno","23":"product_tag-stampo-biscotti-in-rilievo","24":"product_tag-stampo-biscotti-inciso","25":"product_tag-stampo-biscotti-logo","26":"product_tag-stampo-biscotti-per-agriturismi","27":"product_tag-stampo-biscotti-per-dolci-secchi","28":"product_tag-stampo-biscotti-per-eventi","29":"product_tag-stampo-biscotti-per-marzapane","30":"product_tag-stampo-biscotti-per-panifici","31":"product_tag-stampo-biscotti-per-pasta-di-zucchero","32":"product_tag-stampo-biscotti-per-pasta-frolla","33":"product_tag-stampo-biscotti-per-pasticcerie","34":"product_tag-stampo-biscotti-per-pizzerie","35":"product_tag-stampo-biscotti-per-ristoranti","36":"product_tag-stampo-biscotti-professionale","37":"product_tag-stampo-biscotti-regalo-personalizzato","38":"product_tag-stampo-biscotti-su-misura","39":"product_tag-stampo-per-biscotti-personalizzato","40":"product_tag-stampo-per-dolci-personalizzato","41":"product_tag-stampo-per-materiali-modellabili","42":"product_tag-tagliabiscotti-personalizzato","43":"product_tag-timbro-biscotti-in-plexiglass","44":"product_tag-timbro-biscotti-personalizzato","45":"product_tag-timbro-per-argilla","46":"product_tag-timbro-per-biscotti","47":"product_tag-timbro-per-dolci","48":"product_tag-timbro-per-plastilina","50":"first","51":"instock","52":"shipping-taxable","53":"purchasable","54":"product-type-simple"},"aioseo_notices":[],"_links":{"self":[{"href":"https:\/\/www.artieinventive.it\/es\/wp-json\/wp\/v2\/product\/43113","targetHints":{"allow":["GET"]}}],"collection":[{"href":"https:\/\/www.artieinventive.it\/es\/wp-json\/wp\/v2\/product"}],"about":[{"href":"https:\/\/www.artieinventive.it\/es\/wp-json\/wp\/v2\/types\/product"}],"wp:featuredmedia":[{"embeddable":true,"href":"https:\/\/www.artieinventive.it\/es\/wp-json\/wp\/v2\/media\/43115"}],"wp:attachment":[{"href":"https:\/\/www.artieinventive.it\/es\/wp-json\/wp\/v2\/media?parent=43113"}],"wp:term":[{"taxonomy":"product_brand","embeddable":true,"href":"https:\/\/www.artieinventive.it\/es\/wp-json\/wp\/v2\/product_brand?post=43113"},{"taxonomy":"product_cat","embeddable":true,"href":"https:\/\/www.artieinventive.it\/es\/wp-json\/wp\/v2\/product_cat?post=43113"},{"taxonomy":"product_tag","embeddable":true,"href":"https:\/\/www.artieinventive.it\/es\/wp-json\/wp\/v2\/product_tag?post=43113"}],"curies":[{"name":"wp","href":"https:\/\/api.w.org\/{rel}","templated":true}]}}