{"id":27154,"date":"2024-02-20T15:57:35","date_gmt":"2024-02-20T14:57:35","guid":{"rendered":"https:\/\/www.artieinventive.it\/?post_type=product&#038;p=27154"},"modified":"2024-02-20T20:15:50","modified_gmt":"2024-02-20T19:15:50","slug":"logo-ducati-scrambler","status":"publish","type":"product","link":"https:\/\/www.artieinventive.it\/es\/bottega\/shop\/textos-personalizados\/logotipo-de-ducati-scrambler\/","title":{"rendered":"Logotipo de Ducati Scrambler"},"content":{"rendered":"<p>El <strong>Logotipo de Ducati Scrambler<\/strong> personalizado en aluminio es el complemento ideal para hacer \u00fanica tu moto.<\/p>\n<p>El <strong>Logotipo de Ducati Scrambler<\/strong> personalizado en aluminio, tambi\u00e9n es adecuado como dispositivo para los clubes Ducati y para la producci\u00f3n en masa.<\/p>\n<p>El aluminio utilizado para hacer esto. <strong>Logotipo de Ducati Scrambler<\/strong> personalizado es de la m\u00e1s alta calidad, puro en 99.5%, disponible en espesores de 3 \u2013 4 \u2013 5 mm, liviano, resistente al desgaste y la corrosi\u00f3n.<\/p>\n<p>Si necesita un logotipo similar u otra marca, no dude en contactarnos, cubriremos todas sus necesidades de personalizaci\u00f3n.<\/p>","protected":false},"excerpt":{"rendered":"<p>El logo Ducati Scrambler personalizado en aluminio es el accesorio ideal para hacer \u00fanica tu moto. El logotipo personalizado de aluminio de Ducati Scrambler tambi\u00e9n es adecuado como dispositivo para los clubes Ducati y para la producci\u00f3n en masa. El aluminio utilizado para crear este logotipo personalizado de Ducati Scrambler es de la m\u00e1s alta calidad, puro en 99.5%, disponible [\u2026]<\/p>","protected":false},"featured_media":27159,"template":"","meta":[],"product_brand":[],"product_cat":[278,13],"product_tag":[1138,1136,1139,1618,288,291,287,1140,1619,1135],"class_list":{"0":"post-27154","1":"product","2":"type-product","3":"status-publish","4":"has-post-thumbnail","6":"product_cat-loghi-e-marchi","7":"product_cat-scritte-personalizzate","8":"product_tag-ducati-corse","9":"product_tag-ducati-nome-personalizzato","10":"product_tag-ducati-personalizzato","11":"product_tag-ducati-scrambler","12":"product_tag-emblema-ducati","13":"product_tag-emblema-ducati-in-alluminio","14":"product_tag-logo-ducati","15":"product_tag-logo-ducati-personalizzato","16":"product_tag-logo-ducati-scrambler","17":"product_tag-marchio-ducati-personalizzato","19":"first","20":"instock","21":"shipping-taxable","22":"purchasable","23":"product-type-simple"},"aioseo_notices":[],"_links":{"self":[{"href":"https:\/\/www.artieinventive.it\/es\/wp-json\/wp\/v2\/product\/27154","targetHints":{"allow":["GET"]}}],"collection":[{"href":"https:\/\/www.artieinventive.it\/es\/wp-json\/wp\/v2\/product"}],"about":[{"href":"https:\/\/www.artieinventive.it\/es\/wp-json\/wp\/v2\/types\/product"}],"wp:featuredmedia":[{"embeddable":true,"href":"https:\/\/www.artieinventive.it\/es\/wp-json\/wp\/v2\/media\/27159"}],"wp:attachment":[{"href":"https:\/\/www.artieinventive.it\/es\/wp-json\/wp\/v2\/media?parent=27154"}],"wp:term":[{"taxonomy":"product_brand","embeddable":true,"href":"https:\/\/www.artieinventive.it\/es\/wp-json\/wp\/v2\/product_brand?post=27154"},{"taxonomy":"product_cat","embeddable":true,"href":"https:\/\/www.artieinventive.it\/es\/wp-json\/wp\/v2\/product_cat?post=27154"},{"taxonomy":"product_tag","embeddable":true,"href":"https:\/\/www.artieinventive.it\/es\/wp-json\/wp\/v2\/product_tag?post=27154"}],"curies":[{"name":"wp","href":"https:\/\/api.w.org\/{rel}","templated":true}]}}