{"id":26680,"date":"2024-01-29T18:26:10","date_gmt":"2024-01-29T17:26:10","guid":{"rendered":"https:\/\/www.artieinventive.it\/?post_type=product&#038;p=26680"},"modified":"2025-06-03T23:11:57","modified_gmt":"2025-06-03T21:11:57","slug":"ruota-panoramica-carillon-in-legno-personalizzata","status":"publish","type":"product","link":"https:\/\/www.artieinventive.it\/es\/bottega\/shop\/campanillas-y-cajas-de-musica\/caja-de-musica-de-madera-personalizada-noria\/","title":{"rendered":"Noria de caja de m\u00fasica de madera personalizada"},"content":{"rendered":"<div class=\"ica-product-video\">\n<div style=\"width: 400px;\" class=\"wp-video\"><!--[if lt IE 9]><script>document.createElement('video');<\/script><![endif]-->\n<video class=\"wp-video-shortcode\" id=\"video-26680-1\" width=\"400\" height=\"360\" preload=\"metadata\" controls=\"controls\"><source type=\"video\/mp4\" src=\"https:\/\/www.artieinventive.it\/wp-content\/uploads\/2024\/01\/carrilon-ruota-panoramica-in-legno-personalizzato-ok.mp4?_=1\" \/><a href=\"https:\/\/www.artieinventive.it\/wp-content\/uploads\/2024\/01\/carrilon-ruota-panoramica-in-legno-personalizzato-ok.mp4\">https:\/\/www.artieinventive.it\/wp-content\/uploads\/2024\/01\/carrilon-ruota-panoramica-in-legno-personalizzato-ok.mp4<\/a><\/video><\/div>\n<\/div>\n<p>Explora el mundo encantado de la nostalgia con nuestro <strong>Caja de m\u00fasica de la noria<\/strong> fabricado en madera, \u00fanico y personalizado. Resultado de una h\u00e1bil artesan\u00eda, esta obra maestra combina la esencia de la madera de haya de alta calidad, dando a cada ambiente un toque de elegancia y calidez.<\/p>\n<p>Con un di\u00e1metro de <strong>11 cent\u00edmetros<\/strong> y una imponente altura de <strong>18 cent\u00edmetros<\/strong>, nuestro <strong>rueda de la fortuna<\/strong> es una combinaci\u00f3n de detalles refinados y dimensiones generosas. El dise\u00f1o cl\u00e1sico armoniza perfectamente con la robustez de la madera, creando una obra de arte atemporal.<\/p>\n<p>La m\u00e1gica aventura comienza con un ligero movimiento que da vida a lo delicado. <strong>Caja de m\u00fasica<\/strong> escondido en su interior. Comienza a resonar una melod\u00eda envolvente, y en este caso, la dulzura del ic\u00f3nico\u201d<strong>Romeo y Julieta<\/strong>\u201d envuelve el medio ambiente. Un toque distintivo es la palanca lateral que ofrece un control total sobre la melod\u00eda, permiti\u00e9ndote interrumpirla a voluntad.<\/p>\n<p>El elemento de personalizaci\u00f3n alcanza nuevas alturas con la posibilidad de hacer que el fondo de la caja sea \u00fanico. <strong>rueda de la fortuna<\/strong>. Elija entre impresi\u00f3n en colores UV vibrantes y v\u00edvidos o grabado l\u00e1ser preciso, agregando un toque personalizado y significativo al suyo. <strong>Caja de m\u00fasica<\/strong>. Preserva momentos especiales, fechas memorables o dedicatorias personales, creando una obra de arte destinada a ser transmitida de generaci\u00f3n en generaci\u00f3n.<\/p>\n<p>All\u00e1 <strong>rueda de la fortuna<\/strong> de madera con <strong>Caja de m\u00fasica<\/strong> es el regalo ideal para celebrar momentos especiales como aniversarios, cumplea\u00f1os, San Valent\u00edn y otras ocasiones \u00fanicas. Elegante y atemporal, traer\u00e1 alegr\u00eda y maravilla a cada hogar. Descubra el encanto atemporal de <strong>rueda de la fortuna<\/strong> hecho de madera y da un pedazo de magia <strong>personalizado<\/strong> a aquellos que amas.<\/p>\n<p><em>*El producto se env\u00eda dentro de las 24 horas siguientes al pedido s\u00f3lo si se pide sin personalizaci\u00f3n, no se cuentan s\u00e1bados y domingos<\/em><\/p>","protected":false},"excerpt":{"rendered":"<p>Explora el encantador mundo de la nostalgia con nuestra exclusiva y personalizada caja de m\u00fasica de noria de madera. Fruto de una h\u00e1bil artesan\u00eda, esta obra maestra fusiona la esencia de la madera de haya de alta calidad, aportando a cualquier estancia un toque de elegancia y calidez. Con un di\u00e1metro de 11 cent\u00edmetros y una imponente altura de 18 cent\u00edmetros, el [\u2026]<\/p>","protected":false},"featured_media":26681,"template":"","meta":[],"product_brand":[],"product_cat":[124,123,122,14,1426,28,93,27,29,1282,94,95],"product_tag":[1556,1567,1566,1563,1555,1564,1552,1558,1554,1560,1562,1553,1359,1565,1559,1561,1557],"class_list":{"0":"post-26680","1":"product","2":"type-product","3":"status-publish","4":"has-post-thumbnail","6":"product_cat-bomboniere-per-anniversari-e-celebrazioni","7":"product_cat-bomboniere-per-matrimoni","8":"product_cat-bomboniere-per-nascita","9":"product_cat-carillons-e-scatole-musicali","10":"product_cat-giostrine-musicali","11":"product_cat-idee-per-battesimo","12":"product_cat-idee-per-festa-della-mamma","13":"product_cat-idee-per-matrimonio","14":"product_cat-idee-per-nascita","15":"product_cat-idee-per-natale","16":"product_cat-idee-per-san-valentino","17":"product_cat-shop","18":"product_tag-carillon-a-leva-laterale","19":"product_tag-carillon-in-legno-ruota-panoramica","20":"product_tag-carillon-ruota-panoramica-personalizzato","21":"product_tag-decorazione-artigianale","22":"product_tag-dimensioni-11x18-cm","23":"product_tag-elegante-atmosfera-romantica","24":"product_tag-giostra-in-legno","25":"product_tag-incisione-laser","26":"product_tag-legno-di-faggio","27":"product_tag-matrimonio","28":"product_tag-melodia-romeo-e-giulietta","29":"product_tag-merry-go-round","30":"product_tag-natale","31":"product_tag-oggetto-unico","32":"product_tag-regalo-battesimo","33":"product_tag-san-valentino","34":"product_tag-stampa-uv","36":"first","37":"onbackorder","38":"sale","39":"shipping-taxable","40":"purchasable","41":"product-type-simple"},"aioseo_notices":[],"_links":{"self":[{"href":"https:\/\/www.artieinventive.it\/es\/wp-json\/wp\/v2\/product\/26680","targetHints":{"allow":["GET"]}}],"collection":[{"href":"https:\/\/www.artieinventive.it\/es\/wp-json\/wp\/v2\/product"}],"about":[{"href":"https:\/\/www.artieinventive.it\/es\/wp-json\/wp\/v2\/types\/product"}],"wp:featuredmedia":[{"embeddable":true,"href":"https:\/\/www.artieinventive.it\/es\/wp-json\/wp\/v2\/media\/26681"}],"wp:attachment":[{"href":"https:\/\/www.artieinventive.it\/es\/wp-json\/wp\/v2\/media?parent=26680"}],"wp:term":[{"taxonomy":"product_brand","embeddable":true,"href":"https:\/\/www.artieinventive.it\/es\/wp-json\/wp\/v2\/product_brand?post=26680"},{"taxonomy":"product_cat","embeddable":true,"href":"https:\/\/www.artieinventive.it\/es\/wp-json\/wp\/v2\/product_cat?post=26680"},{"taxonomy":"product_tag","embeddable":true,"href":"https:\/\/www.artieinventive.it\/es\/wp-json\/wp\/v2\/product_tag?post=26680"}],"curies":[{"name":"wp","href":"https:\/\/api.w.org\/{rel}","templated":true}]}}