{"id":26385,"date":"2024-01-17T07:38:43","date_gmt":"2024-01-17T06:38:43","guid":{"rendered":"https:\/\/www.artieinventive.it\/?post_type=product&#038;p=26385"},"modified":"2025-03-08T19:01:29","modified_gmt":"2025-03-08T18:01:29","slug":"disco-tronchetto-di-legno-personalizzato","status":"publish","type":"product","link":"https:\/\/www.artieinventive.it\/es\/bottega\/shop\/ideas-para-bodas\/disco-de-troncos-de-madera-personalizado-2\/","title":{"rendered":"Disco de troncos de madera personalizado"},"content":{"rendered":"<p>Descubre nuestra exclusiva <strong>disco de troncos de madera personalizado<\/strong>, un regalo \u00fanico e inolvidable para celebrar momentos especiales como <strong>bodas<\/strong>, <strong>confirmaciones<\/strong>, <strong>bautismos<\/strong> \u00a1y mucho m\u00e1s! Con posibilidad de personalizaci\u00f3n mediante <strong>Impresi\u00f3n en color UV<\/strong> o <strong>grabado l\u00e1ser<\/strong>, puedes hacer de este disco para troncos una aut\u00e9ntica obra maestra sobre madera.<\/p>\n<p>Con un di\u00e1metro flexible que var\u00eda de <strong>6 a 7cm<\/strong>, este disco de registro es ideal para conmemorar <strong>aniversarios<\/strong>, <strong>nacimientos<\/strong> y otras ocasiones especiales. La versatilidad tambi\u00e9n se extiende a su m\u00e9todo de fijaci\u00f3n, con opciones de <strong>im\u00e1n<\/strong> o <strong>biadhesivo<\/strong> para adaptarse a sus preferencias.<\/p>\n<p>Aprovecha el nuestro <strong>altos descuentos por cantidades<\/strong>, asegurando que cada momento especial, vamos <strong>bodas<\/strong> en <strong>confirmaciones<\/strong> Y <strong>bautismos<\/strong>, celebrarse de una manera \u00fanica y conveniente. Elige el nuestro <strong>disco de troncos de madera personalizado<\/strong> para darle un toque de elegancia y significado a tus regalos.<\/p>\n<p>Compra ahora y haz que cada ocasi\u00f3n sea memorable con nuestro <strong>disco de troncos de madera personalizado<\/strong>!<\/p>","protected":false},"excerpt":{"rendered":"<p>Descubre nuestro exclusivo disco de troncos de madera personalizado, un regalo \u00fanico e inolvidable para celebrar momentos especiales como bodas, confirmaciones, bautizos \u00a1y mucho m\u00e1s! Con la posibilidad de personalizaci\u00f3n mediante impresi\u00f3n UV en color o grabado l\u00e1ser, podr\u00e1s hacer de este disco de troncos una aut\u00e9ntica obra maestra sobre madera. Con un di\u00e1metro flexible que var\u00eda de [\u2026]<\/p>","protected":false},"featured_media":26386,"template":"","meta":[],"product_brand":[],"product_cat":[124,123,122,28,93,27,29,1282,94,95],"product_tag":[1435,1433,1443,1431,1427,1442,1434,1438,1437,1430,1432,1436,1441,1428,1440,1439,1429],"class_list":{"0":"post-26385","1":"product","2":"type-product","3":"status-publish","4":"has-post-thumbnail","6":"product_cat-bomboniere-per-anniversari-e-celebrazioni","7":"product_cat-bomboniere-per-matrimoni","8":"product_cat-bomboniere-per-nascita","9":"product_cat-idee-per-battesimo","10":"product_cat-idee-per-festa-della-mamma","11":"product_cat-idee-per-matrimonio","12":"product_cat-idee-per-nascita","13":"product_cat-idee-per-natale","14":"product_cat-idee-per-san-valentino","15":"product_cat-shop","16":"product_tag-anniversari-legno-personalizzato","17":"product_tag-cerimonie-legno-personalizzato","18":"product_tag-creazioni-uniche-legno","19":"product_tag-diametro-6-7cm","20":"product_tag-disco-tronchetto-legno-personalizzato","21":"product_tag-eleganza-artigianale-legno","22":"product_tag-eventi-religiosi-legno-personalizzato","23":"product_tag-fissaggio-con-biadesivo-legno","24":"product_tag-fissaggio-con-magnete-legno","25":"product_tag-incisione-laser-legno","26":"product_tag-matrimoni-su-legno-personalizzato","27":"product_tag-nascite-su-legno-personalizzato","28":"product_tag-occasioni-speciali-legno","29":"product_tag-personalizzazione-legno","30":"product_tag-regalo-esclusivo-legno","31":"product_tag-sconti-per-quantita-legno-personalizzato","32":"product_tag-stampa-uv-a-colori","34":"first","35":"instock","36":"shipping-taxable","37":"purchasable","38":"product-type-simple"},"aioseo_notices":[],"_links":{"self":[{"href":"https:\/\/www.artieinventive.it\/es\/wp-json\/wp\/v2\/product\/26385","targetHints":{"allow":["GET"]}}],"collection":[{"href":"https:\/\/www.artieinventive.it\/es\/wp-json\/wp\/v2\/product"}],"about":[{"href":"https:\/\/www.artieinventive.it\/es\/wp-json\/wp\/v2\/types\/product"}],"wp:featuredmedia":[{"embeddable":true,"href":"https:\/\/www.artieinventive.it\/es\/wp-json\/wp\/v2\/media\/26386"}],"wp:attachment":[{"href":"https:\/\/www.artieinventive.it\/es\/wp-json\/wp\/v2\/media?parent=26385"}],"wp:term":[{"taxonomy":"product_brand","embeddable":true,"href":"https:\/\/www.artieinventive.it\/es\/wp-json\/wp\/v2\/product_brand?post=26385"},{"taxonomy":"product_cat","embeddable":true,"href":"https:\/\/www.artieinventive.it\/es\/wp-json\/wp\/v2\/product_cat?post=26385"},{"taxonomy":"product_tag","embeddable":true,"href":"https:\/\/www.artieinventive.it\/es\/wp-json\/wp\/v2\/product_tag?post=26385"}],"curies":[{"name":"wp","href":"https:\/\/api.w.org\/{rel}","templated":true}]}}