{"id":26257,"date":"2024-01-14T18:57:00","date_gmt":"2024-01-14T17:57:00","guid":{"rendered":"https:\/\/www.artieinventive.it\/?post_type=product&#038;p=26257"},"modified":"2024-01-15T17:09:35","modified_gmt":"2024-01-15T16:09:35","slug":"album-in-legno-con-melodia-registrabile-e-stampa-a-colori-personalizzata","status":"publish","type":"product","link":"https:\/\/www.artieinventive.it\/es\/bottega\/shop\/ideas-para-bodas\/album-de-madera-con-melodia-grabable-e-impresion-en-color-personalizada\/","title":{"rendered":"\u00c1lbum de madera con melod\u00eda grabable e impresi\u00f3n en color personalizada."},"content":{"rendered":"<p><strong>\u00a1Explora tu creatividad con los \u00e1lbumes de madera personalizados de Arti&amp;Inventive!<\/strong><\/p>\n<p>Sum\u00e9rgete en la elegancia y la originalidad con nuestro excepcional <strong>\u00e1lbumes de madera personalizados<\/strong>, inspirado en el estilo refinado de <strong>Artes e inventiva<\/strong>. Cada detalle de estos \u00e1lbumes est\u00e1 dise\u00f1ado para capturar y preservar tus recuerdos m\u00e1s preciados de una manera \u00fanica.<\/p>\n<p>El <strong>Tapas de madera de abedul de 12 mm.<\/strong> dan un toque natural y resistente, mientras que la impresi\u00f3n en color UV o el grabado l\u00e1ser garantizan una calidad visual inigualable. Elija su favorito para obtener un resultado personalizado que refleje su estilo \u00fanico.<\/p>\n<p>La personalizaci\u00f3n contin\u00faa con la opci\u00f3n de seleccionar el lomo. <strong>terciopelo o polipiel<\/strong>, enriquecido por uno <strong>escritura personalizada<\/strong> lo que a\u00f1ade un toque de clase e individualidad. Dentro de cada \u00e1lbum, encontrar\u00e1s una incre\u00edble grabadora con <strong>sensor de luz<\/strong>, donde podr\u00e1s grabar hasta 4 minutos de cualquier fuente de audio; Cuando abras el \u00e1lbum, el audio comenzar\u00e1 a crear una atm\u00f3sfera m\u00e1gica mientras navegas por las p\u00e1ginas de tus mejores recuerdos.<\/p>\n<p>\u00a1Y esto no termina aqu\u00ed! Hemos incluido uno <strong>plato especial<\/strong> donde podr\u00e1s grabar una dedicatoria \u00fanica, haciendo de tu \u00e1lbum un verdadero tesoro de emociones. Escoger entre <strong>diferentes tama\u00f1os disponibles<\/strong> para adaptar tu \u00e1lbum a las necesidades de tus recuerdos.<\/p>\n<p>Con los \u00e1lbumes de madera personalizados de Arti&amp;Inventive, transforme sus momentos especiales en obras de arte tangibles, listas para ser exploradas y admiradas durante generaciones. \u00a1Crea tu obra maestra de memorias hoy!<\/p>","protected":false},"excerpt":{"rendered":"<p>\u00a1Explora tu creatividad con los \u00e1lbumes de madera personalizados de Arti&amp;Inventive! Sum\u00e9rjase en la elegancia y la originalidad con nuestros excepcionales \u00e1lbumes de madera personalizados, inspirados en el estilo refinado de Arti&amp;Inventive. Cada detalle de estos \u00e1lbumes est\u00e1 dise\u00f1ado para capturar y preservar tus recuerdos m\u00e1s preciados de una manera \u00fanica. La madera de abedul cubre [\u2026]<\/p>","protected":false},"featured_media":26258,"template":"","meta":[],"product_brand":[],"product_cat":[34,28,93,27,29,1282,94,95],"product_tag":[1371,1382,1370,1373,1372,1380,1379,1375,1381,1374,1383,1384,1378,1377,1376],"class_list":{"0":"post-26257","1":"product","2":"type-product","3":"status-publish","4":"has-post-thumbnail","6":"product_cat-album-fotografici","7":"product_cat-idee-per-battesimo","8":"product_cat-idee-per-festa-della-mamma","9":"product_cat-idee-per-matrimonio","10":"product_cat-idee-per-nascita","11":"product_cat-idee-per-natale","12":"product_cat-idee-per-san-valentino","13":"product_cat-shop","14":"product_tag-album-legno-personalizzabile","15":"product_tag-album-memorie-illuminato","16":"product_tag-album-personalizzato-legno","17":"product_tag-betulla-stampata-uv","18":"product_tag-copertina-legno-personale","19":"product_tag-creativita-ricordi-unici","20":"product_tag-dimensioni-varie-album","21":"product_tag-dorso-velvet-personalizzato","22":"product_tag-eleganza-arte-personalizzata","23":"product_tag-incisione-laser-album","24":"product_tag-momenti-speciali-woodcraft","25":"product_tag-opere-darte-tangibili","26":"product_tag-placchetta-incisa-dedica","27":"product_tag-registratore-luminoso-album","28":"product_tag-similpelle-scritta-personale","30":"first","31":"instock","32":"shipping-taxable","33":"purchasable","34":"product-type-simple"},"aioseo_notices":[],"_links":{"self":[{"href":"https:\/\/www.artieinventive.it\/es\/wp-json\/wp\/v2\/product\/26257","targetHints":{"allow":["GET"]}}],"collection":[{"href":"https:\/\/www.artieinventive.it\/es\/wp-json\/wp\/v2\/product"}],"about":[{"href":"https:\/\/www.artieinventive.it\/es\/wp-json\/wp\/v2\/types\/product"}],"wp:featuredmedia":[{"embeddable":true,"href":"https:\/\/www.artieinventive.it\/es\/wp-json\/wp\/v2\/media\/26258"}],"wp:attachment":[{"href":"https:\/\/www.artieinventive.it\/es\/wp-json\/wp\/v2\/media?parent=26257"}],"wp:term":[{"taxonomy":"product_brand","embeddable":true,"href":"https:\/\/www.artieinventive.it\/es\/wp-json\/wp\/v2\/product_brand?post=26257"},{"taxonomy":"product_cat","embeddable":true,"href":"https:\/\/www.artieinventive.it\/es\/wp-json\/wp\/v2\/product_cat?post=26257"},{"taxonomy":"product_tag","embeddable":true,"href":"https:\/\/www.artieinventive.it\/es\/wp-json\/wp\/v2\/product_tag?post=26257"}],"curies":[{"name":"wp","href":"https:\/\/api.w.org\/{rel}","templated":true}]}}