{"id":26164,"date":"2024-01-07T19:54:57","date_gmt":"2024-01-07T18:54:57","guid":{"rendered":"https:\/\/www.artieinventive.it\/?post_type=product&#038;p=26164"},"modified":"2024-01-07T20:10:02","modified_gmt":"2024-01-07T19:10:02","slug":"tagliere-personalizzato-in-legno","status":"publish","type":"product","link":"https:\/\/www.artieinventive.it\/es\/bottega\/shop\/ideas-para-bodas\/tabla-de-cortar-de-madera-personalizada\/","title":{"rendered":"Tabla de cortar de madera personalizada"},"content":{"rendered":"<p><strong>Versatilidad artesanal: tabla de cortar de madera personalizada de Arti&amp;Inventive<\/strong><\/p>\n<p>Bienvenido al mundo de <strong>Artes e inventiva<\/strong>, donde se unen nuestra dedicaci\u00f3n a la artesan\u00eda y la pasi\u00f3n por la cocina. Descubre la excelencia en los detalles con los nuestros <strong>tablas de cortar personalizadas<\/strong>, elaborado con artesan\u00eda experta y disponible en dos extraordinarias opciones de materiales: madera maciza y madera contrachapada multicapa.<\/p>\n<p>Todo esta bien <strong>tabla de cortar \u00fanica<\/strong> est\u00e1 concebido con precisi\u00f3n, con la artesan\u00eda que distingue nuestra marca. Personaliza el tuyo <strong>tabla de cortar de madera maciza<\/strong> para una sensaci\u00f3n cl\u00e1sica y robusta, u opte por el contrachapado multicapa para una soluci\u00f3n vers\u00e1til y pr\u00e1ctica.<\/p>\n<p>Para la personalizaci\u00f3n, ofrecemos dos t\u00e9cnicas de impresi\u00f3n de alta calidad:<\/p>\n<ul>\n<li><strong>Grabado l\u00e1ser:<\/strong> Agregue un toque de clase con grabados detallados, ideales para patrones complejos, texto personalizado y dise\u00f1os sutiles. El efecto oscuro o quemado le da a tu tabla de cortar un toque artesanal y refinado.<\/li>\n<li><strong>Impresi\u00f3n en color directa UV:<\/strong> Explore la vitalidad del color con impresiones UV directas que permiten detalles vibrantes y una gama de colores completa. Ideal para impresiones fotogr\u00e1ficas, logotipos a todo color y dise\u00f1os complejos, esta t\u00e9cnica proporciona una apariencia suave en la superficie de la tabla de cortar.<\/li>\n<\/ul>\n<p>Nuestra colecci\u00f3n ofrece soluciones para cada necesidad culinaria. Ya sea que elija la precisi\u00f3n del grabado l\u00e1ser o la intensidad de la impresi\u00f3n UV, cada tabla de cortar est\u00e1 dise\u00f1ada para ofrecer el m\u00e1ximo <strong>sostenibilidad<\/strong> y <strong>elegancia<\/strong>.<\/p>\n<p>Date un toque de <strong>rusticidad elegante<\/strong> con nuestras tablas de cortar minimalistas y refinadas. Tanto si eres un chef apasionado como un amante de la cocina casera, encontrar\u00e1s la tabla de cortar perfecta para cada ocasi\u00f3n. Regala o reg\u00e1late una pieza \u00fanica y decorativa, adornada con grabados y detalles que la hacen especial.<\/p>\n<p>Descubre el placer de cortar, servir y compartir con los tuyos <strong>tabla de cortar personalizada de Arti&amp;Inventive<\/strong>. Elija calidad, elija artesan\u00eda, elija versatilidad.<\/p>\n<p>\u00a1Explora nuestra colecci\u00f3n ahora y a\u00f1ade un toque de autenticidad a tu cocina!<\/p>","protected":false},"excerpt":{"rendered":"<p>Versatilidad artesanal: Tabla de cortar de madera personalizada de Arti&amp;Inventive Bienvenido al mundo de Arti&amp;Inventive, donde se unen nuestra dedicaci\u00f3n a la artesan\u00eda y la pasi\u00f3n por la cocina. Descubra la excelencia en los detalles con nuestras tablas de cortar personalizadas, elaboradas con mano de obra experta y disponibles en dos impresionantes opciones de materiales: madera maciza y madera contrachapada. Cada tabla de cortar \u00fanica [\u2026]<\/p>","protected":false},"featured_media":26171,"template":"","meta":[],"product_brand":[],"product_cat":[93,27,29,1282,1312],"product_tag":[1327,1318,1341,1343,1336,1325,1326,1319,1335,1350,1321,1328,1331,1342,1337,1348,1330,1317,1347,1333,1320,1332,1338,1315,1340,1334,1322,1344,1349,1329,1346,1324,1339,1316,1313,1314,1323,1345],"class_list":{"0":"post-26164","1":"product","2":"type-product","3":"status-publish","4":"has-post-thumbnail","6":"product_cat-idee-per-festa-della-mamma","7":"product_cat-idee-per-matrimonio","8":"product_cat-idee-per-nascita","9":"product_cat-idee-per-natale","10":"product_cat-taglieri","11":"product_tag-accessorio-cucina","12":"product_tag-artigianale","13":"product_tag-barbecue","14":"product_tag-bruschette","15":"product_tag-carne","16":"product_tag-chef","17":"product_tag-cibo","18":"product_tag-cucina","19":"product_tag-decorativo","20":"product_tag-design-ergonomico","21":"product_tag-design-unico","22":"product_tag-eco-friendly","23":"product_tag-famiglia","24":"product_tag-finger-food","25":"product_tag-formaggi","26":"product_tag-grande-dimensione","27":"product_tag-incisione","28":"product_tag-legno","29":"product_tag-legno-massello","30":"product_tag-materiale-naturale","31":"product_tag-nome","32":"product_tag-occasione","33":"product_tag-pane","34":"product_tag-personalizzato","35":"product_tag-pizza","36":"product_tag-raffinato","37":"product_tag-regalo","38":"product_tag-salumi","39":"product_tag-scolpito-a-mano","40":"product_tag-sostenibile","41":"product_tag-stile-minimalista","42":"product_tag-stile-rustico","43":"product_tag-sushi","44":"product_tag-tagliere","45":"product_tag-tagliere-personalizzato","46":"product_tag-tagliere-personalizzato-in-legno","47":"product_tag-utensili-da-cucina","48":"product_tag-vegetariano","50":"first","51":"instock","52":"shipping-taxable","53":"purchasable","54":"product-type-simple"},"aioseo_notices":[],"_links":{"self":[{"href":"https:\/\/www.artieinventive.it\/es\/wp-json\/wp\/v2\/product\/26164","targetHints":{"allow":["GET"]}}],"collection":[{"href":"https:\/\/www.artieinventive.it\/es\/wp-json\/wp\/v2\/product"}],"about":[{"href":"https:\/\/www.artieinventive.it\/es\/wp-json\/wp\/v2\/types\/product"}],"wp:featuredmedia":[{"embeddable":true,"href":"https:\/\/www.artieinventive.it\/es\/wp-json\/wp\/v2\/media\/26171"}],"wp:attachment":[{"href":"https:\/\/www.artieinventive.it\/es\/wp-json\/wp\/v2\/media?parent=26164"}],"wp:term":[{"taxonomy":"product_brand","embeddable":true,"href":"https:\/\/www.artieinventive.it\/es\/wp-json\/wp\/v2\/product_brand?post=26164"},{"taxonomy":"product_cat","embeddable":true,"href":"https:\/\/www.artieinventive.it\/es\/wp-json\/wp\/v2\/product_cat?post=26164"},{"taxonomy":"product_tag","embeddable":true,"href":"https:\/\/www.artieinventive.it\/es\/wp-json\/wp\/v2\/product_tag?post=26164"}],"curies":[{"name":"wp","href":"https:\/\/api.w.org\/{rel}","templated":true}]}}