{"id":26144,"date":"2024-01-06T22:18:19","date_gmt":"2024-01-06T21:18:19","guid":{"rendered":"https:\/\/www.artieinventive.it\/?post_type=product&#038;p=26144"},"modified":"2024-01-21T15:49:56","modified_gmt":"2024-01-21T14:49:56","slug":"portatovaglioli-in-legno-personalizzato","status":"publish","type":"product","link":"https:\/\/www.artieinventive.it\/es\/bottega\/shop\/ideas-para-bodas\/servilletero-de-madera-personalizado\/","title":{"rendered":"Servilletero de madera personalizado"},"content":{"rendered":"<p><strong>Servilletero de madera personalizado: elegancia y estilo \u00fanicos en ArtieInventive.it<\/strong><\/p>\n<p>A\u00f1ade un toque de <strong>refinamiento<\/strong> a tu mesa con nuestro exclusivo <strong>servilletero de madera personalizado<\/strong> disponible en ArtieInventive.it. Fabricado con artesan\u00eda experta, este servilletero combina la belleza de <strong>madera natural<\/strong> a la individualidad de <strong>personalizaci\u00f3n<\/strong>.<\/p>\n<p><strong>Principales caracter\u00edsticas:<\/strong><\/p>\n<ul>\n<li><strong>Madera de alta calidad:<\/strong> Cada servilletero est\u00e1 hecho con <strong>madera preciosa<\/strong>, garantizando <strong>durabilidad<\/strong> Y <strong>resistencia<\/strong> a tiempo.<\/li>\n<li><strong>Personalizaci\u00f3n \u00fanica:<\/strong> \u00a1Elige tu estilo! agregar <strong>iniciales<\/strong>, <strong>en tu casa<\/strong> o <strong>mensajes especiales<\/strong> a tu servilletero para hacerlo <strong>\u00fanico<\/strong> Y <strong>significativo<\/strong>.<\/li>\n<li><strong>M\u00e9todo de impresi\u00f3n: <\/strong>Puede elegir entre grabado l\u00e1ser o impresi\u00f3n en color UV directa.<\/li>\n<li><strong>Dise\u00f1o elegante:<\/strong> Nuestra atenci\u00f3n al detalle se refleja en la <strong>dise\u00f1o refinado<\/strong> del servilletero, que se adapta perfectamente a cualquier entorno.<\/li>\n<\/ul>\n<p><strong>\u00bfPor qu\u00e9 elegir nuestro servilletero personalizado?<\/strong><\/p>\n<ol>\n<li><strong>Regalo inolvidable:<\/strong> Ideal para ocasiones especiales como <strong>bodas<\/strong>, <strong>aniversarios<\/strong> o <strong>cumplea\u00f1os<\/strong>, el servilletero personalizado ser\u00e1 un <strong>regalo inolvidable<\/strong>.<\/li>\n<li><strong>Respetuoso del medio ambiente:<\/strong> Nuestro compromiso con el medio ambiente se traduce en la elecci\u00f3n de materiales <strong>sostenible<\/strong> y en producci\u00f3n <strong>responsable<\/strong>.<\/li>\n<li><strong>Experiencia de compra segura:<\/strong> ArtieInventive.it ofrece una plataforma <strong>seguro<\/strong> Y <strong>confiable<\/strong> para una experiencia de compra sin preocupaciones.<\/li>\n<\/ol>\n<p>A\u00f1ade un toque personalizado a tu mesa y haz una declaraci\u00f3n de estilo con nuestro <strong>servilletero de madera<\/strong>. Elegir el <strong>calidad<\/strong>, elegir el<strong>elegancia<\/strong> \u2013 \u00a1Compre ahora en ArtieInventive.it!<\/p>","protected":false},"excerpt":{"rendered":"<p>Servilletero de madera personalizado: elegancia y estilo \u00fanicos en ArtieInventive.it Agregue un toque de refinamiento a su mesa con nuestro exclusivo servilletero de madera personalizado disponible en ArtieInventive.it. Elaborado con artesan\u00eda experta, este servilletero combina la belleza de la madera natural con la individualidad de la personalizaci\u00f3n. Caracter\u00edsticas principales: Madera de alta calidad: cada servilletero est\u00e1 hecho [\u2026]<\/p>","protected":false},"featured_media":26150,"template":"","meta":[],"product_brand":[],"product_cat":[28,93,27,29,1282,1309,95],"product_tag":[1310,1311],"class_list":{"0":"post-26144","1":"product","2":"type-product","3":"status-publish","4":"has-post-thumbnail","6":"product_cat-idee-per-battesimo","7":"product_cat-idee-per-festa-della-mamma","8":"product_cat-idee-per-matrimonio","9":"product_cat-idee-per-nascita","10":"product_cat-idee-per-natale","11":"product_cat-portatovaglioli","12":"product_cat-shop","13":"product_tag-portatovaglioli-personalizzato","14":"product_tag-portatovaglioli-stampa-personalizzata-a-colori","16":"first","17":"instock","18":"shipping-taxable","19":"purchasable","20":"product-type-simple"},"aioseo_notices":[],"_links":{"self":[{"href":"https:\/\/www.artieinventive.it\/es\/wp-json\/wp\/v2\/product\/26144","targetHints":{"allow":["GET"]}}],"collection":[{"href":"https:\/\/www.artieinventive.it\/es\/wp-json\/wp\/v2\/product"}],"about":[{"href":"https:\/\/www.artieinventive.it\/es\/wp-json\/wp\/v2\/types\/product"}],"wp:featuredmedia":[{"embeddable":true,"href":"https:\/\/www.artieinventive.it\/es\/wp-json\/wp\/v2\/media\/26150"}],"wp:attachment":[{"href":"https:\/\/www.artieinventive.it\/es\/wp-json\/wp\/v2\/media?parent=26144"}],"wp:term":[{"taxonomy":"product_brand","embeddable":true,"href":"https:\/\/www.artieinventive.it\/es\/wp-json\/wp\/v2\/product_brand?post=26144"},{"taxonomy":"product_cat","embeddable":true,"href":"https:\/\/www.artieinventive.it\/es\/wp-json\/wp\/v2\/product_cat?post=26144"},{"taxonomy":"product_tag","embeddable":true,"href":"https:\/\/www.artieinventive.it\/es\/wp-json\/wp\/v2\/product_tag?post=26144"}],"curies":[{"name":"wp","href":"https:\/\/api.w.org\/{rel}","templated":true}]}}