{"id":20986,"date":"2023-01-19T18:12:18","date_gmt":"2023-01-19T17:12:18","guid":{"rendered":"https:\/\/www.artieinventive.it\/?post_type=product&#038;p=20986"},"modified":"2025-11-28T11:16:27","modified_gmt":"2025-11-28T10:16:27","slug":"calendario-dellavvento-in-legno-personalizzato","status":"publish","type":"product","link":"https:\/\/www.artieinventive.it\/es\/bottega\/shop\/ideas-para-navidad\/calendario-de-adviento-de-madera-personalizado\/","title":{"rendered":"Calendario de adviento de madera personalizado"},"content":{"rendered":"<p>Explora nuestro excepcional <strong>Calendario de adviento de madera personalizado<\/strong>, un complemento perfecto para que tu Navidad sea \u00fanica. Cuidadosamente elaborado con madera contrachapada de \u00e1lamo duradera cortada con l\u00e1ser, este <strong>calendario personalizado<\/strong> es una opci\u00f3n vers\u00e1til y \u00fanica.<\/p>\n<p>Las generosas dimensiones de 61x44x10cm y el espacioso interior de cada caja de 6x6x7cm hacen de esta <strong>calendario de adviento de madera<\/strong> no s\u00f3lo una bonita decoraci\u00f3n, sino tambi\u00e9n una soluci\u00f3n pr\u00e1ctica para esconder peque\u00f1as sorpresas.<\/p>\n<p>Personaliza el tuyo <strong>calendario de adviento de madera<\/strong> con opciones como iluminaci\u00f3n LED, m\u00fasica que se puede grabar hasta por 4 minutos -se activa con un simple toque- y elige el color que mejor se adapta a tu estilo navide\u00f1o.<\/p>\n<p>A\u00f1ade un toque \u00fanico colocando palabras personalizadas en la parte superior del techo. <strong>Calendario de adviento de madera personalizado<\/strong>. Elija entre palabras como &quot;Navidad&quot;, &quot;Familia&quot;, &quot;Amor&quot; y m\u00e1s.<\/p>\n<p>No pierdas la oportunidad de hacer que tu Navidad sea a\u00fan m\u00e1s especial con esta excepcional <strong>calendario personalizado<\/strong>. \u00a1Descubra m\u00e1s hoy!<\/p>","protected":false},"excerpt":{"rendered":"<p>Explora nuestro excepcional calendario de adviento de madera personalizado, un complemento perfecto para que tu Navidad sea \u00fanica. Cuidadosamente elaborado con madera contrachapada de \u00e1lamo duradera cortada con l\u00e1ser, este calendario personalizado es una opci\u00f3n vers\u00e1til y \u00fanica. Las generosas dimensiones de 61x44x10cm y el espacioso interior de cada caja de 6x6x7cm hacen que este calendario de adviento [\u2026]<\/p>","protected":false},"featured_media":20988,"template":"","meta":[],"product_brand":[],"product_cat":[1282,95],"product_tag":[1360,1362,1364,1284,1286,1366,1285,1283,1352,1358,1361,1331,1363,1367,1357,1354,1351,1355,1359,1353,1369,1365,1356,1368],"class_list":{"0":"post-20986","1":"product","2":"type-product","3":"status-publish","4":"has-post-thumbnail","6":"product_cat-idee-per-natale","7":"product_cat-shop","8":"product_tag-amore","9":"product_tag-artigianato","10":"product_tag-atmosfera-natalizia","11":"product_tag-calendario-avvento-in-legno","12":"product_tag-calendario-dellavvento","13":"product_tag-calendario-dellavvento-in-legno","14":"product_tag-calendario-dellavvento-in-legno-personalizzato","15":"product_tag-calendario-dellavvento-personalizzato","16":"product_tag-decorazione-natalizia","17":"product_tag-decorazioni-natalizie-uniche","18":"product_tag-fai-da-te","19":"product_tag-famiglia","20":"product_tag-festa","21":"product_tag-festa-in-famiglia","22":"product_tag-festivita","23":"product_tag-illuminazione-a-led","24":"product_tag-legno-personalizzato","25":"product_tag-musica-registrabile","26":"product_tag-natale","27":"product_tag-regali-personalizzati","28":"product_tag-regali-speciali","29":"product_tag-regali-unici","30":"product_tag-sorprese-natalizie","31":"product_tag-tradizione-natalizia","33":"first","34":"instock","35":"sale","36":"shipping-taxable","37":"purchasable","38":"product-type-simple"},"aioseo_notices":[],"_links":{"self":[{"href":"https:\/\/www.artieinventive.it\/es\/wp-json\/wp\/v2\/product\/20986","targetHints":{"allow":["GET"]}}],"collection":[{"href":"https:\/\/www.artieinventive.it\/es\/wp-json\/wp\/v2\/product"}],"about":[{"href":"https:\/\/www.artieinventive.it\/es\/wp-json\/wp\/v2\/types\/product"}],"wp:featuredmedia":[{"embeddable":true,"href":"https:\/\/www.artieinventive.it\/es\/wp-json\/wp\/v2\/media\/20988"}],"wp:attachment":[{"href":"https:\/\/www.artieinventive.it\/es\/wp-json\/wp\/v2\/media?parent=20986"}],"wp:term":[{"taxonomy":"product_brand","embeddable":true,"href":"https:\/\/www.artieinventive.it\/es\/wp-json\/wp\/v2\/product_brand?post=20986"},{"taxonomy":"product_cat","embeddable":true,"href":"https:\/\/www.artieinventive.it\/es\/wp-json\/wp\/v2\/product_cat?post=20986"},{"taxonomy":"product_tag","embeddable":true,"href":"https:\/\/www.artieinventive.it\/es\/wp-json\/wp\/v2\/product_tag?post=20986"}],"curies":[{"name":"wp","href":"https:\/\/api.w.org\/{rel}","templated":true}]}}