{"id":17030,"date":"2022-02-22T17:55:46","date_gmt":"2022-02-22T16:55:46","guid":{"rendered":"https:\/\/www.artieinventive.it\/?post_type=product&#038;p=17030"},"modified":"2024-03-05T19:07:47","modified_gmt":"2024-03-05T18:07:47","slug":"portachiavi-in-alluminio-forma-e-grafica-personalizzata","status":"publish","type":"product","link":"https:\/\/www.artieinventive.it\/es\/bottega\/shop\/llavero\/llavero-de-aluminio-con-forma-y-graficos-personalizados\/","title":{"rendered":"Llavero de aluminio con forma y gr\u00e1ficos personalizados."},"content":{"rendered":"<p>hacer cualquier <strong>Llavero con forma y gr\u00e1ficos personalizados.<\/strong><\/p>\n<p>Producto hecho a tu medida <strong>llavero con forma y gr\u00e1ficos personalizados <\/strong>es una idea de regalo perfecta para cualquier ocasi\u00f3n.<\/p>\n<p>Puede elegir entre las formas disponibles o puede cargar una de su agrado, estamos disponibles para cualquiera de sus necesidades de personalizaci\u00f3n.<\/p>","protected":false},"excerpt":{"rendered":"<p>Crea cualquier llavero con formas y gr\u00e1ficos personalizados. Hecho a medida para usted, el llavero con forma y gr\u00e1ficos personalizados es una idea de regalo perfecta para cualquier ocasi\u00f3n. Puede elegir entre las formas disponibles o puede cargar una de su agrado, estamos disponibles para cualquiera de sus necesidades de personalizaci\u00f3n.<\/p>","protected":false},"featured_media":17049,"template":"","meta":[],"product_brand":[],"product_cat":[97],"product_tag":[1279,1280,98],"class_list":{"0":"post-17030","1":"product","2":"type-product","3":"status-publish","4":"has-post-thumbnail","6":"product_cat-portachiavi","7":"product_tag-portachiavi-con-incisione-personalizzata","8":"product_tag-portachiavi-in-alluminio-personalizzato","9":"product_tag-portachiavi-personalizzato","11":"first","12":"instock","13":"shipping-taxable","14":"purchasable","15":"product-type-simple"},"aioseo_notices":[],"_links":{"self":[{"href":"https:\/\/www.artieinventive.it\/es\/wp-json\/wp\/v2\/product\/17030","targetHints":{"allow":["GET"]}}],"collection":[{"href":"https:\/\/www.artieinventive.it\/es\/wp-json\/wp\/v2\/product"}],"about":[{"href":"https:\/\/www.artieinventive.it\/es\/wp-json\/wp\/v2\/types\/product"}],"wp:featuredmedia":[{"embeddable":true,"href":"https:\/\/www.artieinventive.it\/es\/wp-json\/wp\/v2\/media\/17049"}],"wp:attachment":[{"href":"https:\/\/www.artieinventive.it\/es\/wp-json\/wp\/v2\/media?parent=17030"}],"wp:term":[{"taxonomy":"product_brand","embeddable":true,"href":"https:\/\/www.artieinventive.it\/es\/wp-json\/wp\/v2\/product_brand?post=17030"},{"taxonomy":"product_cat","embeddable":true,"href":"https:\/\/www.artieinventive.it\/es\/wp-json\/wp\/v2\/product_cat?post=17030"},{"taxonomy":"product_tag","embeddable":true,"href":"https:\/\/www.artieinventive.it\/es\/wp-json\/wp\/v2\/product_tag?post=17030"}],"curies":[{"name":"wp","href":"https:\/\/api.w.org\/{rel}","templated":true}]}}