{"id":103,"date":"2015-12-12T20:41:48","date_gmt":"2015-12-12T19:41:48","guid":{"rendered":"http:\/\/artieinventive.it\/?post_type=product&#038;p=103"},"modified":"2022-08-13T20:32:43","modified_gmt":"2022-08-13T18:32:43","slug":"carillon-scatola-musicale-rettangolare-personalizzata","status":"publish","type":"product","link":"https:\/\/www.artieinventive.it\/es\/bottega\/shop\/campanillas-y-cajas-de-musica\/caja-de-musica-rectangular-personalizada\/","title":{"rendered":"Caja de m\u00fasica rectangular personalizada"},"content":{"rendered":"<p>Esta caja de m\u00fasica est\u00e1 fabricada en madera maciza de varias esencias que podr\u00e1s elegir entre las opciones, protegida con barniz transparente y acabada con cera de abejas perfumada.<\/p>\n<p>Un objeto \u00fanico que podr\u00e1s personalizar con tu m\u00fasica favorita, escritura personalizada en la tapa y el color que elijas.<\/p>\n<p>Es el regalo perfecto para un cumplea\u00f1os, aniversario y tambi\u00e9n es ideal como obsequio de boda lujoso y original para tu boda o bautizo.<\/p>\n<p>&nbsp;<\/p>\n<div class=\"wp-playlist wp-audio-playlist wp-playlist-light\">\n\t\t\t<div class=\"wp-playlist-current-item\"><\/div>\n\t\t<audio controls=\"controls\" preload=\"none\" width=\"618\"\n\t\t\t><\/audio>\n\t<div class=\"wp-playlist-next\"><\/div>\n\t<div class=\"wp-playlist-prev\"><\/div>\n\t<noscript>\n\t<ol>\n\t\t<li><a href='https:\/\/www.artieinventive.it\/wp-content\/uploads\/2016\/01\/romeo_and_juliet.mp3'>Romeo Julieta<\/a><\/li><li><a href='https:\/\/www.artieinventive.it\/wp-content\/uploads\/2016\/01\/per_elisa.mp3'>Para Elisa<\/a><\/li><li><a href='https:\/\/www.artieinventive.it\/wp-content\/uploads\/2016\/01\/love_story.mp3'>Historia de amor<\/a><\/li><li><a href='https:\/\/www.artieinventive.it\/wp-content\/uploads\/2016\/01\/lago_dei_cigni.mp3'>El lamento de los cisnes<\/a><\/li><li><a href='https:\/\/www.artieinventive.it\/wp-content\/uploads\/2016\/01\/jingle_bells.mp3'>cascabeles<\/a><\/li><li><a href='https:\/\/www.artieinventive.it\/wp-content\/uploads\/2016\/01\/happy_birthday_to_you.mp3'>Feliz cumplea\u00f1os<\/a><\/li><li><a href='https:\/\/www.artieinventive.it\/wp-content\/uploads\/2016\/01\/edelweiss.mp3'>edelweiss<\/a><\/li><li><a href='https:\/\/www.artieinventive.it\/wp-content\/uploads\/2016\/01\/bridal_march.mp3'>Marcha nupcial<\/a><\/li><li><a href='https:\/\/www.artieinventive.it\/wp-content\/uploads\/2016\/01\/blu_danube.mp3'>Danubio azul<\/a><\/li>\t<\/ol>\n\t<\/noscript>\n\t<script type=\"application\/json\" class=\"wp-playlist-script\">{\"type\":\"audio\",\"tracklist\":true,\"tracknumbers\":true,\"images\":false,\"artists\":false,\"tracks\":[{\"src\":\"https:\/\/www.artieinventive.it\/wp-content\/uploads\/2016\/01\/romeo_and_juliet.mp3\",\"type\":\"audio\/mpeg\",\"title\":\"Romeo & Juliet\",\"caption\":\"\",\"description\":\"\",\"meta\":{\"length_formatted\":\"0:15\"},\"image\":{\"src\":\"https:\/\/www.artieinventive.it\/wp-includes\/images\/media\/audio.svg\",\"width\":48,\"height\":64},\"thumb\":{\"src\":\"https:\/\/www.artieinventive.it\/wp-includes\/images\/media\/audio.svg\",\"width\":48,\"height\":64}},{\"src\":\"https:\/\/www.artieinventive.it\/wp-content\/uploads\/2016\/01\/per_elisa.mp3\",\"type\":\"audio\/mpeg\",\"title\":\"Per Elisa\",\"caption\":\"\",\"description\":\"\",\"meta\":{\"length_formatted\":\"0:15\"},\"image\":{\"src\":\"https:\/\/www.artieinventive.it\/wp-includes\/images\/media\/audio.svg\",\"width\":48,\"height\":64},\"thumb\":{\"src\":\"https:\/\/www.artieinventive.it\/wp-includes\/images\/media\/audio.svg\",\"width\":48,\"height\":64}},{\"src\":\"https:\/\/www.artieinventive.it\/wp-content\/uploads\/2016\/01\/love_story.mp3\",\"type\":\"audio\/mpeg\",\"title\":\"Love story\",\"caption\":\"\",\"description\":\"\",\"meta\":{\"length_formatted\":\"0:16\"},\"image\":{\"src\":\"https:\/\/www.artieinventive.it\/wp-includes\/images\/media\/audio.svg\",\"width\":48,\"height\":64},\"thumb\":{\"src\":\"https:\/\/www.artieinventive.it\/wp-includes\/images\/media\/audio.svg\",\"width\":48,\"height\":64}},{\"src\":\"https:\/\/www.artieinventive.it\/wp-content\/uploads\/2016\/01\/lago_dei_cigni.mp3\",\"type\":\"audio\/mpeg\",\"title\":\"Lagno dei cigni\",\"caption\":\"\",\"description\":\"\",\"meta\":{\"length_formatted\":\"0:16\"},\"image\":{\"src\":\"https:\/\/www.artieinventive.it\/wp-includes\/images\/media\/audio.svg\",\"width\":48,\"height\":64},\"thumb\":{\"src\":\"https:\/\/www.artieinventive.it\/wp-includes\/images\/media\/audio.svg\",\"width\":48,\"height\":64}},{\"src\":\"https:\/\/www.artieinventive.it\/wp-content\/uploads\/2016\/01\/jingle_bells.mp3\",\"type\":\"audio\/mpeg\",\"title\":\"Jingle bells\",\"caption\":\"\",\"description\":\"\",\"meta\":{\"length_formatted\":\"0:15\"},\"image\":{\"src\":\"https:\/\/www.artieinventive.it\/wp-includes\/images\/media\/audio.svg\",\"width\":48,\"height\":64},\"thumb\":{\"src\":\"https:\/\/www.artieinventive.it\/wp-includes\/images\/media\/audio.svg\",\"width\":48,\"height\":64}},{\"src\":\"https:\/\/www.artieinventive.it\/wp-content\/uploads\/2016\/01\/happy_birthday_to_you.mp3\",\"type\":\"audio\/mpeg\",\"title\":\"Buon compleanno a te\",\"caption\":\"\",\"description\":\"\",\"meta\":{\"genre\":\"Other\",\"length_formatted\":\"0:16\"},\"image\":{\"src\":\"https:\/\/www.artieinventive.it\/wp-includes\/images\/media\/audio.svg\",\"width\":48,\"height\":64},\"thumb\":{\"src\":\"https:\/\/www.artieinventive.it\/wp-includes\/images\/media\/audio.svg\",\"width\":48,\"height\":64}},{\"src\":\"https:\/\/www.artieinventive.it\/wp-content\/uploads\/2016\/01\/edelweiss.mp3\",\"type\":\"audio\/mpeg\",\"title\":\"Edelweiss\",\"caption\":\"\",\"description\":\"\",\"meta\":{\"genre\":\"Other\",\"length_formatted\":\"0:16\"},\"image\":{\"src\":\"https:\/\/www.artieinventive.it\/wp-includes\/images\/media\/audio.svg\",\"width\":48,\"height\":64},\"thumb\":{\"src\":\"https:\/\/www.artieinventive.it\/wp-includes\/images\/media\/audio.svg\",\"width\":48,\"height\":64}},{\"src\":\"https:\/\/www.artieinventive.it\/wp-content\/uploads\/2016\/01\/bridal_march.mp3\",\"type\":\"audio\/mpeg\",\"title\":\"Marcia nuziale\",\"caption\":\"\",\"description\":\"\",\"meta\":{\"genre\":\"Other\",\"length_formatted\":\"0:16\"},\"image\":{\"src\":\"https:\/\/www.artieinventive.it\/wp-includes\/images\/media\/audio.svg\",\"width\":48,\"height\":64},\"thumb\":{\"src\":\"https:\/\/www.artieinventive.it\/wp-includes\/images\/media\/audio.svg\",\"width\":48,\"height\":64}},{\"src\":\"https:\/\/www.artieinventive.it\/wp-content\/uploads\/2016\/01\/blu_danube.mp3\",\"type\":\"audio\/mpeg\",\"title\":\"Blue Danube\",\"caption\":\"\",\"description\":\"\",\"meta\":{\"length_formatted\":\"0:15\"},\"image\":{\"src\":\"https:\/\/www.artieinventive.it\/wp-includes\/images\/media\/audio.svg\",\"width\":48,\"height\":64},\"thumb\":{\"src\":\"https:\/\/www.artieinventive.it\/wp-includes\/images\/media\/audio.svg\",\"width\":48,\"height\":64}}]}<\/script>\n<\/div>","protected":false},"excerpt":{"rendered":"<p>Esta caja de m\u00fasica est\u00e1 fabricada en madera maciza de varias esencias que podr\u00e1s elegir entre las opciones, protegida con barniz transparente y acabada con cera de abejas perfumada. Un objeto \u00fanico que podr\u00e1s personalizar con tu m\u00fasica favorita, escritura personalizada en la tapa y el color que elijas. Es el regalo perfecto para cumplea\u00f1os, aniversario y [\u2026]<\/p>","protected":false},"featured_media":440,"template":"","meta":[],"product_brand":[],"product_cat":[14,28,93,27,29,94],"product_tag":[133,134,135,136,137,138],"class_list":{"0":"post-103","1":"product","2":"type-product","3":"status-publish","4":"has-post-thumbnail","6":"product_cat-carillons-e-scatole-musicali","7":"product_cat-idee-per-battesimo","8":"product_cat-idee-per-festa-della-mamma","9":"product_cat-idee-per-matrimonio","10":"product_cat-idee-per-nascita","11":"product_cat-idee-per-san-valentino","12":"product_tag-carillon","13":"product_tag-carillon-originale","14":"product_tag-carillon-personalizzato","15":"product_tag-scatola-musicale","16":"product_tag-scatola-musicale-originale","17":"product_tag-scatola-musicale-personalizzate","19":"first","20":"instock","21":"sale","22":"shipping-taxable","23":"purchasable","24":"product-type-simple"},"aioseo_notices":[],"_links":{"self":[{"href":"https:\/\/www.artieinventive.it\/es\/wp-json\/wp\/v2\/product\/103","targetHints":{"allow":["GET"]}}],"collection":[{"href":"https:\/\/www.artieinventive.it\/es\/wp-json\/wp\/v2\/product"}],"about":[{"href":"https:\/\/www.artieinventive.it\/es\/wp-json\/wp\/v2\/types\/product"}],"wp:featuredmedia":[{"embeddable":true,"href":"https:\/\/www.artieinventive.it\/es\/wp-json\/wp\/v2\/media\/440"}],"wp:attachment":[{"href":"https:\/\/www.artieinventive.it\/es\/wp-json\/wp\/v2\/media?parent=103"}],"wp:term":[{"taxonomy":"product_brand","embeddable":true,"href":"https:\/\/www.artieinventive.it\/es\/wp-json\/wp\/v2\/product_brand?post=103"},{"taxonomy":"product_cat","embeddable":true,"href":"https:\/\/www.artieinventive.it\/es\/wp-json\/wp\/v2\/product_cat?post=103"},{"taxonomy":"product_tag","embeddable":true,"href":"https:\/\/www.artieinventive.it\/es\/wp-json\/wp\/v2\/product_tag?post=103"}],"curies":[{"name":"wp","href":"https:\/\/api.w.org\/{rel}","templated":true}]}}