{"id":1042,"date":"2018-05-25T20:04:03","date_gmt":"2018-05-25T18:04:03","guid":{"rendered":"https:\/\/www.artieinventive.it\/?page_id=1042"},"modified":"2026-04-04T07:00:33","modified_gmt":"2026-04-04T05:00:33","slug":"privacy","status":"publish","type":"page","link":"https:\/\/www.artieinventive.it\/es\/privacidad\/","title":{"rendered":"Privacidad"},"content":{"rendered":"<h3>\n<!-- Legal document generated by Complianz | GDPR\/CCPA Cookie Consent https:\/\/wordpress.org\/plugins\/complianz-gdpr -->\n<div id=\"cmplz-document\" class=\"cmplz-document privacy-statement cmplz-document-eu\"><\/div><\/h3>\n<h3>Pol\u00edtica de privacidad<\/h3>\n<h4>Informaci\u00f3n conforme al art. 13 del Reglamento (UE) n\u00fam. 679\/2016 (\u201cRGPD\u201d)<\/h4>\n<p><strong>PREMISA<\/strong>:<\/p>\n<p><strong>La siguiente informaci\u00f3n se elabora de conformidad con el art. 13 del C\u00f3digo de Privacidad, de Arti&amp;Inventive<\/strong>, en relaci\u00f3n con los datos personales proporcionados por los usuarios al acceder y\/o registrarse en el sitio www.artieinventive.it (&quot;<strong>Sitio<\/strong>\u201c) o realizar una compra en el propio Sitio. Arti&amp;Inventive es propietaria del Sitio en el que opera como proveedor del servicio de registro y venta.<\/p>\n<p><strong>1. Responsable del tratamiento<\/strong><\/p>\n<p>El responsable del tratamiento de los datos personales es Arti&amp;Inventive., con domicilio social en Via Ercole Patti 13, Aci sant&#039;Antonio, n\u00famero de IVA\/c\u00f3digo fiscal 05070120877 correo electr\u00f3nico info@artieinventive.it<\/p>\n<p><strong>2. Finalidad del tratamiento<\/strong><\/p>\n<p>Arti&amp;Inventive tratar\u00e1 los datos personales facilitados por los usuarios con las siguientes finalidades:<\/p>\n<p>(a) permitir el registro en el Sitio y utilizar los servicios reservados a los usuarios registrados, incluida la posibilidad de realizar una compra en l\u00ednea.<\/p>\n<p>(b) permitir la celebraci\u00f3n del contrato de compra y la correcta ejecuci\u00f3n de las operaciones relacionadas con el mismo, incluidas las actividades de asistencia posventa. Adem\u00e1s, los usuarios, incluso si no est\u00e1n registrados, podr\u00e1n enviar solicitudes de informaci\u00f3n o aclaraciones sobre los productos en venta en el Sitio y, para procesar dicha solicitud, Arti&amp;Inventive requerir\u00e1 el suministro de algunos datos personales (por ejemplo, nombre, apellido y direcci\u00f3n de correo electr\u00f3nico).correo electr\u00f3nico);<\/p>\n<p>(c) para fines administrativo-contables as\u00ed como para cumplir obligaciones legales;<\/p>\n<p>(d) sujeto al consentimiento expreso del usuario, para el env\u00edo de comunicaciones informativas y promocionales (incluido el &quot;newsletter&quot;), cupones de descuento y ofertas especiales, por parte de Arti&amp;Inventive, en relaci\u00f3n con productos y servicios de Arti&amp;Inventive srl o de terceros, as\u00ed como as\u00ed como para la realizaci\u00f3n de estudios de mercado, a trav\u00e9s del correo electr\u00f3nico y del servicio postal (los denominados fines de &quot;<strong>marketing<\/strong>\u201c).<\/p>\n<p>(e) limitado a los datos de correo electr\u00f3nico proporcionados por el usuario en el contexto de la compra de un producto o servicio ofrecido y\u00a0<u>vendido en el Sitio directamente por Arti&amp;Inventive<\/u>, para permitir la venta directa de productos o servicios similares sin necesidad del consentimiento expreso y previo del interesado (seg\u00fan lo previsto en el art. 130, apartado 4 del C\u00f3digo de Privacidad) y siempre que el usuario no ejerza el derecho de oposici\u00f3n en la forma descrita en el punto 3 siguiente (los llamados &quot;<strong>spam suave<\/strong>\u201c).<\/p>\n<p>(f) sujeto al consentimiento expreso del usuario, para el procesamiento de sus elecciones de consumo y h\u00e1bitos de compra por parte de Arti&amp;Inventive mediante la detecci\u00f3n del tipo y frecuencia de las compras realizadas en el Sitio, con el fin de enviar material informativo y\/o publicitario. de inter\u00e9s espec\u00edfico para el usuario a trav\u00e9s del correo electr\u00f3nico y la mejora de las propuestas enviadas por Arti&amp;Inventive (las denominadas &quot;<strong>perfilando<\/strong>\u201c).<\/p>\n<p>Tambi\u00e9n se especifica que:<\/p>\n<p><strong>Credenciales de autenticaci\u00f3n\u00a0<\/strong><\/p>\n<p>Arti&amp;Inventive procesar\u00e1 los datos de registro para permitir al usuario registrado en el Sitio, si lo desea, la posibilidad de registrarse en uno de los siguientes sitios: www.1nventive.it, www.artieinventive.it, en los que Arti&amp;Inventive opera como proveedor de el registro y las ventas, as\u00ed como el controlador de datos personales de los usuarios registrados, utilizando las mismas credenciales que para el registro en el Sitio (los llamados &quot;Sitios impulsados por Inventive&quot;). El usuario ser\u00e1 informado de esta posibilidad antes de acceder a cada uno de los Sitios impulsados por Arti&amp;Inventive y, en cualquier caso, s\u00f3lo despu\u00e9s de haber sido invitado a leer la pol\u00edtica de privacidad del Sitio impulsado por Arti&amp;Inventive al que desea acceder con las mismas credenciales que registro utilizado para el Sitio. En el caso de que el usuario haya dado su consentimiento para el env\u00edo de comunicaciones promocionales al registrarse y\/o comprar en el Sitio y posteriormente haya iniciado sesi\u00f3n en otro de los Sitios impulsados por Arti&amp;Inventive con las mismas credenciales de autenticaci\u00f3n que el Sitio, no recibir\u00e1 comunicaciones promocionales relacionadas con Sitios impulsados por Arti&amp;Inventive distintos del Sitio, a menos que solicite expresamente recibir dichas comunicaciones seleccionando la opci\u00f3n apropiada presente en la cuenta personal de cada uno de los otros Sitios impulsados por Arti&amp;Inventive.<\/p>\n<p><strong>datos de tarjeta de cr\u00e9dito<\/strong><\/p>\n<p>Para realizar un pago en el Sitio con tarjeta de cr\u00e9dito, el usuario debe ingresar los datos confidenciales de la tarjeta de cr\u00e9dito (n\u00famero de tarjeta, titular, fecha de vencimiento, c\u00f3digos de seguridad). Dichos datos ser\u00e1n adquiridos por el proveedor de servicios de pago que actuar\u00e1 como responsable del tratamiento independiente, sin pasar por el servidor de Arti&amp;Inventive que, por tanto, no tratar\u00e1 dichos datos de ning\u00fan modo. Los datos ser\u00e1n adquiridos en formato cifrado y seg\u00fan los requisitos de seguridad establecidos por la certificaci\u00f3n PCI. El servicio de pago utiliza el protocolo SSL (Secure Sockets Layer). El usuario puede solicitar, a trav\u00e9s del Sitio, que se guarden dichos datos, pero los datos ser\u00e1n guardados directamente por el proveedor de servicios de pago y no ser\u00e1n adquiridos por Arti&amp;Inventive, que solo realizar\u00e1 un seguimiento de los \u00faltimos cuatro d\u00edgitos que componen el n\u00famero de la tarjeta de cr\u00e9dito. \u00fanica y exclusivamente para prevenir cualquier fraude en los pagos online. Se especifica que incluso si el pago se refiere a la compra de un producto a un Vendedor Externo, dentro del MarketPlace, los datos de la tarjeta de cr\u00e9dito no ser\u00e1n comunicados al Vendedor.<\/p>\n<p><strong>Datos facilitados en el marco del servicio \u201cd\u00edgalo por correo electr\u00f3nico\u201d<\/strong><\/p>\n<p>Al navegar por el Sitio, los usuarios registrados y los usuarios no registrados podr\u00e1n informar uno o m\u00e1s productos a sus amigos\/contactos ingresando su nombre y direcci\u00f3n de correo electr\u00f3nico, as\u00ed como el nombre y la direcci\u00f3n de correo electr\u00f3nico del amigo. Los usuarios deben ser conscientes de que Arti&amp;Inventive no conservar\u00e1 dichos datos despu\u00e9s del env\u00edo del correo electr\u00f3nico, salvo el tiempo estrictamente necesario para documentar que la solicitud del usuario ha sido procesada. Para utilizar este servicio, los interesados deben poder utilizar leg\u00edtimamente los datos de sus amigos\/contactos.<\/p>\n<p><strong>Informacion delicada<\/strong><\/p>\n<p>Para registrarse en el Sitio y realizar una compra a trav\u00e9s del Sitio, nunca es necesario proporcionar datos confidenciales. Sin embargo, se podr\u00eda solicitar al usuario que aporte documentaci\u00f3n que acredite la existencia de una discapacidad y, por tanto, el suministro de datos sensibles, en el caso de que pretenda acogerse al tipo reducido del IVA en relaci\u00f3n con la compra de un producto que le permita la aplicaci\u00f3n de este r\u00e9gimen, seg\u00fan lo dispuesto por la Ley de 28 de febrero de 1997, n. 30. Los datos as\u00ed proporcionados ser\u00e1n procesados por el vendedor del producto, ya sea Arti&amp;Inventive o un Tercero Vendedor, con el \u00fanico fin de permitir al vendedor del producto cumplir con las disposiciones de la ley del 28 de febrero de 1997, n. 30 relativo a la aplicaci\u00f3n del tipo reducido del IVA.<\/p>\n<p><strong>Datos de navegaci\u00f3n<\/strong><\/p>\n<p>Es posible acceder al Sitio y ver los productos puestos a la venta sin necesidad de proporcionar ning\u00fan dato personal. Sin embargo, los sistemas inform\u00e1ticos y el software utilizados para operar el Sitio adquieren, durante su normal funcionamiento, algunos datos personales cuya transmisi\u00f3n est\u00e1 impl\u00edcita en el uso de los protocolos de comunicaci\u00f3n de Internet.<\/p>\n<p>Esta informaci\u00f3n no se recoge para ser asociada a interesados identificados, pero, tambi\u00e9n por su propia naturaleza, podr\u00eda, mediante tratamiento o asociaci\u00f3n, permitir la identificaci\u00f3n del usuario.<\/p>\n<p>Esta categor\u00eda incluye las direcciones IP o nombres de dominio de las computadoras utilizadas por los usuarios que acceden al Sitio, las direcciones en notaci\u00f3n URL de los recursos solicitados, la hora de la solicitud, el m\u00e9todo utilizado para enviar la solicitud al servidor, el tama\u00f1o de el expediente obtenido como respuesta, etc. Estos datos se utilizan para obtener informaci\u00f3n estad\u00edstica an\u00f3nima sobre el uso del Sitio (como, en particular, el n\u00famero de accesos) y para comprobar su correcto funcionamiento. Este proceso no implica el procesamiento de informaci\u00f3n de identificaci\u00f3n directa.<\/p>\n<p>Los datos de navegaci\u00f3n ser\u00e1n adquiridos, en la forma indicada anteriormente, \u00fanicamente por Arti&amp;Inventive<\/p>\n<p><strong>3. Suministro de datos y consecuencias en caso de falta de consentimiento para el tratamiento<\/strong><\/p>\n<p>El suministro de datos para las finalidades mencionadas en las letras (a), (b) y (c) del punto 2 anterior tiene car\u00e1cter facultativo. Sin embargo, dado que este procesamiento es necesario para permitir el registro en el Sitio y la prestaci\u00f3n de servicios reservados, incluido el servicio de compra en l\u00ednea, cualquier negativa a proporcionar los datos en cuesti\u00f3n imposibilitar\u00e1 el registro en el Sitio y\/o la realizaci\u00f3n de una compra en l\u00ednea. .<\/p>\n<p>En referencia a las finalidades del tratamiento a que se refieren las letras (d) (&quot;marketing&quot;) y (f) (&quot;elaboraci\u00f3n de perfiles&quot;) del punto 2 anterior, el consentimiento al tratamiento de datos personales es puramente facultativo y podr\u00e1 expresarse a trav\u00e9s de la selecci\u00f3n de una casilla espec\u00edfica, para cada prop\u00f3sito distinto, presente en la parte inferior del formulario de registro en el Sitio. La falta de consentimiento no tendr\u00e1 consecuencias sobre la posibilidad de registrarse en el Sitio y\/o realizar compras en el mismo y exclusivamente implican las consecuencias que se describen a continuaci\u00f3n:<\/p>\n<p>\u2013 falta de consentimiento para el procesamiento de datos personales para los fines mencionados en el punto 2, letra. (d) (&quot;marketing&quot;) anterior, imposibilitar\u00e1 la recepci\u00f3n de comunicaciones informativas y promocionales (incluido el &quot;newsletter&quot;), cupones de descuento y ofertas especiales de Arti&amp;Inventive, en relaci\u00f3n con productos y servicios de Arti&amp;Inventive o de terceros, as\u00ed como en cuanto a la realizaci\u00f3n de estudios de mercado, v\u00eda correo electr\u00f3nico y servicio postal;<\/p>\n<p>\u2013 falta de consentimiento para el procesamiento de datos personales para los fines mencionados en el punto 2, letra. (f) (&quot;perfil&quot;) anterior imposibilitar\u00e1 que Arti&amp;Inventive lleve a cabo el an\u00e1lisis de las elecciones de consumo del usuario detectando el tipo y la frecuencia de las compras realizadas en el Sitio con el fin de enviar material informativo y\/o publicidad de productos espec\u00edficos. inter\u00e9s para el usuario.<\/p>\n<p>El usuario podr\u00e1, en cualquier caso, revocar cualquier consentimiento prestado para los fines descritos en las letras (d) (&quot;marketing&quot;) y (f) (&quot;elaboraci\u00f3n de perfiles&quot;) del punto 2, u oponerse al tratamiento para los fines a que se refiere la letra (e) (\u201csoft spamming\u201d) poni\u00e9ndose en contacto con Arti&amp;Inventive en la direcci\u00f3n indicada en el punto 1 anterior.<\/p>\n<p>Adem\u00e1s, limitado a los fines descritos en las letras (d) (&quot;marketing&quot;) y (e) (&quot;soft spamming&quot;) del punto 2 anterior, el usuario podr\u00e1 oponerse al tratamiento de los datos que le conciernen tambi\u00e9n a trav\u00e9s del enlace espec\u00edfico presente en parte inferior de cualquier correo electr\u00f3nico con contenido promocional enviado por Arti&amp;Inventive. La oposici\u00f3n expresada de esta manera se extiende tambi\u00e9n al env\u00edo de comunicaciones a trav\u00e9s del servicio postal.<\/p>\n<p><strong>4. M\u00e9todos de procesamiento de datos<\/strong><\/p>\n<p>El tratamiento de los datos se realizar\u00e1 principalmente con la ayuda de herramientas electr\u00f3nicas o automatizadas, seg\u00fan m\u00e9todos y con medios adecuados para garantizar la seguridad y confidencialidad de los propios datos, de conformidad con lo dispuesto en el C\u00f3digo de Privacidad. En particular, se adoptar\u00e1n todas las medidas de seguridad t\u00e9cnicas, inform\u00e1ticas, organizativas, log\u00edsticas y procedimentales, de forma que se garantice el nivel m\u00ednimo de protecci\u00f3n de datos exigido por la ley, permitiendo el acceso \u00fanicamente a los responsables del tratamiento por parte del Responsable o del Responsable del tratamiento. directivos designados por el mismo.<\/p>\n<p><strong>5. Alcance de la comunicaci\u00f3n de datos<\/strong><\/p>\n<p>Los datos personales proporcionados por el usuario, para las finalidades descritas en el punto 2 anterior, podr\u00e1n ser puestos en conocimiento o comunicados a los siguientes sujetos:<\/p>\n<p>(i) a empresas del grupo Banzai, al que pertenece Arti&amp;Inventive, y\/o empleados y\/o colaboradores de Arti&amp;Inventive y\/o del grupo Banzai, para la realizaci\u00f3n de actividades de administraci\u00f3n, contabilidad y soporte inform\u00e1tico y log\u00edstico actuando en calidad de , de responsables del tratamiento y encargados del tratamiento respectivamente;<\/p>\n<p>(ii) a empresas o consultoras encargadas de la instalaci\u00f3n, mantenimiento, actualizaci\u00f3n y, en general, gesti\u00f3n del hardware y software de Arti&amp;Inventive (incluida la Plataforma);<\/p>\n<p>(iii) a empresas designadas por Arti&amp;Inventive para el env\u00edo de comunicaciones online;<\/p>\n<p>(iv) a los responsables de la reparaci\u00f3n de los productos adquiridos cumpliendo con la garant\u00eda legal de conformidad en el caso de que Arti&amp;Inventive act\u00fae como vendedor del producto adquirido;<\/p>\n<p>(v) a todas aquellas entidades p\u00fablicas y\/o privadas, personas f\u00edsicas y\/o jur\u00eddicas (empresas de asesoramiento jur\u00eddico, administrativo y fiscal), si la comunicaci\u00f3n es necesaria o funcional para el correcto cumplimiento de las obligaciones contractuales asumidas en relaci\u00f3n con los servicios proporcionados a trav\u00e9s del Sitio, as\u00ed como las obligaciones derivadas de la ley<\/p>\n<p>(vi) a los transportistas y responsables de la entrega y\/o recogida de los productos adquiridos;<\/p>\n<p>(vii) a todos aquellos sujetos (incluidas las Autoridades P\u00fablicas) que tengan acceso a los datos en virtud de disposiciones reglamentarias o administrativas;<\/p>\n<p>(viii) a sujetos, distintos de los enumerados anteriormente, designados como responsables o encargados del procesamiento de datos personales por el Vendedor, para la ejecuci\u00f3n de actividades relacionadas con la celebraci\u00f3n del contrato de compra en todos los casos en que el usuario compre un producto vendido por un vendedor externo en MarketPlace.<\/p>\n<p>Todos los datos personales proporcionados por los usuarios en relaci\u00f3n con el registro en el Sitio y\/o la compra a trav\u00e9s del Sitio no est\u00e1n sujetos a divulgaci\u00f3n. El listado actualizado de responsables del tratamiento y encargados del tratamiento puede consultarse en la sede de los Responsables del tratamiento.<\/p>\n<p><strong>6. Retenci\u00f3n de datos\u00a0<\/strong><\/p>\n<p>Los datos personales se conservar\u00e1n \u00fanicamente durante el tiempo necesario para garantizar la correcta prestaci\u00f3n de los servicios ofrecidos.<\/p>\n<p>En caso de cierre de la cuenta del Sitio por iniciativa del usuario, los datos contenidos en la misma se conservar\u00e1n con fines administrativos durante un per\u00edodo no superior a un trimestre, sin perjuicio de las obligaciones legales espec\u00edficas en materia de conservaci\u00f3n de la documentaci\u00f3n contable o a efectos de elaboraci\u00f3n de informes. seguridad P\u00fablica.<\/p>\n<p>En todo caso, se entiende que los datos personales ser\u00e1n almacenados y tratados con las finalidades a que se refieren las letras (d) &quot;marketing&quot; y (f) &quot;elaboraci\u00f3n de perfiles&quot;, a que se refiere el punto 2 anterior, durante el plazo permitido por la ley y las disposiciones del Garante de Protecci\u00f3n de Datos Personales. Al finalizar este plazo Arti&amp;Inventive podr\u00e1 solicitar al usuario que renueve su consentimiento para el tratamiento de sus datos con estos fines o que los anonimice y los conserve \u00fanicamente con fines estad\u00edsticos.<\/p>\n<p>Con referencia al procesamiento realizado por cada Tercero Vendedor, tal como se identifica peri\u00f3dicamente en la ficha de presentaci\u00f3n del producto seleccionado por el usuario, en relaci\u00f3n con las actividades descritas en el punto 2 letra (b) \u2013 celebraci\u00f3n del contrato y asistencia posventa \u2013 y (c ) \u2013 actividades administrativo-contables, que precede, se especifica que los datos personales se conservar\u00e1n durante el tiempo establecido por las disposiciones sobre conservaci\u00f3n de la documentaci\u00f3n contractual y contable y, en cualquier caso, durante el tiempo permitido y por motivos de seguridad p\u00fablica.<\/p>\n<p><strong>7. Derecho de acceso a datos personales<\/strong><\/p>\n<p>De conformidad con el art. 7 del C\u00f3digo de Privacidad, el usuario tiene derecho a:<\/p>\n<p>a) obtener confirmaci\u00f3n de la existencia o no de datos personales que le conciernen y su comunicaci\u00f3n en forma inteligible;<\/p>\n<p>b) obtener, de cada uno de los Responsables del tratamiento:<\/p>\n<p>\u2013 informaci\u00f3n sobre el origen de los datos personales, sobre los fines y m\u00e9todos de procesamiento, sobre la l\u00f3gica aplicada en caso de procesamiento realizado con la ayuda de instrumentos electr\u00f3nicos;<\/p>\n<p>\u2013 indicaci\u00f3n de los datos de identificaci\u00f3n de cada uno de los Responsables del tratamiento;<\/p>\n<p>\u2013 indicaciones sobre los sujetos o categor\u00edas de sujetos a quienes los datos pueden ser comunicados o que pueden tener conocimiento de ellos en su calidad de representantes designados en el territorio del Estado, administradores o personas designadas;<\/p>\n<p>c) obtener:<\/p>\n<p>\u2013 la actualizaci\u00f3n, rectificaci\u00f3n o integraci\u00f3n de los datos que le conciernen;<\/p>\n<p>\u2013 la cancelaci\u00f3n, transformaci\u00f3n en forma an\u00f3nima o bloqueo de los datos tratados en violaci\u00f3n de la ley, incluidos aquellos cuya conservaci\u00f3n es necesaria en relaci\u00f3n con los fines para los que fueron recogidos o tratados posteriormente;<\/p>\n<p>\u2013 certificaci\u00f3n de que las operaciones mencionadas en los puntos anteriores han sido puestas en conocimiento de aquellos a quienes los datos han sido comunicados o difundidos, tambi\u00e9n en lo que respecta a su contenido, excepto en el caso en que este cumplimiento resulte imposible o implique el uso de medios manifiestamente desproporcionados con respecto al derecho protegido;<\/p>\n<p>d) oponerse, total o parcialmente:<\/p>\n<p>\u2013 por motivos leg\u00edtimos, al tratamiento de los datos que le conciernen, incluso si son pertinentes para la finalidad de la recogida;<\/p>\n<p>\u2013 al tratamiento de datos personales que le conciernen con fines de informaci\u00f3n comercial o de env\u00edo de material publicitario o de venta directa o para la realizaci\u00f3n de estudios de mercado o de comunicaci\u00f3n comercial.<\/p>\n<p>Los derechos anteriores podr\u00e1n ejercitarse solicit\u00e1ndolo al Responsable del tratamiento, en los datos de contacto indicados en el punto\u00a0<strong>1<\/strong>\u00a0de esta informaci\u00f3n.<\/p>\n<p>Derecho del interesado a oponerse al tratamiento de sus datos personales para las finalidades se\u00f1aladas en el punto 2, letra. (d) (comercializaci\u00f3n) realizada a trav\u00e9s de m\u00e9todos de contacto automatizados (correo electr\u00f3nico) se extiende tambi\u00e9n a los tradicionales (correo postal), sin perjuicio de la posibilidad del interesado de ejercer este derecho en parte, de conformidad con el art. 7, apartado 4, letra. b) del C\u00f3digo de Privacidad, es decir, oponerse, por ejemplo, al env\u00edo exclusivo de comunicaciones promocionales realizado mediante herramientas automatizadas.<\/p>\n<div id=\"sdfootnote1\">\n<p lang=\"en-US\">1 *<span lang=\"it-IT\">\u201ctitular\u201d, la persona f\u00edsica, persona jur\u00eddica, administraci\u00f3n p\u00fablica y cualquier otro organismo, asociaci\u00f3n u organizaci\u00f3n que sea responsable, incluso conjuntamente con otro titular, de las decisiones relativas a los fines, m\u00e9todos de procesamiento de datos personales y las herramientas utilizadas, incluido el perfil de seguridad;<\/span><\/p>\n<\/div>\n<p><span style=\"color: #3c434a; font-family: Consolas, Monaco, monospace; font-size: 13px; font-style: normal; font-variant-ligatures: normal; font-variant-caps: normal; font-weight: 400; letter-spacing: normal; orphans: 2; text-align: start; text-indent: 0px; text-transform: none; widows: 2; word-spacing: 0px; -webkit-text-stroke-width: 0px; white-space: normal; background-color: rgba(0, 0, 0, 0.07); text-decoration-thickness: initial; text-decoration-style: initial; text-decoration-color: initial; display: inline !important; float: none;\">[matomo_opt_out]<\/span><\/p>","protected":false},"excerpt":{"rendered":"<p>Pol\u00edtica de privacidad Informaci\u00f3n conforme al art. 13 del Reglamento (UE) n\u00fam. 679\/2016 (\u201cGDPR\u201d) INTRODUCCI\u00d3N: La siguiente informaci\u00f3n ha sido elaborada de conformidad con el art. 13 del C\u00f3digo de Privacidad, de Arti&amp;Inventive, en relaci\u00f3n con los datos personales proporcionados por los usuarios al acceder y\/o registrarse en el sitio web www.artieinventive.it (\u201cSitio\u201d) o al realizar una compra en [\u2026]<\/p>","protected":false},"author":1,"featured_media":0,"parent":0,"menu_order":0,"comment_status":"closed","ping_status":"closed","template":"","meta":{"footnotes":""},"class_list":["post-1042","page","type-page","status-publish","hentry"],"aioseo_notices":[],"_links":{"self":[{"href":"https:\/\/www.artieinventive.it\/es\/wp-json\/wp\/v2\/pages\/1042","targetHints":{"allow":["GET"]}}],"collection":[{"href":"https:\/\/www.artieinventive.it\/es\/wp-json\/wp\/v2\/pages"}],"about":[{"href":"https:\/\/www.artieinventive.it\/es\/wp-json\/wp\/v2\/types\/page"}],"author":[{"embeddable":true,"href":"https:\/\/www.artieinventive.it\/es\/wp-json\/wp\/v2\/users\/1"}],"replies":[{"embeddable":true,"href":"https:\/\/www.artieinventive.it\/es\/wp-json\/wp\/v2\/comments?post=1042"}],"version-history":[{"count":7,"href":"https:\/\/www.artieinventive.it\/es\/wp-json\/wp\/v2\/pages\/1042\/revisions"}],"predecessor-version":[{"id":50285,"href":"https:\/\/www.artieinventive.it\/es\/wp-json\/wp\/v2\/pages\/1042\/revisions\/50285"}],"wp:attachment":[{"href":"https:\/\/www.artieinventive.it\/es\/wp-json\/wp\/v2\/media?parent=1042"}],"curies":[{"name":"wp","href":"https:\/\/api.w.org\/{rel}","templated":true}]}}