{"id":92,"date":"2015-12-12T19:30:55","date_gmt":"2015-12-12T18:30:55","guid":{"rendered":"http:\/\/artieinventive.it\/?post_type=product&#038;p=92"},"modified":"2022-02-16T01:59:29","modified_gmt":"2022-02-16T00:59:29","slug":"ritratto-3d-personalizzato-in-legno-dipinto-a-mano","status":"publish","type":"product","link":"https:\/\/www.artieinventive.it\/de\/bottega\/shop\/3d-portrats\/individuelles-handbemaltes-3d-portrat-aus-holz\/","title":{"rendered":"Individuelles handbemaltes 3D-Portr\u00e4t aus Holz"},"content":{"rendered":"<p>Verwandeln Sie Ihre Fotos mit unseren individuellen 3D-gepr\u00e4gten Portr\u00e4ts in ein Kunstwerk!<\/p>\n<p>Perfekt f\u00fcr ein originelles Geschenk oder als einzigartige Einrichtungsgegenst\u00e4nde!<\/p>\n<p>Der 3D-Druck von Inventive wird auf edlen Produkten wie Holz hergestellt, um Ihrem Portr\u00e4t einen wertvollen Effekt zu verleihen.<\/p>\n<p>Die personalisierten 3D-Portr\u00e4ts von Inventive werden durch digitale Skulpturen erstellt. So wie Handwerker einst Mei\u00dfel und Hohleisen verwendeten, um das darzustellende Motiv zu modellieren, wurde der Mei\u00dfel heute mit der fortschreitenden Technologie durch eine Maus und einen Monitor ersetzt, aber der Unterschied ist nicht sichtbar Da es sich immer noch um einen manuellen und nicht automatisierten Prozess handelt, k\u00f6nnen wir von einem wahren Kunstwerk sprechen, denn es ist der digitale Bildhauer von Inventive, der entsprechend seiner eigenen k\u00fcnstlerischen Sensibilit\u00e4t die Eigenschaften Ihrer 3D-Skulptur hervorhebt.<\/p>\n<p>Wie Sie auf den Fotos sehen k\u00f6nnen, ist das Endergebnis einzigartig!<\/p>\n<p>Wir haben uns entschieden, die Preise niedrig zu halten, um jedem die Chance zu geben, ein Kunstwerk zu Hause zu besitzen.<\/p>","protected":false},"excerpt":{"rendered":"<p>Verwandeln Sie Ihre Fotos mit unseren individuellen 3D-gepr\u00e4gten Portr\u00e4ts in ein Kunstwerk! Perfekt f\u00fcr ein originelles Geschenk oder als einzigartige Einrichtungsgegenst\u00e4nde! Der 3D-Druck von Inventive wird auf edlen Produkten wie Holz hergestellt, um Ihrem Portr\u00e4t einen wertvollen Effekt zu verleihen. Die personalisierten 3D-Portr\u00e4ts von Inventive werden durch Skulpturen erstellt [\u2026]<\/p>","protected":false},"featured_media":93,"template":"","meta":[],"product_brand":[],"product_cat":[11],"product_tag":[73,74,75,76,77,78,79,80,81,82,83,84,85,86,87,88,89,90,91,92],"class_list":{"0":"post-92","1":"product","2":"type-product","3":"status-publish","4":"has-post-thumbnail","6":"product_cat-ritratti-3d","7":"product_tag-bomboniere-personalizzate","8":"product_tag-cosa-regalare-ad-una-ragazza","9":"product_tag-idea-regalo-originale","10":"product_tag-idee-per-san-valentino","11":"product_tag-idee-regalo","12":"product_tag-idee-regalo-natale","13":"product_tag-idee-regalo-originali","14":"product_tag-idee-regalo-personalizzate","15":"product_tag-regalare-qualcosa-di-speciale","16":"product_tag-regali-con-foto-per-lui","17":"product_tag-regali-per-amiche-speciali","18":"product_tag-regali-personalizzati-e-idee-regalo-personalizzate","19":"product_tag-regali-san-valentino-personalizzati","20":"product_tag-regalo-compleanno-mamma","21":"product_tag-regalo-mamma","22":"product_tag-regalo-originale","23":"product_tag-regalo-per-un-fidanzato","24":"product_tag-regalo-san-valentino-particolari","25":"product_tag-regalo-speciale","26":"product_tag-regalo-unico","28":"first","29":"instock","30":"sale","31":"shipping-taxable","32":"purchasable","33":"product-type-simple"},"aioseo_notices":[],"_links":{"self":[{"href":"https:\/\/www.artieinventive.it\/de\/wp-json\/wp\/v2\/product\/92","targetHints":{"allow":["GET"]}}],"collection":[{"href":"https:\/\/www.artieinventive.it\/de\/wp-json\/wp\/v2\/product"}],"about":[{"href":"https:\/\/www.artieinventive.it\/de\/wp-json\/wp\/v2\/types\/product"}],"wp:featuredmedia":[{"embeddable":true,"href":"https:\/\/www.artieinventive.it\/de\/wp-json\/wp\/v2\/media\/93"}],"wp:attachment":[{"href":"https:\/\/www.artieinventive.it\/de\/wp-json\/wp\/v2\/media?parent=92"}],"wp:term":[{"taxonomy":"product_brand","embeddable":true,"href":"https:\/\/www.artieinventive.it\/de\/wp-json\/wp\/v2\/product_brand?post=92"},{"taxonomy":"product_cat","embeddable":true,"href":"https:\/\/www.artieinventive.it\/de\/wp-json\/wp\/v2\/product_cat?post=92"},{"taxonomy":"product_tag","embeddable":true,"href":"https:\/\/www.artieinventive.it\/de\/wp-json\/wp\/v2\/product_tag?post=92"}],"curies":[{"name":"wp","href":"https:\/\/api.w.org\/{rel}","templated":true}]}}