{"id":6582,"date":"2020-01-22T19:46:45","date_gmt":"2020-01-22T18:46:45","guid":{"rendered":"https:\/\/www.artieinventive.it\/?post_type=product&#038;p=6582"},"modified":"2021-10-31T16:55:51","modified_gmt":"2021-10-31T15:55:51","slug":"stencil-scritta-bucata-in-alluminio-personalizzata","status":"publish","type":"product","link":"https:\/\/www.artieinventive.it\/de\/bottega\/shop\/schilder-2\/personalisierte-perforierte-aluminium-schriftzugschablone\/","title":{"rendered":"Personalisierte perforierte Aluminium-Schriftzugschablone"},"content":{"rendered":"<p>Wenn Sie eines brauchen<strong> individuelle Schablone<\/strong> Langlebig, zum Gravieren von Holz mit dem Dremel, zum Anbringen von Strasssteinen auf Kleidung oder zum Malen mit einer Airbrush oder Spr\u00fchdose, das ist das richtige Produkt f\u00fcr Sie!<\/p>\n<p>Plus das hier <strong>Schablone mit personalisierter perforierter Schrift<\/strong>Es kann auch verwendet werden, um sehr sch\u00f6ne Namensschilder oder Plaketten f\u00fcr den Eingang Ihres Hauses oder jeden anderen Ort zu erstellen.<\/p>\n<p>Sie k\u00f6nnen den Text, die Gr\u00f6\u00dfe, die Aluminiumoberfl\u00e4che und die Dicke individuell anpassen <strong>Schablone mit personalisierter perforierter Schrift.<\/strong><\/p>","protected":false},"excerpt":{"rendered":"<p>Wenn Sie eine langlebige personalisierte Schablone ben\u00f6tigen, die Sie zum Gravieren von Holz mit dem Dremel, zum Anbringen von Strasssteinen auf Kleidung oder zum Malen mit einer Airbrush oder Spr\u00fchdose verwenden k\u00f6nnen, ist dies das richtige Produkt f\u00fcr Sie! Dar\u00fcber hinaus k\u00f6nnen mit dieser Schablone mit personalisierter perforierter Schrift auch sehr [\u2026]<\/p>","protected":false},"featured_media":6583,"template":"","meta":[],"product_brand":[],"product_cat":[1232,24],"product_tag":[1236,1233,1235,1234],"class_list":{"0":"post-6582","1":"product","2":"type-product","3":"status-publish","4":"has-post-thumbnail","6":"product_cat-stencil","7":"product_cat-targhe","8":"product_tag-stencil-in-alluminio","9":"product_tag-stencil-personalizzato","10":"product_tag-targa-bucata-in-alluminio","11":"product_tag-targhetta-bucata-in-alluminio-personalizzata","13":"first","14":"instock","15":"shipping-taxable","16":"purchasable","17":"product-type-simple"},"aioseo_notices":[],"_links":{"self":[{"href":"https:\/\/www.artieinventive.it\/de\/wp-json\/wp\/v2\/product\/6582","targetHints":{"allow":["GET"]}}],"collection":[{"href":"https:\/\/www.artieinventive.it\/de\/wp-json\/wp\/v2\/product"}],"about":[{"href":"https:\/\/www.artieinventive.it\/de\/wp-json\/wp\/v2\/types\/product"}],"wp:featuredmedia":[{"embeddable":true,"href":"https:\/\/www.artieinventive.it\/de\/wp-json\/wp\/v2\/media\/6583"}],"wp:attachment":[{"href":"https:\/\/www.artieinventive.it\/de\/wp-json\/wp\/v2\/media?parent=6582"}],"wp:term":[{"taxonomy":"product_brand","embeddable":true,"href":"https:\/\/www.artieinventive.it\/de\/wp-json\/wp\/v2\/product_brand?post=6582"},{"taxonomy":"product_cat","embeddable":true,"href":"https:\/\/www.artieinventive.it\/de\/wp-json\/wp\/v2\/product_cat?post=6582"},{"taxonomy":"product_tag","embeddable":true,"href":"https:\/\/www.artieinventive.it\/de\/wp-json\/wp\/v2\/product_tag?post=6582"}],"curies":[{"name":"wp","href":"https:\/\/api.w.org\/{rel}","templated":true}]}}