{"id":26736,"date":"2024-01-31T18:00:18","date_gmt":"2024-01-31T17:00:18","guid":{"rendered":"https:\/\/www.artieinventive.it\/?post_type=product&#038;p=26736"},"modified":"2025-03-18T19:18:29","modified_gmt":"2025-03-18T18:18:29","slug":"ruota-panoramica-rotonda-carillon-in-legno-personalizzata","status":"publish","type":"product","link":"https:\/\/www.artieinventive.it\/de\/bottega\/shop\/windspiele-und-musikdosen\/rundes-riesenrad-personalisierte-spieluhr-aus-holz\/","title":{"rendered":"Personalisiertes rundes Spieluhr-Riesenrad aus Holz"},"content":{"rendered":"<div class=\"ica-product-video\">\n<div style=\"width: 400px;\" class=\"wp-video\"><!--[if lt IE 9]><script>document.createElement('video');<\/script><![endif]-->\n<video class=\"wp-video-shortcode\" id=\"video-26736-1\" width=\"400\" height=\"360\" preload=\"metadata\" controls=\"controls\"><source type=\"video\/mp4\" src=\"https:\/\/www.artieinventive.it\/wp-content\/uploads\/2024\/01\/carrilon-ruota-panoramica-rotonda-in-legno-personalizzato.mp4?_=1\" \/><a href=\"https:\/\/www.artieinventive.it\/wp-content\/uploads\/2024\/01\/carrilon-ruota-panoramica-rotonda-in-legno-personalizzato.mp4\">https:\/\/www.artieinventive.it\/wp-content\/uploads\/2024\/01\/carrilon-ruota-panoramica-rotonda-in-legno-personalizzato.mp4<\/a><\/video><\/div>\n<\/div>\n<p>Entdecken Sie mit uns die verzauberte Welt der Nostalgie <strong>Riesenrad-Spieluhr<\/strong> <strong>Kreisel<\/strong> aus Holz, einzigartig und personalisiert. Als Ergebnis handwerklicher Kunst vereint dieses Meisterwerk die Essenz von hochwertigem Buchenholz und verleiht jeder Umgebung einen Hauch von Eleganz und W\u00e4rme.<\/p>\n<p>Mit einem Durchmesser von 11 Zentimetern und einer imposanten H\u00f6he von 18 Zentimetern ist unser <strong>rundes Riesenrad<\/strong>\u00a0Es ist eine Kombination aus raffinierten Details und gro\u00dfz\u00fcgigen Abmessungen. Das klassische Design harmoniert perfekt mit der Robustheit des Holzes und schafft so ein zeitloses Kunstwerk.<\/p>\n<p>Das magische Abenteuer beginnt mit einer leichten Bewegung und erweckt das Zarte zum Leben <strong>Musikbox<\/strong> darin versteckt. Eine einh\u00fcllende Melodie beginnt zu erklingen, und in diesem Fall die S\u00fc\u00dfe des ikonischen \u201e<strong>Romeo und Julia<\/strong>\u201eumh\u00fcllt die Umgebung. Ein besonderes Merkmal ist der seitliche Hebel, der die vollst\u00e4ndige Kontrolle \u00fcber die Melodie bietet und es Ihnen erm\u00f6glicht, sie nach Belieben zu unterbrechen.<\/p>\n<p>Das Personalisierungselement erreicht neue H\u00f6hen mit der M\u00f6glichkeit, eine Seite des Produkts einzigartig zu machen <strong>rundes Riesenrad<\/strong>. W\u00e4hlen Sie zwischen lebendigem, lebendigem UV-Farbdruck oder pr\u00e4ziser Lasergravur und verleihen Sie Ihrem Produkt eine individuelle und bedeutungsvolle Note <strong>Musikbox<\/strong>. Halten Sie besondere Momente, unvergessliche Daten oder pers\u00f6nliche Widmungen fest und schaffen Sie so ein Kunstwerk, das \u00fcber Generationen hinweg weitergegeben werden kann.<\/p>\n<p>Dort <strong>rundes Riesenrad<\/strong> Holz mit <strong>Musikbox<\/strong> Es ist das ideale Geschenk, um besondere Momente wie Jubil\u00e4en, Geburtstage, Valentinstag und andere einzigartige Anl\u00e4sse zu feiern. Elegant und zeitlos bringt es Freude und Wunder in jedes Zuhause. Entdecken Sie den zeitlosen Charme von <strong>rundes Riesenrad<\/strong> aus Holz und verleiht ein St\u00fcck Magie <strong>personalisiert<\/strong> an die, die du liebst.<\/p>","protected":false},"excerpt":{"rendered":"<p>Entdecken Sie die bezaubernde Welt der Nostalgie mit unserer einzigartigen und personalisierten runden Riesenrad-Spieluhr aus Holz. Dieses Meisterwerk ist das Ergebnis meisterhafter Handwerkskunst und vereint die Essenz hochwertigen Buchenholzes und verleiht jedem Raum einen Hauch von Eleganz und W\u00e4rme. Mit einem Durchmesser von 11 Zentimetern und einer imposanten H\u00f6he von 18 Zentimetern [\u2026]<\/p>","protected":false},"featured_media":26738,"template":"","meta":[],"product_brand":[],"product_cat":[124,123,122,14,1426,28,93,27,29,1282,94,95],"product_tag":[1556,1567,1566,1563,1555,1564,1552,1558,1554,1560,1562,1553,1359,1565,1559,1561,1557],"class_list":{"0":"post-26736","1":"product","2":"type-product","3":"status-publish","4":"has-post-thumbnail","6":"product_cat-bomboniere-per-anniversari-e-celebrazioni","7":"product_cat-bomboniere-per-matrimoni","8":"product_cat-bomboniere-per-nascita","9":"product_cat-carillons-e-scatole-musicali","10":"product_cat-giostrine-musicali","11":"product_cat-idee-per-battesimo","12":"product_cat-idee-per-festa-della-mamma","13":"product_cat-idee-per-matrimonio","14":"product_cat-idee-per-nascita","15":"product_cat-idee-per-natale","16":"product_cat-idee-per-san-valentino","17":"product_cat-shop","18":"product_tag-carillon-a-leva-laterale","19":"product_tag-carillon-in-legno-ruota-panoramica","20":"product_tag-carillon-ruota-panoramica-personalizzato","21":"product_tag-decorazione-artigianale","22":"product_tag-dimensioni-11x18-cm","23":"product_tag-elegante-atmosfera-romantica","24":"product_tag-giostra-in-legno","25":"product_tag-incisione-laser","26":"product_tag-legno-di-faggio","27":"product_tag-matrimonio","28":"product_tag-melodia-romeo-e-giulietta","29":"product_tag-merry-go-round","30":"product_tag-natale","31":"product_tag-oggetto-unico","32":"product_tag-regalo-battesimo","33":"product_tag-san-valentino","34":"product_tag-stampa-uv","36":"first","37":"instock","38":"sale","39":"shipping-taxable","40":"purchasable","41":"product-type-simple"},"aioseo_notices":[],"_links":{"self":[{"href":"https:\/\/www.artieinventive.it\/de\/wp-json\/wp\/v2\/product\/26736","targetHints":{"allow":["GET"]}}],"collection":[{"href":"https:\/\/www.artieinventive.it\/de\/wp-json\/wp\/v2\/product"}],"about":[{"href":"https:\/\/www.artieinventive.it\/de\/wp-json\/wp\/v2\/types\/product"}],"wp:featuredmedia":[{"embeddable":true,"href":"https:\/\/www.artieinventive.it\/de\/wp-json\/wp\/v2\/media\/26738"}],"wp:attachment":[{"href":"https:\/\/www.artieinventive.it\/de\/wp-json\/wp\/v2\/media?parent=26736"}],"wp:term":[{"taxonomy":"product_brand","embeddable":true,"href":"https:\/\/www.artieinventive.it\/de\/wp-json\/wp\/v2\/product_brand?post=26736"},{"taxonomy":"product_cat","embeddable":true,"href":"https:\/\/www.artieinventive.it\/de\/wp-json\/wp\/v2\/product_cat?post=26736"},{"taxonomy":"product_tag","embeddable":true,"href":"https:\/\/www.artieinventive.it\/de\/wp-json\/wp\/v2\/product_tag?post=26736"}],"curies":[{"name":"wp","href":"https:\/\/api.w.org\/{rel}","templated":true}]}}