{"id":26341,"date":"2024-01-15T18:40:53","date_gmt":"2024-01-15T17:40:53","guid":{"rendered":"https:\/\/www.artieinventive.it\/?post_type=product&#038;p=26341"},"modified":"2025-11-28T18:25:26","modified_gmt":"2025-11-28T17:25:26","slug":"numero-civico-in-cotto-personalizzato","status":"publish","type":"product","link":"https:\/\/www.artieinventive.it\/de\/bottega\/shop\/hausnummern\/personalisierte-hausnummer-aus-terrakotta\/","title":{"rendered":"Personalisierte Hausnummer aus Terrakotta"},"content":{"rendered":"<p><strong>St\u00e4rken Sie Ihre Identit\u00e4t mit einer personalisierten Terrakotta-Hausnummer: einzigartiger Stil und Design!<\/strong><\/p>\n<p>Bringen Sie mit unserem exklusiven Individualit\u00e4t an Ihre Haust\u00fcr <strong>personalisierte Hausnummer aus Terrakotta<\/strong>.<\/p>\n<h3><strong>Unterscheidungsmerkmale:<\/strong><\/h3>\n<ul>\n<li><strong>Ma\u00dfgeschneiderte Ma\u00dfe:<\/strong> Passen Sie die Gr\u00f6\u00dfe Ihrer Hausnummer perfekt an.<\/li>\n<li><strong>Rahmen in verschiedenen Stilen:<\/strong> W\u00e4hlen Sie aus einer Vielzahl von Rahmen den Stil, der zu Ihnen passt.<\/li>\n<li><strong>Benutzerdefinierte Textschriftart:<\/strong> Schaffen Sie eine einzigartige Atmosph\u00e4re mit ma\u00dfgeschneiderten Schriftarten.<\/li>\n<li><strong>Innen- oder Au\u00dfenfinish:<\/strong> Passen Sie die Oberfl\u00e4che f\u00fcr eine optimale Haltbarkeit an Ihre Umgebung an.<\/li>\n<\/ul>\n<h3><strong>Vorteile unserer personalisierten Terrakotta-Hausnummer:<\/strong><\/h3>\n<ul>\n<li><strong>Einzigartige Exklusivit\u00e4t:<\/strong> Jede Hausnummer ist ein einzigartiges Meisterwerk, ma\u00dfgeschneidert f\u00fcr Sie.<\/li>\n<li><strong>Cotto-Eleganz:<\/strong> Hochwertige Materialien f\u00fcr einen traditionellen und langlebigen Touch.<\/li>\n<li><strong>Vielseitiges Design:<\/strong> Es passt sich perfekt jedem Architekturstil an, von alt bis modern.<\/li>\n<\/ul>\n<p>Betonen Sie Ihre Individualit\u00e4t mit einem Hauch von Personalisierung. Holen Sie sich noch heute Ihr Exemplar <strong>personalisierte Hausnummer aus Terrakotta<\/strong> und machen Sie Ihren Eingang zu einem Kunstwerk!<\/p>","protected":false},"excerpt":{"rendered":"<p>St\u00e4rken Sie Ihre Identit\u00e4t mit einer personalisierten Terrakotta-Hausnummer: einzigartiger Stil und Design! Bringen Sie Individualit\u00e4t an Ihre Haust\u00fcr mit unserer einzigartigen, personalisierten Terrakotta-Hausnummer. Besondere Merkmale: Ma\u00dfgeschneiderte Gr\u00f6\u00dfen: Passt sich perfekt der Gr\u00f6\u00dfe Ihrer Hausnummer an. Rahmen in verschiedenen Stilen: W\u00e4hlen Sie aus einer Vielzahl von Rahmen f\u00fcr [\u2026]<\/p>","protected":false},"featured_media":26352,"template":"","meta":[],"product_brand":[],"product_cat":[1385,95],"product_tag":[1406,1405,1389,1397,1390,1388,1401,1400,1394,1393,1392,1404,1403,1399,1396,1391,1386,1387,1402,1395,1398],"class_list":{"0":"post-26341","1":"product","2":"type-product","3":"status-publish","4":"has-post-thumbnail","6":"product_cat-numeri-civici","7":"product_cat-shop","8":"product_tag-arte-in-cotto-su-misura","9":"product_tag-atmosfera-unica-in-ceramica","10":"product_tag-cifra-civica-in-terracotta","11":"product_tag-cifre-in-ceramica","12":"product_tag-cornici-artigianali-in-cotto","13":"product_tag-design-su-misura-in-cotto","14":"product_tag-eleganza-del-cotto","15":"product_tag-esclusivita-in-cotto","16":"product_tag-finitura-esterna-in-cotto","17":"product_tag-finitura-interna-in-terracotta","18":"product_tag-font-in-cotto","19":"product_tag-individualita-in-cotto","20":"product_tag-materiali-di-qualita-per-numeri-civici","21":"product_tag-modernita-in-terracotta","22":"product_tag-numeri-civici-su-ordinazione","23":"product_tag-numeri-personalizzati","24":"product_tag-numero-civico-in-cotto","25":"product_tag-personalizzazione-in-cotto","26":"product_tag-resistenza-in-terracotta","27":"product_tag-stile-architettonico-in-cotto","28":"product_tag-tradizione-in-cotto","30":"first","31":"instock","32":"shipping-taxable","33":"purchasable","34":"product-type-simple"},"aioseo_notices":[],"_links":{"self":[{"href":"https:\/\/www.artieinventive.it\/de\/wp-json\/wp\/v2\/product\/26341","targetHints":{"allow":["GET"]}}],"collection":[{"href":"https:\/\/www.artieinventive.it\/de\/wp-json\/wp\/v2\/product"}],"about":[{"href":"https:\/\/www.artieinventive.it\/de\/wp-json\/wp\/v2\/types\/product"}],"wp:featuredmedia":[{"embeddable":true,"href":"https:\/\/www.artieinventive.it\/de\/wp-json\/wp\/v2\/media\/26352"}],"wp:attachment":[{"href":"https:\/\/www.artieinventive.it\/de\/wp-json\/wp\/v2\/media?parent=26341"}],"wp:term":[{"taxonomy":"product_brand","embeddable":true,"href":"https:\/\/www.artieinventive.it\/de\/wp-json\/wp\/v2\/product_brand?post=26341"},{"taxonomy":"product_cat","embeddable":true,"href":"https:\/\/www.artieinventive.it\/de\/wp-json\/wp\/v2\/product_cat?post=26341"},{"taxonomy":"product_tag","embeddable":true,"href":"https:\/\/www.artieinventive.it\/de\/wp-json\/wp\/v2\/product_tag?post=26341"}],"curies":[{"name":"wp","href":"https:\/\/api.w.org\/{rel}","templated":true}]}}