{"id":26257,"date":"2024-01-14T18:57:00","date_gmt":"2024-01-14T17:57:00","guid":{"rendered":"https:\/\/www.artieinventive.it\/?post_type=product&#038;p=26257"},"modified":"2024-01-15T17:09:35","modified_gmt":"2024-01-15T16:09:35","slug":"album-in-legno-con-melodia-registrabile-e-stampa-a-colori-personalizzata","status":"publish","type":"product","link":"https:\/\/www.artieinventive.it\/de\/bottega\/shop\/hochzeitsideen\/holzalbum-mit-aufnehmbarer-melodie-und-personalisiertem-farbdruck\/","title":{"rendered":"Holzalbum mit aufnehmbarer Melodie und personalisiertem Farbdruck"},"content":{"rendered":"<p><strong>Entdecken Sie Ihre Kreativit\u00e4t mit den personalisierten Holzalben von Arti&amp;Inventive!<\/strong><\/p>\n<p>Tauchen Sie ein in Eleganz und Originalit\u00e4t mit unserem Au\u00dfergew\u00f6hnlichen <strong>personalisierte Holzalben<\/strong>, inspiriert vom raffinierten Stil von <strong>Kunst und Erfindungsreichtum<\/strong>. Jedes Detail dieser Alben ist darauf ausgelegt, Ihre wertvollsten Erinnerungen auf einzigartige Weise festzuhalten und zu bewahren.<\/p>\n<p>Der <strong>12 mm dicke Birkenholzabdeckungen<\/strong> Sie verleihen einen nat\u00fcrlichen und widerstandsf\u00e4higen Touch, w\u00e4hrend UV-Farbdruck oder Lasergravur eine unvergleichliche visuelle Qualit\u00e4t garantieren. W\u00e4hlen Sie Ihren Favoriten f\u00fcr ein personalisiertes Ergebnis, das Ihren einzigartigen Stil widerspiegelt.<\/p>\n<p>Die Anpassung wird mit der Option zur Auswahl des Buchr\u00fcckens fortgesetzt <strong>Samt oder Kunstleder<\/strong>, bereichert um eins <strong>personalisiertes Schreiben<\/strong> was einen Hauch von Klasse und Individualit\u00e4t verleiht. In jedem Album finden Sie einen tollen Rekorder mit <strong>Lichtsensor<\/strong>, wo Sie bis zu 4 Minuten einer beliebigen Audioquelle aufnehmen k\u00f6nnen; Wenn Sie das Album \u00f6ffnen, beginnt der Ton eine magische Atmosph\u00e4re zu erzeugen, w\u00e4hrend Sie durch die Seiten Ihrer sch\u00f6nsten Erinnerungen bl\u00e4ttern.<\/p>\n<p>Und hier ist noch nicht Schluss! Wir haben einen beigelegt <strong>Spezialplatte<\/strong> Hier k\u00f6nnen Sie eine einzigartige Widmung eingravieren und so Ihr Album zu einem wahren Schatz voller Emotionen machen. W\u00e4hlen zwischen <strong>verschiedene Gr\u00f6\u00dfen verf\u00fcgbar<\/strong> um Ihr Album an die Bed\u00fcrfnisse Ihrer Erinnerungen anzupassen.<\/p>\n<p>Mit den personalisierten Holzalben von Arti&amp;Inventive verwandeln Sie Ihre besonderen Momente in greifbare Kunstwerke, die \u00fcber Generationen hinweg zum St\u00f6bern und Bewundern bereitstehen. Kreieren Sie noch heute Ihr Memoiren-Meisterwerk!<\/p>","protected":false},"excerpt":{"rendered":"<p>Entdecken Sie Ihre Kreativit\u00e4t mit den personalisierten Holzalben von Arti&amp;Inventive! Tauchen Sie ein in Eleganz und Originalit\u00e4t mit unseren au\u00dfergew\u00f6hnlichen personalisierten Holzalben, inspiriert vom raffinierten Stil von Arti&amp;Inventive. Jedes Detail dieser Alben ist darauf ausgelegt, Ihre wertvollsten Erinnerungen auf einzigartige Weise festzuhalten und zu bewahren. Das Birkenholz bedeckt [\u2026]<\/p>","protected":false},"featured_media":26258,"template":"","meta":[],"product_brand":[],"product_cat":[34,28,93,27,29,1282,94,95],"product_tag":[1371,1382,1370,1373,1372,1380,1379,1375,1381,1374,1383,1384,1378,1377,1376],"class_list":{"0":"post-26257","1":"product","2":"type-product","3":"status-publish","4":"has-post-thumbnail","6":"product_cat-album-fotografici","7":"product_cat-idee-per-battesimo","8":"product_cat-idee-per-festa-della-mamma","9":"product_cat-idee-per-matrimonio","10":"product_cat-idee-per-nascita","11":"product_cat-idee-per-natale","12":"product_cat-idee-per-san-valentino","13":"product_cat-shop","14":"product_tag-album-legno-personalizzabile","15":"product_tag-album-memorie-illuminato","16":"product_tag-album-personalizzato-legno","17":"product_tag-betulla-stampata-uv","18":"product_tag-copertina-legno-personale","19":"product_tag-creativita-ricordi-unici","20":"product_tag-dimensioni-varie-album","21":"product_tag-dorso-velvet-personalizzato","22":"product_tag-eleganza-arte-personalizzata","23":"product_tag-incisione-laser-album","24":"product_tag-momenti-speciali-woodcraft","25":"product_tag-opere-darte-tangibili","26":"product_tag-placchetta-incisa-dedica","27":"product_tag-registratore-luminoso-album","28":"product_tag-similpelle-scritta-personale","30":"first","31":"instock","32":"shipping-taxable","33":"purchasable","34":"product-type-simple"},"aioseo_notices":[],"_links":{"self":[{"href":"https:\/\/www.artieinventive.it\/de\/wp-json\/wp\/v2\/product\/26257","targetHints":{"allow":["GET"]}}],"collection":[{"href":"https:\/\/www.artieinventive.it\/de\/wp-json\/wp\/v2\/product"}],"about":[{"href":"https:\/\/www.artieinventive.it\/de\/wp-json\/wp\/v2\/types\/product"}],"wp:featuredmedia":[{"embeddable":true,"href":"https:\/\/www.artieinventive.it\/de\/wp-json\/wp\/v2\/media\/26258"}],"wp:attachment":[{"href":"https:\/\/www.artieinventive.it\/de\/wp-json\/wp\/v2\/media?parent=26257"}],"wp:term":[{"taxonomy":"product_brand","embeddable":true,"href":"https:\/\/www.artieinventive.it\/de\/wp-json\/wp\/v2\/product_brand?post=26257"},{"taxonomy":"product_cat","embeddable":true,"href":"https:\/\/www.artieinventive.it\/de\/wp-json\/wp\/v2\/product_cat?post=26257"},{"taxonomy":"product_tag","embeddable":true,"href":"https:\/\/www.artieinventive.it\/de\/wp-json\/wp\/v2\/product_tag?post=26257"}],"curies":[{"name":"wp","href":"https:\/\/api.w.org\/{rel}","templated":true}]}}