{"id":26164,"date":"2024-01-07T19:54:57","date_gmt":"2024-01-07T18:54:57","guid":{"rendered":"https:\/\/www.artieinventive.it\/?post_type=product&#038;p=26164"},"modified":"2024-01-07T20:10:02","modified_gmt":"2024-01-07T19:10:02","slug":"tagliere-personalizzato-in-legno","status":"publish","type":"product","link":"https:\/\/www.artieinventive.it\/de\/bottega\/shop\/hochzeitsideen\/personalisiertes-holzschneidebrett\/","title":{"rendered":"Personalisiertes Holzschneidebrett"},"content":{"rendered":"<p><strong>Handwerkliche Vielseitigkeit: Personalisiertes Holzschneidebrett von Arti&amp;Inventive<\/strong><\/p>\n<p>Willkommen in der Welt von <strong>Kunst und Erfindungsreichtum<\/strong>, wo unser Engagement f\u00fcr handwerkliches K\u00f6nnen und unsere Leidenschaft f\u00fcr das Kochen zusammenkommen. Entdecken Sie mit uns die Exzellenz im Detail <strong>personalisierte Schneidebretter<\/strong>, mit fachm\u00e4nnischer Handwerkskunst gefertigt und in zwei au\u00dfergew\u00f6hnlichen Materialoptionen erh\u00e4ltlich: Massivholz und mehrschichtiges Sperrholz.<\/p>\n<p>Alles ist gut <strong>einzigartiges Schneidebrett<\/strong> Es ist pr\u00e4zise konzipiert und mit der Handwerkskunst ausgestattet, die unsere Marke auszeichnet. Passen Sie Ihre an <strong>Schneidebrett aus Massivholz<\/strong> f\u00fcr ein klassisches und robustes Gef\u00fchl, oder entscheiden Sie sich f\u00fcr mehrschichtiges Sperrholz f\u00fcr eine vielseitige und praktische L\u00f6sung.<\/p>\n<p>Zur Personalisierung bieten wir zwei hochwertige Drucktechniken an:<\/p>\n<ul>\n<li><strong>Laser-Gravur:<\/strong> F\u00fcgen Sie einen Hauch von Klasse mit detaillierten Gravuren hinzu, ideal f\u00fcr komplizierte Muster, personalisierten Text und dezente Designs. Der dunkle oder gebrannte Effekt verleiht Ihrem Schneidebrett eine handwerkliche und raffinierte Note.<\/li>\n<li><strong>UV-Direktfarbdruck:<\/strong> Entdecken Sie die Lebendigkeit der Farben mit direkten UV-Drucken, die lebendige Details und eine vollst\u00e4ndige Farbskala erm\u00f6glichen. Diese Technik eignet sich ideal f\u00fcr Fotodrucke, vollfarbige Logos und komplizierte Designs und sorgt f\u00fcr ein glattes Aussehen der Schneidebrettoberfl\u00e4che.<\/li>\n<\/ul>\n<p>Unsere Kollektion bietet L\u00f6sungen f\u00fcr jedes kulinarische Bed\u00fcrfnis. Ganz gleich, ob Sie sich f\u00fcr die Pr\u00e4zision der Lasergravur oder die Lebendigkeit des UV-Drucks entscheiden, jedes Schneidebrett ist auf das Maximum ausgelegt <strong>Nachhaltigkeit<\/strong> Und <strong>Eleganz<\/strong>.<\/p>\n<p>G\u00f6nnen Sie sich einen Hauch von <strong>elegante Rustikalit\u00e4t<\/strong> mit unseren minimalistischen und raffinierten Schneidebrettern. Egal, ob Sie leidenschaftlicher Koch oder Liebhaber der Hausmannskost sind, Sie finden f\u00fcr jeden Anlass das perfekte Schneidebrett. Schenken oder g\u00f6nnen Sie sich selbst ein einzigartiges und dekoratives St\u00fcck, verziert mit Gravuren und Details, die es zu etwas Besonderem machen.<\/p>\n<p>Entdecken Sie die Freude am Schneiden, Servieren und Teilen mit Ihren Liebsten <strong>personalisiertes Schneidebrett von Arti&amp;Inventive<\/strong>. Entscheiden Sie sich f\u00fcr Qualit\u00e4t, entscheiden Sie sich f\u00fcr Handwerkskunst, entscheiden Sie sich f\u00fcr Vielseitigkeit.<\/p>\n<p>Entdecken Sie jetzt unsere Kollektion und verleihen Sie Ihrer K\u00fcche einen Hauch von Authentizit\u00e4t!<\/p>","protected":false},"excerpt":{"rendered":"<p>Handwerkliche Vielseitigkeit: Personalisiertes Holzschneidebrett von Arti&amp;Inventive Willkommen in der Welt von Arti&amp;Inventive, in der unser Engagement f\u00fcr Handwerkskunst und unsere Leidenschaft f\u00fcr das Kochen zusammenkommen. Entdecken Sie Exzellenz im Detail mit unseren ma\u00dfgeschneiderten Schneidebrettern, die mit fachm\u00e4nnischer Handwerkskunst gefertigt werden und in zwei atemberaubenden Materialoptionen erh\u00e4ltlich sind: Massivholz und Sperrholz. Jedes einzigartige Schneidebrett [\u2026]<\/p>","protected":false},"featured_media":26171,"template":"","meta":[],"product_brand":[],"product_cat":[93,27,29,1282,1312],"product_tag":[1327,1318,1341,1343,1336,1325,1326,1319,1335,1350,1321,1328,1331,1342,1337,1348,1330,1317,1347,1333,1320,1332,1338,1315,1340,1334,1322,1344,1349,1329,1346,1324,1339,1316,1313,1314,1323,1345],"class_list":{"0":"post-26164","1":"product","2":"type-product","3":"status-publish","4":"has-post-thumbnail","6":"product_cat-idee-per-festa-della-mamma","7":"product_cat-idee-per-matrimonio","8":"product_cat-idee-per-nascita","9":"product_cat-idee-per-natale","10":"product_cat-taglieri","11":"product_tag-accessorio-cucina","12":"product_tag-artigianale","13":"product_tag-barbecue","14":"product_tag-bruschette","15":"product_tag-carne","16":"product_tag-chef","17":"product_tag-cibo","18":"product_tag-cucina","19":"product_tag-decorativo","20":"product_tag-design-ergonomico","21":"product_tag-design-unico","22":"product_tag-eco-friendly","23":"product_tag-famiglia","24":"product_tag-finger-food","25":"product_tag-formaggi","26":"product_tag-grande-dimensione","27":"product_tag-incisione","28":"product_tag-legno","29":"product_tag-legno-massello","30":"product_tag-materiale-naturale","31":"product_tag-nome","32":"product_tag-occasione","33":"product_tag-pane","34":"product_tag-personalizzato","35":"product_tag-pizza","36":"product_tag-raffinato","37":"product_tag-regalo","38":"product_tag-salumi","39":"product_tag-scolpito-a-mano","40":"product_tag-sostenibile","41":"product_tag-stile-minimalista","42":"product_tag-stile-rustico","43":"product_tag-sushi","44":"product_tag-tagliere","45":"product_tag-tagliere-personalizzato","46":"product_tag-tagliere-personalizzato-in-legno","47":"product_tag-utensili-da-cucina","48":"product_tag-vegetariano","50":"first","51":"instock","52":"shipping-taxable","53":"purchasable","54":"product-type-simple"},"aioseo_notices":[],"_links":{"self":[{"href":"https:\/\/www.artieinventive.it\/de\/wp-json\/wp\/v2\/product\/26164","targetHints":{"allow":["GET"]}}],"collection":[{"href":"https:\/\/www.artieinventive.it\/de\/wp-json\/wp\/v2\/product"}],"about":[{"href":"https:\/\/www.artieinventive.it\/de\/wp-json\/wp\/v2\/types\/product"}],"wp:featuredmedia":[{"embeddable":true,"href":"https:\/\/www.artieinventive.it\/de\/wp-json\/wp\/v2\/media\/26171"}],"wp:attachment":[{"href":"https:\/\/www.artieinventive.it\/de\/wp-json\/wp\/v2\/media?parent=26164"}],"wp:term":[{"taxonomy":"product_brand","embeddable":true,"href":"https:\/\/www.artieinventive.it\/de\/wp-json\/wp\/v2\/product_brand?post=26164"},{"taxonomy":"product_cat","embeddable":true,"href":"https:\/\/www.artieinventive.it\/de\/wp-json\/wp\/v2\/product_cat?post=26164"},{"taxonomy":"product_tag","embeddable":true,"href":"https:\/\/www.artieinventive.it\/de\/wp-json\/wp\/v2\/product_tag?post=26164"}],"curies":[{"name":"wp","href":"https:\/\/api.w.org\/{rel}","templated":true}]}}