{"id":1849,"date":"2019-01-21T18:41:56","date_gmt":"2019-01-21T17:41:56","guid":{"rendered":"https:\/\/www.artieinventive.it\/?post_type=product&#038;p=1849"},"modified":"2022-07-18T01:59:55","modified_gmt":"2022-07-17T23:59:55","slug":"logo-ducati-corse-personalizzato-in-alluminio","status":"publish","type":"product","link":"https:\/\/www.artieinventive.it\/de\/bottega\/shop\/individualisierte-texte\/individuelles-ducati-corse-logo-aus-aluminium\/","title":{"rendered":"Ma\u00dfgeschneidertes Ducati Corse-Logo aus Aluminium"},"content":{"rendered":"<p>Der <strong>Individuelles Ducati Corse-Logo aus Aluminium<\/strong>\u00a0Perfekt f\u00fcr Ihr Motorrad.<\/p>\n<p>Ich kaufe dies\u00a0<strong>Individuelles Ducati Corse-Logo aus Aluminium <\/strong>Sie haben die M\u00f6glichkeit, es mit Ihrem Namen, Spitznamen oder einem beliebigen Text zu personalisieren!<\/p>\n<p>Der\u00a0<strong>Individuelles Ducati Corse-Logo aus Aluminium <\/strong>Es eignet sich auch als Gadget f\u00fcr Ducati-Clubs und f\u00fcr die individuelle Serienfertigung.<\/p>\n<p>Das Aluminium, aus dem es hergestellt wurde <strong>Individuelles Ducati Corse-Logo aus Aluminium<\/strong>\u00a0Es ist von h\u00f6chster Qualit\u00e4t, rein bei 99,5%, erh\u00e4ltlich in den St\u00e4rken 3 \u2013 4 \u2013 5 mm, leicht, verschlei\u00df- und korrosionsbest\u00e4ndig.<\/p>\n<p>Wenn Sie ein \u00e4hnliches Logo oder eine andere Marke ben\u00f6tigen, z\u00f6gern Sie nicht, uns zu kontaktieren, wir werden alle Ihre individuellen W\u00fcnsche erf\u00fcllen.<\/p>","protected":false},"excerpt":{"rendered":"<p>Das individuelle Ducati Corse-Logo aus Aluminium, perfekt f\u00fcr Ihr Motorrad. Durch den Kauf dieses personalisierten Ducati Corse-Logos aus Aluminium haben Sie die M\u00f6glichkeit, es mit Ihrem Namen, Spitznamen oder einem beliebigen Text zu personalisieren! Das individualisierte Aluminium-Ducati-Corse-Logo eignet sich auch als Gadget f\u00fcr Ducati-Clubs und f\u00fcr die individuelle Serienfertigung. [\u2026]<\/p>","protected":false},"featured_media":1887,"template":"","meta":[],"product_brand":[],"product_cat":[278,13],"product_tag":[1138,1136,1139,288,291,287,1140,289,1137,1135],"class_list":{"0":"post-1849","1":"product","2":"type-product","3":"status-publish","4":"has-post-thumbnail","6":"product_cat-loghi-e-marchi","7":"product_cat-scritte-personalizzate","8":"product_tag-ducati-corse","9":"product_tag-ducati-nome-personalizzato","10":"product_tag-ducati-personalizzato","11":"product_tag-emblema-ducati","12":"product_tag-emblema-ducati-in-alluminio","13":"product_tag-logo-ducati","14":"product_tag-logo-ducati-personalizzato","15":"product_tag-marchio-ducati","16":"product_tag-marchio-ducati-corse","17":"product_tag-marchio-ducati-personalizzato","19":"first","20":"instock","21":"shipping-taxable","22":"purchasable","23":"product-type-simple"},"aioseo_notices":[],"_links":{"self":[{"href":"https:\/\/www.artieinventive.it\/de\/wp-json\/wp\/v2\/product\/1849","targetHints":{"allow":["GET"]}}],"collection":[{"href":"https:\/\/www.artieinventive.it\/de\/wp-json\/wp\/v2\/product"}],"about":[{"href":"https:\/\/www.artieinventive.it\/de\/wp-json\/wp\/v2\/types\/product"}],"wp:featuredmedia":[{"embeddable":true,"href":"https:\/\/www.artieinventive.it\/de\/wp-json\/wp\/v2\/media\/1887"}],"wp:attachment":[{"href":"https:\/\/www.artieinventive.it\/de\/wp-json\/wp\/v2\/media?parent=1849"}],"wp:term":[{"taxonomy":"product_brand","embeddable":true,"href":"https:\/\/www.artieinventive.it\/de\/wp-json\/wp\/v2\/product_brand?post=1849"},{"taxonomy":"product_cat","embeddable":true,"href":"https:\/\/www.artieinventive.it\/de\/wp-json\/wp\/v2\/product_cat?post=1849"},{"taxonomy":"product_tag","embeddable":true,"href":"https:\/\/www.artieinventive.it\/de\/wp-json\/wp\/v2\/product_tag?post=1849"}],"curies":[{"name":"wp","href":"https:\/\/api.w.org\/{rel}","templated":true}]}}