{"id":1081,"date":"2018-07-02T20:35:34","date_gmt":"2018-07-02T18:35:34","guid":{"rendered":"https:\/\/www.artieinventive.it\/?post_type=product&#038;p=1081"},"modified":"2020-05-13T15:09:36","modified_gmt":"2020-05-13T13:09:36","slug":"logo-ducati-in-alluminio","status":"publish","type":"product","link":"https:\/\/www.artieinventive.it\/de\/bottega\/shop\/logos-und-marken\/ducati-logo-aus-aluminium\/","title":{"rendered":"Aluminium-Ducati-Logo"},"content":{"rendered":"<p>Der <strong>Ducati-Logo aus Aluminium<\/strong> Perfekt f\u00fcr Ihr Motorrad.<\/p>\n<p>Das Aluminium, aus dem es hergestellt wurde <strong>Ducati-Logo<\/strong> Es ist von h\u00f6chster Qualit\u00e4t, rein mit 99,51 TP4T, in verschiedenen St\u00e4rken und Ausf\u00fchrungen erh\u00e4ltlich und verschlei\u00df- und korrosionsbest\u00e4ndig.<\/p>","protected":false},"excerpt":{"rendered":"<p>Das perfekte Ducati-Logo aus Aluminium f\u00fcr Ihr Motorrad. Das zur Herstellung dieses Ducati-Logos verwendete Aluminium ist von h\u00f6chster Qualit\u00e4t, rein mit 99,51 TP4T, in verschiedenen St\u00e4rken und Ausf\u00fchrungen erh\u00e4ltlich und verschlei\u00df- und korrosionsbest\u00e4ndig.<\/p>","protected":false},"featured_media":1082,"template":"","meta":[],"product_brand":[],"product_cat":[278],"product_tag":[288,291,287,290,289,292],"class_list":{"0":"post-1081","1":"product","2":"type-product","3":"status-publish","4":"has-post-thumbnail","6":"product_cat-loghi-e-marchi","7":"product_tag-emblema-ducati","8":"product_tag-emblema-ducati-in-alluminio","9":"product_tag-logo-ducati","10":"product_tag-logo-ducati-in-alluminio","11":"product_tag-marchio-ducati","12":"product_tag-marchio-ducati-in-alluminio","14":"first","15":"instock","16":"shipping-taxable","17":"purchasable","18":"product-type-simple"},"aioseo_notices":[],"_links":{"self":[{"href":"https:\/\/www.artieinventive.it\/de\/wp-json\/wp\/v2\/product\/1081","targetHints":{"allow":["GET"]}}],"collection":[{"href":"https:\/\/www.artieinventive.it\/de\/wp-json\/wp\/v2\/product"}],"about":[{"href":"https:\/\/www.artieinventive.it\/de\/wp-json\/wp\/v2\/types\/product"}],"wp:featuredmedia":[{"embeddable":true,"href":"https:\/\/www.artieinventive.it\/de\/wp-json\/wp\/v2\/media\/1082"}],"wp:attachment":[{"href":"https:\/\/www.artieinventive.it\/de\/wp-json\/wp\/v2\/media?parent=1081"}],"wp:term":[{"taxonomy":"product_brand","embeddable":true,"href":"https:\/\/www.artieinventive.it\/de\/wp-json\/wp\/v2\/product_brand?post=1081"},{"taxonomy":"product_cat","embeddable":true,"href":"https:\/\/www.artieinventive.it\/de\/wp-json\/wp\/v2\/product_cat?post=1081"},{"taxonomy":"product_tag","embeddable":true,"href":"https:\/\/www.artieinventive.it\/de\/wp-json\/wp\/v2\/product_tag?post=1081"}],"curies":[{"name":"wp","href":"https:\/\/api.w.org\/{rel}","templated":true}]}}